{"id":9253,"date":"2017-07-18T10:38:52","date_gmt":"2017-07-18T08:38:52","guid":{"rendered":"http:\/\/klubmamgdynia.pl\/index.php\/produkt\/playmobil-6427-fort\/"},"modified":"2026-04-22T21:53:25","modified_gmt":"2026-04-22T19:53:25","slug":"playmobil-6427-fort","status":"publish","type":"product","link":"http:\/\/klubmamgdynia.pl\/index.php\/produkt\/playmobil-6427-fort\/","title":{"rendered":"Playmobil 6427 Fort"},"content":{"rendered":"<p>PlaymobilWesternDu\u017cy fort na Dzikim ZachodzieNumer zestawu: 6427Wiek: 4+Produkt nowy, w oryginalnym opakowaniu (folia). Edycja specjalna &#8211; model ten nie jest pakowany w karton jak zwyczajne zestawy tylko w foli\u0119.<\/p>\n<h2>Playmobil 6427 Fort Playmobil<\/h2>\n<p>pomys\u0142y na dzie\u0144 dziecka dla nastolatk\u00f3w, opisy o dzieciach, zagadki dla dzieci 10 lat, zagadki halloween dla dzieci, papuga kolorowanka, swinka peppa do czytania, bajka na dobranoc do czytania, kolorowanka kotek, zagadki rymowanki dla dzieci, bombki do kolorowania, bruno, jak narysowa\u0107 \u017cab\u0119, trudne zagadki logiczne z odpowiedziami, cytaty dla nauczycieli, bezwarunkowa mi\u0142o\u015b\u0107 do dziecka cytaty, imi\u0119 iwo, czapka g\u00f3rnika szablon chomikuj, \u015bwinka peppa do czytania, bajka do czytania na dobranoc<\/p>\n<p>yyyyy<\/p>\n<p>&nbsp;<\/p>\n","protected":false},"excerpt":{"rendered":"<p>PlaymobilWesternDu\u017cy fort na Dzikim ZachodzieNumer zestawu: 6427Wiek: 4+Produkt nowy, w oryginalnym opakowaniu (folia). Edycja specjalna &#8211; model ten nie jest pakowany w karton jak zwyczajne zestawy tylko w foli\u0119. Playmobil 6427 Fort Playmobil pomys\u0142y na dzie\u0144 dziecka dla nastolatk\u00f3w, opisy o dzieciach, zagadki dla dzieci 10 lat, zagadki halloween dla dzieci, papuga kolorowanka, swinka peppa [&hellip;]<\/p>\n","protected":false},"featured_media":9254,"comment_status":"closed","ping_status":"open","template":"","meta":[],"product_cat":[113,466],"product_tag":[727,787,783,822,872,623],"class_list":["post-9253","product","type-product","status-publish","has-post-thumbnail","hentry","product_cat-klocki","product_cat-playmobil","product_tag-godlo-polski-do-druku","product_tag-nauka-pisania-wyrazow-dla-dzieci-do-druku-pdf","product_tag-prezenty-na-roczek-dla-chlopca","product_tag-wierszyki-o-wakacjach-krotkie","product_tag-zagadki-dla-dzieci-6-lat","product_tag-zagadki-logiczne-smieszne"],"_links":{"self":[{"href":"http:\/\/klubmamgdynia.pl\/index.php\/wp-json\/wp\/v2\/product\/9253","targetHints":{"allow":["GET"]}}],"collection":[{"href":"http:\/\/klubmamgdynia.pl\/index.php\/wp-json\/wp\/v2\/product"}],"about":[{"href":"http:\/\/klubmamgdynia.pl\/index.php\/wp-json\/wp\/v2\/types\/product"}],"replies":[{"embeddable":true,"href":"http:\/\/klubmamgdynia.pl\/index.php\/wp-json\/wp\/v2\/comments?post=9253"}],"wp:featuredmedia":[{"embeddable":true,"href":"http:\/\/klubmamgdynia.pl\/index.php\/wp-json\/wp\/v2\/media\/9254"}],"wp:attachment":[{"href":"http:\/\/klubmamgdynia.pl\/index.php\/wp-json\/wp\/v2\/media?parent=9253"}],"wp:term":[{"taxonomy":"product_cat","embeddable":true,"href":"http:\/\/klubmamgdynia.pl\/index.php\/wp-json\/wp\/v2\/product_cat?post=9253"},{"taxonomy":"product_tag","embeddable":true,"href":"http:\/\/klubmamgdynia.pl\/index.php\/wp-json\/wp\/v2\/product_tag?post=9253"}],"curies":[{"name":"wp","href":"https:\/\/api.w.org\/{rel}","templated":true}]}}