{"id":9255,"date":"2013-10-22T20:39:50","date_gmt":"2013-10-22T18:39:50","guid":{"rendered":"http:\/\/klubmamgdynia.pl\/index.php\/produkt\/luneta-celownicza-vortex-crossfire-ii-hog-hunter-3-12x56-30-mm-ao-v-brite\/"},"modified":"2026-05-02T18:33:38","modified_gmt":"2026-05-02T16:33:38","slug":"luneta-celownicza-vortex-crossfire-ii-hog-hunter-3-12x56-30-mm-ao-v-brite","status":"publish","type":"product","link":"http:\/\/klubmamgdynia.pl\/index.php\/produkt\/luneta-celownicza-vortex-crossfire-ii-hog-hunter-3-12x56-30-mm-ao-v-brite\/","title":{"rendered":"Luneta Celownicza Vortex Crossfire Ii Hog Hunter 3-12X56 30 Mm Ao V-Brite"},"content":{"rendered":"<p>Luneta Crossfire II Hog Hunter 3-12&#215;56 AO przenosi polowanie w zupe\u0142nie nowy wymiar przyjemno\u015bci. To w\u0142a\u015bnie obiektyw o \u015brednicy 56 mm oraz 30 mm tubus sprawiaj\u0105, \u017ce widzisz znacznie wi\u0119cej w trudnych warunkach o\u015bwietleniowych. Dodatkowym atutem tej lunety jest krzy\u017c typu V-brite z regulowanym nat\u0119\u017ceniem pod\u015bwietlenia, od bardzo delikatnego, po bardzo mocne. To rozwi\u0105zanie daje Ci pe\u0142n\u0105 kontrol\u0119 nad dostosowaniem jasno\u015bci krzy\u017ca do swoich potrzeb i warunk\u00f3w o\u015bwietleniowych w terenie. B\u0105d\u017a pewien, \u017ce Twoje polowanie b\u0119dzie udane \u2013 wybierz Crossfire II Hog Hunter 3-12x56OptykaPow\u0142oki antyrefleksyjne &#8211; doznaj jasnego obrazu, nawet przy du\u017cym zachmurzeniu lub w warunkach zmierzchowych, dzi\u0119ki wielowarstwowym pow\u0142okom antyrefleksyjnymKrzy\u017c na drugim planie &#8211; dok\u0142adnie oszacuj odleg\u0142o\u015b\u0107 od celu, dokonaj precyzyjnej korekty i traf w cel za ka\u017cdym razem dzi\u0119ki siatce krzy\u017ca, kt\u00f3ry nie ulega powi\u0119kszeniu w ca\u0142ym zakresie ogniskowaniaBudowaTubus 30 mm &#8211; ja\u015bniejszy i wytrzymalszy tubus pozwoli ci si\u0119 cieszy\u0107 polowaniem o ka\u017cdej porze dnia i nocyJednocz\u0119\u015bciowy tubus &#8211; bez wzgl\u0119du na to, w jakich warunkach polujesz, twoja luneta wytrzyma deszcz, \u015bnieg i b\u0142oto zachowuj\u0105c czysty i wyrazisty obraz dzi\u0119ki precyzyjnie wykonanej optyceAluminium lotnicze &#8211; technologia stosowana w lotnictwie sprawia, \u017ce Twoja luneta jest lekka i bardzo wytrzyma\u0142a na wstrz\u0105sy i wszelkiego rodzaju uszkodzeniaWodoodporno\u015b\u0107 \u2013 poluj nawet w strugach deszczu lub podczas burzy piaskowej. Uszczelki skutecznie zapobiegaj\u0105 przenikaniu wilgoci, kurzu i py\u0142u, gwarantuj\u0105c niezawodno\u015b\u0107 w naprawd\u0119 trudnych warunkachOdporno\u015b\u0107 na roszenie &#8211; zdarzy\u0142o ci si\u0119, \u017ce zaparowane od \u015brodka soczewki obiektywu ca\u0142kowicie uniemo\u017cliwi\u0142y celowanie? Teraz, dzi\u0119ki wype\u0142nieniu azotem, unikniesz sytuacji, w kt\u00f3rej soczewki zachodz\u0105 par\u0105 pod wp\u0142ywem r\u00f3\u017cnicy temperatur Odporno\u015b\u0107 na uderzenia &#8211; Gumowana konstrukcja jest odporna na odrzut i uderzenie.Anodyzowana pow\u0142oka &#8211; jeszcze wi\u0119ksza odporno\u015b\u0107 w Twojej lunecie dzi\u0119ki anodyzowanej pow\u0142oce. Pow\u0142oka ta na d\u0142ugie lata zabezpieczy twoj\u0105 lunet\u0119 przed zarysowaniami i korozj\u0105. Uzyskany dzi\u0119ki anodyzowaniu kolor u\u0142atwi ci zakamuflowanie swojej pozycji strzeleckiej.Nakryte wie\u017cyczki z zerowaniem ustawie\u0144 \u2013 powr\u00f3t do pierwotnej pozycji wie\u017cyczek nigdy wcze\u015bniej nie by\u0142 tak prosty i szybki. Dodatkowo nakrycie wie\u017cyczek zabezpiecza je przed z\u0142\u0105 pogod\u0105, py\u0142em i w rezultacie uszkodzeniem.Regulacja paralaksy \u2013 jednym ruchem palca wyeliminuj ca\u0142kowicie b\u0142\u0105d paralaksy. Miej pewno\u015b\u0107, \u017ce tw\u00f3j strza\u0142 za ka\u017cdym razem oka\u017ce si\u0119 celnyUdogodnieniaSzybkie przybli\u017cenie okularu &#8211; Pozwala na szybkie i \u0142atwe przybli\u017cenie krzy\u017ca.OptykaPow\u0142oki antyrefleksyjne &#8211; doznaj jasnego obrazu, nawet przy du\u017cym zachmurzeniu lub w warunkach zmierzchowych, dzi\u0119ki wielowarstwowym pow\u0142okom antyrefleksyjnym Krzy\u017c na drugim planie &#8211; dok\u0142adnie oszacuj odleg\u0142o\u015b\u0107 od celu, dokonaj precyzyjnej korekty i traf w cel za ka\u017cdym razem dzi\u0119ki siatce krzy\u017ca, kt\u00f3ry nie ulega powi\u0119kszeniu w ca\u0142ym zakresie ogniskowaniaBudowatubus 30 mm &#8211; ja\u015bniejszy i wytrzymalszy tubus pozwoli ci si\u0119 cieszy\u0107 polowaniem o ka\u017cdej porze dnia i nocy jednocz\u0119\u015bciowy tubus &#8211; bez wzgl\u0119du na to, w jakich warunkach polujesz, Twoja luneta wytrzyma deszcz, \u015bnieg i b\u0142oto zachowuj\u0105c czysty i wyrazisty obraz dzi\u0119ki precyzyjnie wykonanej optycealuminium lotnicze &#8211; technologia stosowana w lotnictwie sprawia, \u017ce Twoja luneta jest lekka i bardzo wytrzyma\u0142a na wstrz\u0105sy i wszelkiego rodzaju uszkodzenia wodoodporno\u015b\u0107 &#8211; poluj nawet w strugach deszczu lub podczas burzy piaskowej. Uszczelki skutecznie zapobiegaj\u0105 przenikaniu wilgoci, kurzu i py\u0142u, gwarantuj\u0105c niezawodno\u015b\u0107 w naprawd\u0119 trudnych warunkach odporno\u015b\u0107 na roszenie &#8211; zdarzy\u0142o ci si\u0119, \u017ce zaparowane od \u015brodka soczewki obiektywu ca\u0142kowicie uniemo\u017cliwi\u0142y celowanie? Teraz, dzi\u0119ki wype\u0142nieniu azotem, unikniesz sytuacji, w kt\u00f3rej soczewki zachodz\u0105 par\u0105 pod wp\u0142ywem r\u00f3\u017cnicy temperatur anodyzowana pow\u0142oka &#8211; jeszcze wi\u0119ksza odporno\u015b\u0107 w Twojej lunecie dzi\u0119ki anodyzowanej pow\u0142oce. Pow\u0142oka ta na d\u0142ugie lata zabezpieczy twoj\u0105 lunet\u0119 przed zarysowaniami i korozj\u0105. Uzyskany dzi\u0119ki anodyzowaniu kolor u\u0142atwi ci zakamuflowanie swojej pozycji strzeleckiejnakryte wie\u017cyczki z zerowaniem ustawie\u0144 \u2013 powr\u00f3t do pierwotnej pozycji wie\u017cyczek nigdy wcze\u015bniej nie by\u0142 tak prosty i szybki. Dodatkowo nakrycie wie\u017cyczek zabezpiecza je przed z\u0142\u0105 pogod\u0105, py\u0142em i w rezultacie uszkodzeniemregulacja paralaksy &#8211; jednym ruchem palca ca\u0142kowicie wyeliminuj b\u0142\u0105d paralaksy. Miej pewno\u015b\u0107, \u017ce Tw\u00f3j strza\u0142 za ka\u017cdym razem oka\u017ce si\u0119 celnyUdogodnieniaszybkie ostrzenie obrazu &#8211; doce\u0144 wygod\u0119 pier\u015bcienia szybkiego wyostrzenia obrazu. Spraw by to, co widzisz by\u0142o wyra\u017anie w najmniejszym detaluDane techniczne:Powi\u0119kszenie 3-12x\u015arednica soczewki obiektywu 56 mmOdleg\u0142o\u015b\u0107 od oka 8,89 cmPole widzenia 11,1 &#8211; 2,8 m\/91,4 mRozmiar tuby 30 mmWie\u017cyczka zamkni\u0119taRegulacja Stopniowa 1\/4 MOAMax. regulacja wysoko\u015bci 60 MOAMax. regulacja nawiewu 60 MOAD\u0142ugo\u015b\u0107 36,3 cmWaga 598 gDo\u017cywotnia gwarancja* &#8211; je\u015bli cokolwiek stanie si\u0119 z Twoj\u0105 lunet\u0105 &#8211; firma Vortex naprawi j\u0105 lub wymieni na zupe\u0142nie now\u0105.* Gwarancja nie obejmuje zgubienia, kradzie\u017cy, lub celowego zniszczenia lunety. Zawarto\u015b\u0107 zestawu:celownikos\u0142ony okularu i obiektywuszmatka do czyszczenia optykidokumentacja<\/p>\n<h2>Luneta Celownicza Vortex Crossfire Ii Hog Hunter 3-12X56 30 Mm Ao V-Brite Vortex<\/h2>\n<p>test z lektury miko\u0142ajek do druku, kolorowanka do malowania farbami, liwia, cytaty przyja\u017a\u0144, lidia imie, bajka do czytania na dobranoc, miastodzieci, quiz flagi, \u0142amig\u0142\u00f3wki dla dzieci, melania imi\u0119, szablony do wyklejania plastelin\u0105, kolorowe listki tekst, zagadki na dzie\u0144 przedszkolaka<\/p>\n<p>yyyyy<\/p>\n<p>&nbsp;<\/p>\n","protected":false},"excerpt":{"rendered":"<p>Luneta Crossfire II Hog Hunter 3-12&#215;56 AO przenosi polowanie w zupe\u0142nie nowy wymiar przyjemno\u015bci. To w\u0142a\u015bnie obiektyw o \u015brednicy 56 mm oraz 30 mm tubus sprawiaj\u0105, \u017ce widzisz znacznie wi\u0119cej w trudnych warunkach o\u015bwietleniowych. Dodatkowym atutem tej lunety jest krzy\u017c typu V-brite z regulowanym nat\u0119\u017ceniem pod\u015bwietlenia, od bardzo delikatnego, po bardzo mocne. To rozwi\u0105zanie daje [&hellip;]<\/p>\n","protected":false},"featured_media":9256,"comment_status":"closed","ping_status":"open","template":"","meta":[],"product_cat":[1806,1805],"product_tag":[854,856,788,577],"class_list":["post-9255","product","type-product","status-publish","has-post-thumbnail","hentry","product_cat-lunety-i-celowniki","product_cat-vortex","product_tag-cytaty-rodzina","product_tag-prezent-dla-16-latki","product_tag-zagadki-krotkie","product_tag-znaki-drogowe-test"],"_links":{"self":[{"href":"http:\/\/klubmamgdynia.pl\/index.php\/wp-json\/wp\/v2\/product\/9255","targetHints":{"allow":["GET"]}}],"collection":[{"href":"http:\/\/klubmamgdynia.pl\/index.php\/wp-json\/wp\/v2\/product"}],"about":[{"href":"http:\/\/klubmamgdynia.pl\/index.php\/wp-json\/wp\/v2\/types\/product"}],"replies":[{"embeddable":true,"href":"http:\/\/klubmamgdynia.pl\/index.php\/wp-json\/wp\/v2\/comments?post=9255"}],"wp:featuredmedia":[{"embeddable":true,"href":"http:\/\/klubmamgdynia.pl\/index.php\/wp-json\/wp\/v2\/media\/9256"}],"wp:attachment":[{"href":"http:\/\/klubmamgdynia.pl\/index.php\/wp-json\/wp\/v2\/media?parent=9255"}],"wp:term":[{"taxonomy":"product_cat","embeddable":true,"href":"http:\/\/klubmamgdynia.pl\/index.php\/wp-json\/wp\/v2\/product_cat?post=9255"},{"taxonomy":"product_tag","embeddable":true,"href":"http:\/\/klubmamgdynia.pl\/index.php\/wp-json\/wp\/v2\/product_tag?post=9255"}],"curies":[{"name":"wp","href":"https:\/\/api.w.org\/{rel}","templated":true}]}}