{"id":9257,"date":"2022-06-28T15:29:37","date_gmt":"2022-06-28T13:29:37","guid":{"rendered":"http:\/\/klubmamgdynia.pl\/index.php\/produkt\/crunchimals-miekka-maskotka-do-zgniatania-jednorozec-23cm\/"},"modified":"2026-04-29T09:49:18","modified_gmt":"2026-04-29T07:49:18","slug":"crunchimals-miekka-maskotka-do-zgniatania-jednorozec-23cm","status":"publish","type":"product","link":"http:\/\/klubmamgdynia.pl\/index.php\/produkt\/crunchimals-miekka-maskotka-do-zgniatania-jednorozec-23cm\/","title":{"rendered":"Crunchimals Mi\u0119kka Maskotka Do Zgniatania Jednoro\u017cec 23Cm"},"content":{"rendered":"<p>Crunchimals s\u0105 urocze, przytulne i co najwa\u017cniejsze&#8230; chrupi\u0105ce! Zgnie\u0107 maskotk\u0119 crunchimals, a wyda ona zabawny d\u017awi\u0119k &#8211; chrupot. Po zgnieceniu, maskotka wr\u00f3ci do swojego pierwotnego wygl\u0105du.Maskotki s\u0105 super mi\u0119kkie, mo\u017cna nimi rzuca\u0107, zgniata\u0107 je!Najwa\u017cniejsze cechy:seria &#8222;Crunchimals&#8221;,wysoko\u015b\u0107 maskotki to ok. 23 cm,maskotka przy zgniataniu wydaje szeleszcz\u0105cy d\u017awi\u0119k,przyjemna dla oka kolorystyka,mi\u0119kki w dotyku materia\u0142,mo\u017cliwo\u015b\u0107 zebrania ca\u0142ej kolekcji,zabawka przeznaczona dla dzieci od pierwszych dni \u017cycia.<\/p>\n<h2>Crunchimals Mi\u0119kka Maskotka Do Zgniatania Jednoro\u017cec 23Cm <\/h2>\n<p>jedzie poci\u0105g z daleka tekst, el\u017cbieta imie, zabawy dla 7 latki, zabawka na roczek dla dziewczynki, wiersz o marzannie, pole dyniowe pozna\u0144, iwo imie, znaczenie imienia alan, lektura asiunia &#8211; test, zagadki podchwytliwe<\/p>\n<p>yyyyy<\/p>\n<p>&nbsp;<\/p>\n","protected":false},"excerpt":{"rendered":"<p>Crunchimals s\u0105 urocze, przytulne i co najwa\u017cniejsze&#8230; chrupi\u0105ce! Zgnie\u0107 maskotk\u0119 crunchimals, a wyda ona zabawny d\u017awi\u0119k &#8211; chrupot. Po zgnieceniu, maskotka wr\u00f3ci do swojego pierwotnego wygl\u0105du.Maskotki s\u0105 super mi\u0119kkie, mo\u017cna nimi rzuca\u0107, zgniata\u0107 je!Najwa\u017cniejsze cechy:seria &#8222;Crunchimals&#8221;,wysoko\u015b\u0107 maskotki to ok. 23 cm,maskotka przy zgniataniu wydaje szeleszcz\u0105cy d\u017awi\u0119k,przyjemna dla oka kolorystyka,mi\u0119kki w dotyku materia\u0142,mo\u017cliwo\u015b\u0107 zebrania ca\u0142ej kolekcji,zabawka [&hellip;]<\/p>\n","protected":false},"featured_media":9258,"comment_status":"closed","ping_status":"open","template":"","meta":[],"product_cat":[42],"product_tag":[723,739,601,849,694,756,820],"class_list":["post-9257","product","type-product","status-publish","has-post-thumbnail","hentry","product_cat-maskotki","product_tag-krotkie-bajki-do-czytania-na-dobranoc","product_tag-prima-aprilis-w-szkole","product_tag-zagadki-co-to-jest","product_tag-zagadki-matematyczne-dla-dzieci","product_tag-zagadki-swiateczne-dla-dzieci","product_tag-zaproszenie-na-urodziny-do-druku","product_tag-ziemia-wyspa-zielona-tekst"],"_links":{"self":[{"href":"http:\/\/klubmamgdynia.pl\/index.php\/wp-json\/wp\/v2\/product\/9257","targetHints":{"allow":["GET"]}}],"collection":[{"href":"http:\/\/klubmamgdynia.pl\/index.php\/wp-json\/wp\/v2\/product"}],"about":[{"href":"http:\/\/klubmamgdynia.pl\/index.php\/wp-json\/wp\/v2\/types\/product"}],"replies":[{"embeddable":true,"href":"http:\/\/klubmamgdynia.pl\/index.php\/wp-json\/wp\/v2\/comments?post=9257"}],"wp:featuredmedia":[{"embeddable":true,"href":"http:\/\/klubmamgdynia.pl\/index.php\/wp-json\/wp\/v2\/media\/9258"}],"wp:attachment":[{"href":"http:\/\/klubmamgdynia.pl\/index.php\/wp-json\/wp\/v2\/media?parent=9257"}],"wp:term":[{"taxonomy":"product_cat","embeddable":true,"href":"http:\/\/klubmamgdynia.pl\/index.php\/wp-json\/wp\/v2\/product_cat?post=9257"},{"taxonomy":"product_tag","embeddable":true,"href":"http:\/\/klubmamgdynia.pl\/index.php\/wp-json\/wp\/v2\/product_tag?post=9257"}],"curies":[{"name":"wp","href":"https:\/\/api.w.org\/{rel}","templated":true}]}}