{"id":926,"date":"2015-09-16T02:27:59","date_gmt":"2015-09-16T00:27:59","guid":{"rendered":"http:\/\/klubmamgdynia.pl\/index.php\/produkt\/boo-duze-karty-do-gry-w-rozmiarze-11x17cm-talia-r26422\/"},"modified":"2026-05-17T22:46:33","modified_gmt":"2026-05-17T20:46:33","slug":"boo-duze-karty-do-gry-w-rozmiarze-11x17cm-talia-r26422","status":"publish","type":"product","link":"http:\/\/klubmamgdynia.pl\/index.php\/produkt\/boo-duze-karty-do-gry-w-rozmiarze-11x17cm-talia-r26422\/","title":{"rendered":"Boo Du\u017ce Karty Do Gry W Rozmiarze 11X17Cm Talia (R26422)"},"content":{"rendered":"<p>Du\u017ce Karty do gry w rozmiarze 11x17cm<\/p>\n<h2>Boo Du\u017ce Karty Do Gry W Rozmiarze 11X17Cm Talia (R26422) <\/h2>\n<p>cukierku ty \u0142obuzie test, kolorowanka dla dzieci, bajki dla chlopcow, jakie prezenty na roczek, swinka peppa obrazek, prezent dla jedenastolatka<\/p>\n<p>yyyyy<\/p>\n<p>&nbsp;<\/p>\n","protected":false},"excerpt":{"rendered":"<p>Du\u017ce Karty do gry w rozmiarze 11x17cm Boo Du\u017ce Karty Do Gry W Rozmiarze 11X17Cm Talia (R26422) cukierku ty \u0142obuzie test, kolorowanka dla dzieci, bajki dla chlopcow, jakie prezenty na roczek, swinka peppa obrazek, prezent dla jedenastolatka yyyyy &nbsp;<\/p>\n","protected":false},"featured_media":927,"comment_status":"closed","ping_status":"open","template":"","meta":[],"product_cat":[295],"product_tag":[871,789,688,587,604],"class_list":["post-926","product","type-product","status-publish","has-post-thumbnail","hentry","product_cat-pozostale-zabawki","product_tag-bajka-o-smoku-wawelskim","product_tag-kaczuszka","product_tag-kolysanki-tekst","product_tag-skalne-miasto","product_tag-zagadki-trudne"],"_links":{"self":[{"href":"http:\/\/klubmamgdynia.pl\/index.php\/wp-json\/wp\/v2\/product\/926","targetHints":{"allow":["GET"]}}],"collection":[{"href":"http:\/\/klubmamgdynia.pl\/index.php\/wp-json\/wp\/v2\/product"}],"about":[{"href":"http:\/\/klubmamgdynia.pl\/index.php\/wp-json\/wp\/v2\/types\/product"}],"replies":[{"embeddable":true,"href":"http:\/\/klubmamgdynia.pl\/index.php\/wp-json\/wp\/v2\/comments?post=926"}],"wp:featuredmedia":[{"embeddable":true,"href":"http:\/\/klubmamgdynia.pl\/index.php\/wp-json\/wp\/v2\/media\/927"}],"wp:attachment":[{"href":"http:\/\/klubmamgdynia.pl\/index.php\/wp-json\/wp\/v2\/media?parent=926"}],"wp:term":[{"taxonomy":"product_cat","embeddable":true,"href":"http:\/\/klubmamgdynia.pl\/index.php\/wp-json\/wp\/v2\/product_cat?post=926"},{"taxonomy":"product_tag","embeddable":true,"href":"http:\/\/klubmamgdynia.pl\/index.php\/wp-json\/wp\/v2\/product_tag?post=926"}],"curies":[{"name":"wp","href":"https:\/\/api.w.org\/{rel}","templated":true}]}}