{"id":9261,"date":"2025-03-17T14:53:24","date_gmt":"2025-03-17T13:53:24","guid":{"rendered":"http:\/\/klubmamgdynia.pl\/?post_type=product&#038;p=9261"},"modified":"2026-05-01T17:57:06","modified_gmt":"2026-05-01T15:57:06","slug":"lampka-nocna-3d-led-quot-fc-barcelona-hologram-pilot","status":"publish","type":"product","link":"http:\/\/klubmamgdynia.pl\/index.php\/produkt\/lampka-nocna-3d-led-quot-fc-barcelona-hologram-pilot\/","title":{"rendered":"Lampka Nocna 3D Led &amp;Quot Fc Barcelona Hologram + Pilot"},"content":{"rendered":"<h2>Lampka Nocna 3D Led &amp;Quot Fc Barcelona Hologram + Pilot Oem<\/h2>\n<p>kolorowanka lato, my little pony kolorowanki celestia, anio\u0142ki do druku, janusz, prezenty na roczek, cytat z kubusia puchatka o mi\u0142o\u015bci, traktor do druku, testy z lektury opowie\u015bci z narnii lew czarownica i stara szafa, znaczenie imiona monika, wierszyki na \u015bmigus dyngus, bajki o ksi\u0119\u017cniczkach do czytania, kolorowanka lego, laura, audiobook dla dzieci za darmo<\/p>\n<p>yyyyy<\/p>\n<p>&nbsp;<\/p>\n","protected":false},"excerpt":{"rendered":"<p>Lampka Nocna 3D Led &amp;Quot Fc Barcelona Hologram + Pilot Oem kolorowanka lato, my little pony kolorowanki celestia, anio\u0142ki do druku, janusz, prezenty na roczek, cytat z kubusia puchatka o mi\u0142o\u015bci, traktor do druku, testy z lektury opowie\u015bci z narnii lew czarownica i stara szafa, znaczenie imiona monika, wierszyki na \u015bmigus dyngus, bajki o ksi\u0119\u017cniczkach [&hellip;]<\/p>\n","protected":false},"featured_media":9262,"comment_status":"closed","ping_status":"open","template":"","meta":[],"product_cat":[138,1807],"product_tag":[702,851,798,757,809,592,779],"class_list":["post-9261","product","type-product","status-publish","has-post-thumbnail","hentry","product_cat-lampki-dzieciece","product_cat-oem","product_tag-co-kupic-na-roczek-dla-dziewczynki","product_tag-jak-narysowac-kota","product_tag-prezenty-dla-nastolatki","product_tag-test-z-lektury-ania-z-zielonego-wzgorza-klasa-6-z-odpowiedziami","product_tag-zagadki","product_tag-zagadki-dla-dzieci","product_tag-zarty-na-prima-aprilis-w-domu"],"_links":{"self":[{"href":"http:\/\/klubmamgdynia.pl\/index.php\/wp-json\/wp\/v2\/product\/9261","targetHints":{"allow":["GET"]}}],"collection":[{"href":"http:\/\/klubmamgdynia.pl\/index.php\/wp-json\/wp\/v2\/product"}],"about":[{"href":"http:\/\/klubmamgdynia.pl\/index.php\/wp-json\/wp\/v2\/types\/product"}],"replies":[{"embeddable":true,"href":"http:\/\/klubmamgdynia.pl\/index.php\/wp-json\/wp\/v2\/comments?post=9261"}],"wp:featuredmedia":[{"embeddable":true,"href":"http:\/\/klubmamgdynia.pl\/index.php\/wp-json\/wp\/v2\/media\/9262"}],"wp:attachment":[{"href":"http:\/\/klubmamgdynia.pl\/index.php\/wp-json\/wp\/v2\/media?parent=9261"}],"wp:term":[{"taxonomy":"product_cat","embeddable":true,"href":"http:\/\/klubmamgdynia.pl\/index.php\/wp-json\/wp\/v2\/product_cat?post=9261"},{"taxonomy":"product_tag","embeddable":true,"href":"http:\/\/klubmamgdynia.pl\/index.php\/wp-json\/wp\/v2\/product_tag?post=9261"}],"curies":[{"name":"wp","href":"https:\/\/api.w.org\/{rel}","templated":true}]}}