{"id":9263,"date":"2012-05-25T03:11:32","date_gmt":"2012-05-25T01:11:32","guid":{"rendered":"http:\/\/klubmamgdynia.pl\/index.php\/produkt\/foxgames-narabi\/"},"modified":"2026-04-07T10:29:57","modified_gmt":"2026-04-07T08:29:57","slug":"foxgames-narabi","status":"publish","type":"product","link":"http:\/\/klubmamgdynia.pl\/index.php\/produkt\/foxgames-narabi\/","title":{"rendered":"FoxGames Narabi"},"content":{"rendered":"<p>Gra NarabiNarabito prosta gra karciana, kt\u00f3ra wci\u0105gnie was ju\u017c od pierwszej partii! Na stole le\u017c\u0105 u\u0142o\u017cone w okr\u0105g karty z kamieniami, kt\u00f3re maj\u0105 numery od 0 do 9. W swoim ruchu gracz wybiera jedn\u0105 ze swoich kart i stosuj\u0105c si\u0119 do akcji podanej na rewersie, zamienia j\u0105 z kart\u0105 innego gracza. Wszyscy wykonuj\u0105 swoje ruchy do momentu, a\u017c liczby zostan\u0105 u\u0142o\u017cone w kolejno\u015bci od najmniejszej do najwi\u0119kszej.Dotrzyjcie do wsp\u00f3lnego celu w jak najmniejszej liczbie ruch\u00f3w. Aby odnie\u015b\u0107 sukces, musicie po\u0142\u0105czy\u0107 swoje si\u0142y, bo w tej grze liczy si\u0119 praca zespo\u0142owa, pami\u0119\u0107 oraz taktyka!Informacje o produkcieNr katalogowy68654Marka BrakP\u0142e\u0107 Ch\u0142opcyRodzaj Gry karcianeMin. liczba graczy 3Max. liczba graczy 5Czas gry 15 minWersja j\u0119zykowa PolskaWymagania wiekowe od 10 latProdukt na baterie NieBaterie w zestawie NieZasilanie Nie dotyczy<\/p>\n<h2>FoxGames Narabi Foxgames<\/h2>\n<p>prezenty na roczek dla dziewczynki, quiz flagi europy, opisy do zdj\u0119\u0107 z dzieckiem, laurka dla mamy rysunek, kolorowanki disney, bajki terapeutyczne o emocjach, zagadki co to jest, bombki do kolorowania, film rodzinny o \u015bwi\u0119tach<\/p>\n<p>yyyyy<\/p>\n<p>&nbsp;<\/p>\n","protected":false},"excerpt":{"rendered":"<p>Gra NarabiNarabito prosta gra karciana, kt\u00f3ra wci\u0105gnie was ju\u017c od pierwszej partii! Na stole le\u017c\u0105 u\u0142o\u017cone w okr\u0105g karty z kamieniami, kt\u00f3re maj\u0105 numery od 0 do 9. W swoim ruchu gracz wybiera jedn\u0105 ze swoich kart i stosuj\u0105c si\u0119 do akcji podanej na rewersie, zamienia j\u0105 z kart\u0105 innego gracza. Wszyscy wykonuj\u0105 swoje ruchy [&hellip;]<\/p>\n","protected":false},"featured_media":9264,"comment_status":"closed","ping_status":"open","template":"","meta":[],"product_cat":[1089,220],"product_tag":[825,612,841,872],"class_list":["post-9263","product","type-product","status-publish","has-post-thumbnail","hentry","product_cat-foxgames","product_cat-gry-karciane","product_tag-bajka-na-dobranoc-do-czytania","product_tag-kolorowanki-do-druku","product_tag-quiz-o-flagach","product_tag-zagadki-dla-dzieci-6-lat"],"_links":{"self":[{"href":"http:\/\/klubmamgdynia.pl\/index.php\/wp-json\/wp\/v2\/product\/9263","targetHints":{"allow":["GET"]}}],"collection":[{"href":"http:\/\/klubmamgdynia.pl\/index.php\/wp-json\/wp\/v2\/product"}],"about":[{"href":"http:\/\/klubmamgdynia.pl\/index.php\/wp-json\/wp\/v2\/types\/product"}],"replies":[{"embeddable":true,"href":"http:\/\/klubmamgdynia.pl\/index.php\/wp-json\/wp\/v2\/comments?post=9263"}],"wp:featuredmedia":[{"embeddable":true,"href":"http:\/\/klubmamgdynia.pl\/index.php\/wp-json\/wp\/v2\/media\/9264"}],"wp:attachment":[{"href":"http:\/\/klubmamgdynia.pl\/index.php\/wp-json\/wp\/v2\/media?parent=9263"}],"wp:term":[{"taxonomy":"product_cat","embeddable":true,"href":"http:\/\/klubmamgdynia.pl\/index.php\/wp-json\/wp\/v2\/product_cat?post=9263"},{"taxonomy":"product_tag","embeddable":true,"href":"http:\/\/klubmamgdynia.pl\/index.php\/wp-json\/wp\/v2\/product_tag?post=9263"}],"curies":[{"name":"wp","href":"https:\/\/api.w.org\/{rel}","templated":true}]}}