{"id":9265,"date":"2024-12-20T17:54:48","date_gmt":"2024-12-20T16:54:48","guid":{"rendered":"http:\/\/klubmamgdynia.pl\/?post_type=product&#038;p=9265"},"modified":"2026-04-30T12:25:46","modified_gmt":"2026-04-30T10:25:46","slug":"hasbro-swinka-peppa-lodz-george-f2741","status":"publish","type":"product","link":"http:\/\/klubmamgdynia.pl\/index.php\/produkt\/hasbro-swinka-peppa-lodz-george-f2741\/","title":{"rendered":"Hasbro \u015awinka Peppa \u0141\u00f3d\u017c + George F2741"},"content":{"rendered":"<p>Hasbro \u015awinka Peppa \u0141\u00f3d\u017c + George F2741\u015awinka Peppa to bajka uwielbiana przez dzieci! Jest to ma\u0142a \u015bwinka &#8211; zawsze rozbrykana, ciekawska, kreatywna i uwielbia szalone przygody. Peppa kocha ciastka z czekolad\u0105, wycieczki rowerem i smaczne pikniki! To co najbardziej uwielbia&#8230; to b\u0142otko! W jej w\u0119dr\u00f3wkach pojawia si\u0119 reszta wspania\u0142ej rodzinki!<br \/>\n\u00a0Tym razem w zestawie znajdziecie niebiesk\u0105 \u0142\u00f3d\u017a wraz z figurk\u0105 Georgea. Zapowiada si\u0119 fantastyczna przygoda, prawda? Z pewno\u015bci\u0105 taka b\u0119dzie! Tylko sp\u00f3jrz! \u0141\u00f3d\u017a jest w kolorze niebieskim i posiada jedno miejsce dla Waszej figurki. Zosta\u0144 w\u0142a\u015bcicielem tego rewelacyjnego kompletu i baw si\u0119 do woli! Zabawka przeznaczona dla dzieci powy\u017cej 3 roku \u017cycia.                            <\/p>\n<p>Specyfikacja:Wiek dziecka: 3+<br \/>\nNr katalogowy: F2741<br \/>\nProducent: Hasbro<br \/>\nWymiary opakowania: wys. 16,5 cm x szer. 21,5 cm x g\u0142. 8 cm<\/p>\n<h2>Hasbro \u015awinka Peppa \u0141\u00f3d\u017c + George F2741 Hasbro<\/h2>\n<p>\u015bmieszne zagadki matematyczne, domki z rolek po papierze toaletowym, wroc\u0142aw i okolice atrakcje, gabriela imie, glupie zagadki, prezent dla nastolatk\u00f3w na \u015bwi\u0119ta, desery dla dzieci, kolorowanki konie, quiz o koniach, rodzina sentencja, maska iron man<\/p>\n<p>yyyyy<\/p>\n<p>&nbsp;<\/p>\n","protected":false},"excerpt":{"rendered":"<p>Hasbro \u015awinka Peppa \u0141\u00f3d\u017c + George F2741\u015awinka Peppa to bajka uwielbiana przez dzieci! Jest to ma\u0142a \u015bwinka &#8211; zawsze rozbrykana, ciekawska, kreatywna i uwielbia szalone przygody. Peppa kocha ciastka z czekolad\u0105, wycieczki rowerem i smaczne pikniki! To co najbardziej uwielbia&#8230; to b\u0142otko! W jej w\u0119dr\u00f3wkach pojawia si\u0119 reszta wspania\u0142ej rodzinki! \u00a0Tym razem w zestawie znajdziecie [&hellip;]<\/p>\n","protected":false},"featured_media":9266,"comment_status":"closed","ping_status":"open","template":"","meta":[],"product_cat":[95,129],"product_tag":[862,682,679,607],"class_list":["post-9265","product","type-product","status-publish","has-post-thumbnail","hentry","product_cat-figurki-makiety-i-zestawy","product_cat-hasbro","product_tag-nasza-zima-zla-tekst","product_tag-przyjazn-cytaty","product_tag-zabawki-na-roczek-dla-dziewczynki","product_tag-zarty-na-prima-aprilis-dla-rodzicow"],"_links":{"self":[{"href":"http:\/\/klubmamgdynia.pl\/index.php\/wp-json\/wp\/v2\/product\/9265","targetHints":{"allow":["GET"]}}],"collection":[{"href":"http:\/\/klubmamgdynia.pl\/index.php\/wp-json\/wp\/v2\/product"}],"about":[{"href":"http:\/\/klubmamgdynia.pl\/index.php\/wp-json\/wp\/v2\/types\/product"}],"replies":[{"embeddable":true,"href":"http:\/\/klubmamgdynia.pl\/index.php\/wp-json\/wp\/v2\/comments?post=9265"}],"wp:featuredmedia":[{"embeddable":true,"href":"http:\/\/klubmamgdynia.pl\/index.php\/wp-json\/wp\/v2\/media\/9266"}],"wp:attachment":[{"href":"http:\/\/klubmamgdynia.pl\/index.php\/wp-json\/wp\/v2\/media?parent=9265"}],"wp:term":[{"taxonomy":"product_cat","embeddable":true,"href":"http:\/\/klubmamgdynia.pl\/index.php\/wp-json\/wp\/v2\/product_cat?post=9265"},{"taxonomy":"product_tag","embeddable":true,"href":"http:\/\/klubmamgdynia.pl\/index.php\/wp-json\/wp\/v2\/product_tag?post=9265"}],"curies":[{"name":"wp","href":"https:\/\/api.w.org\/{rel}","templated":true}]}}