{"id":9269,"date":"2014-03-05T13:13:43","date_gmt":"2014-03-05T12:13:43","guid":{"rendered":"http:\/\/klubmamgdynia.pl\/index.php\/produkt\/spin-master-zoobles-laleczka-369692\/"},"modified":"2026-05-17T22:20:57","modified_gmt":"2026-05-17T20:20:57","slug":"spin-master-zoobles-laleczka-369692","status":"publish","type":"product","link":"http:\/\/klubmamgdynia.pl\/index.php\/produkt\/spin-master-zoobles-laleczka-369692\/","title":{"rendered":"Spin Master Zoobles Laleczka 369692"},"content":{"rendered":"<p>Poznaj Laleczk\u0119 Z-Girlz, s\u0142odkie przyjaci\u00f3\u0142ki zwierz\u0105t Zoobles!Zestaw Laleczki Z-Girlz i podstawki Hapitat zawieraj\u0105 jedn\u0105 modn\u0105 posta\u0107 Z-Girlz, pasuj\u0105cy Happitat i list\u0119 do kontrolowania swojej kolekcji.Wszystkie Laleczki Z-Girlz maj\u0105 ekscytuj\u0105c\u0105, dwustopniow\u0105 transformacj\u0119. Zaczynaj\u0105 jako kolorowa kula i przemieniaj\u0105 si\u0119 w super urocze zwierz\u0105tko, gdy znajduj\u0105 si\u0119 na mtalowej podstawce Happitat! Po prostu upu\u015b\u0107 lub przeturlaj kul\u0119 przez metalowy punkt, aby uwolni\u0107 zwierz\u0105tko Zoobles! Nast\u0119pnie baw si\u0119 z nim i naci\u015bnij jego g\u0142ow\u0119, aby przekszta\u0142ci\u0107 je w modn\u0105 Laleczk\u0119 Z-Girl! To niesamowita zabawa! \u015aci\u015bnij posta\u0107, aby z powrotem przekszta\u0142ci\u0107 j\u0105 w kul\u0119, a nast\u0119pnie przeturlaj, aby zn\u00f3w si\u0119 otworzy\u0142a! Ka\u017cda z Zoobles Z-Girlz ma odwa\u017cne wzory, jasne kolory i detale. Ka\u017cda ma sw\u00f3j niepowtarzalny wygl\u0105d i styl.Odkryj takie postacie jak Crystal Narwhal, Krystelle, Kawaii Bunny, Luvlee, Hip Hop Panda, Bam Bop i wi\u0119cej!Happitat Zooblez Z-Girlz jest doskona\u0142y do zabawy w tworzenie historii. Pasuje do stylu twojej Z-Girlz i jest inspirowany jej ulubionymi zaj\u0119ciami takimi jak nocowanie u przyjaci\u00f3\u0142ki, stylizowanie w\u0142os\u00f3w, ta\u0144czenie hip-hopu i nie tylko! Aby odkry\u0107 jeszcze wi\u0119cej sposob\u00f3w zabawy, pami\u0119taj, \u017ce ka\u017cda Laleczka Z-Girl ma pasuj\u0105ce zwierz\u0105tko Zoobles! Poszukaj najlepszego przyjaciela swojej postaci (ka\u017cdy sprzedawany osobno) i po\u0142\u0105cz ich Happitaty, aby stworzy\u0107 jedn\u0105 du\u017c\u0105 przestrze\u0144 do zabawy! Zbierz wszystkie 12 Laleczek Z-Girlz i 12 zwierz\u0105tek Zoobles (ka\u017cde sprzedawane osobno), aby rozszerzy\u0107 sw\u00f3j cudowny \u015bwiat Zoobles! Figurki Zoobles to idealny prezent dla dziewczyneek w wieku 5 lat i starszych. Baw si\u0119 dobrze dzi\u0119ki zestawowi Zoobles Laleczka Z-Girlz i Happitat.<\/p>\n<h2>Spin Master Zoobles Laleczka 369692 Spin Master<\/h2>\n<p>zagadki dla dzieci 10 lat, pewna \u017caba by\u0142a s\u0142aba, prezenty dla 15 latki, opowiadanie o miko\u0142aju dla przedszkolak\u00f3w, zosia samosia wiersz, julian, podchwytliwe zagadki i odpowiedzi, nastolatka, prezenty dla 16 latki<\/p>\n<p>yyyyy<\/p>\n<p>&nbsp;<\/p>\n","protected":false},"excerpt":{"rendered":"<p>Poznaj Laleczk\u0119 Z-Girlz, s\u0142odkie przyjaci\u00f3\u0142ki zwierz\u0105t Zoobles!Zestaw Laleczki Z-Girlz i podstawki Hapitat zawieraj\u0105 jedn\u0105 modn\u0105 posta\u0107 Z-Girlz, pasuj\u0105cy Happitat i list\u0119 do kontrolowania swojej kolekcji.Wszystkie Laleczki Z-Girlz maj\u0105 ekscytuj\u0105c\u0105, dwustopniow\u0105 transformacj\u0119. Zaczynaj\u0105 jako kolorowa kula i przemieniaj\u0105 si\u0119 w super urocze zwierz\u0105tko, gdy znajduj\u0105 si\u0119 na mtalowej podstawce Happitat! Po prostu upu\u015b\u0107 lub przeturlaj kul\u0119 [&hellip;]<\/p>\n","protected":false},"featured_media":9270,"comment_status":"closed","ping_status":"open","template":"","meta":[],"product_cat":[95,94],"product_tag":[728,596,589,786,576,592],"class_list":["post-9269","product","type-product","status-publish","has-post-thumbnail","hentry","product_cat-figurki-makiety-i-zestawy","product_cat-spin-master","product_tag-bezwarunkowa-milosc-do-dziecka-cytaty","product_tag-pomysly-na-prima-aprilis","product_tag-prezent-dla-rocznego-dziecka","product_tag-prezent-na-1-urodziny","product_tag-trudne-zagadki","product_tag-zagadki-dla-dzieci"],"_links":{"self":[{"href":"http:\/\/klubmamgdynia.pl\/index.php\/wp-json\/wp\/v2\/product\/9269","targetHints":{"allow":["GET"]}}],"collection":[{"href":"http:\/\/klubmamgdynia.pl\/index.php\/wp-json\/wp\/v2\/product"}],"about":[{"href":"http:\/\/klubmamgdynia.pl\/index.php\/wp-json\/wp\/v2\/types\/product"}],"replies":[{"embeddable":true,"href":"http:\/\/klubmamgdynia.pl\/index.php\/wp-json\/wp\/v2\/comments?post=9269"}],"wp:featuredmedia":[{"embeddable":true,"href":"http:\/\/klubmamgdynia.pl\/index.php\/wp-json\/wp\/v2\/media\/9270"}],"wp:attachment":[{"href":"http:\/\/klubmamgdynia.pl\/index.php\/wp-json\/wp\/v2\/media?parent=9269"}],"wp:term":[{"taxonomy":"product_cat","embeddable":true,"href":"http:\/\/klubmamgdynia.pl\/index.php\/wp-json\/wp\/v2\/product_cat?post=9269"},{"taxonomy":"product_tag","embeddable":true,"href":"http:\/\/klubmamgdynia.pl\/index.php\/wp-json\/wp\/v2\/product_tag?post=9269"}],"curies":[{"name":"wp","href":"https:\/\/api.w.org\/{rel}","templated":true}]}}