{"id":9271,"date":"2021-12-20T12:18:10","date_gmt":"2021-12-20T11:18:10","guid":{"rendered":"http:\/\/klubmamgdynia.pl\/index.php\/produkt\/spin-master-skrzynka-matematyczna\/"},"modified":"2026-04-20T17:20:58","modified_gmt":"2026-04-20T15:20:58","slug":"spin-master-skrzynka-matematyczna","status":"publish","type":"product","link":"http:\/\/klubmamgdynia.pl\/index.php\/produkt\/spin-master-skrzynka-matematyczna\/","title":{"rendered":"Spin Master Skrzynka Matematyczna"},"content":{"rendered":"<p>Arena walki Geogan RisingWalcz jak prawdziwy mistrz z Bakugan Battle Matrix! W \u015brodku ekskluzywny z\u0142oty Bakugan Sharktar, solidna powierzchnia bojowa, \u015bciany i miejsce, w kt\u00f3rym mo\u017cesz trzyma\u0107 swojego Bakugana, dop\u00f3ki nie poczujesz, \u017ce to odpowiedni moment, aby przetransformowa\u0107 go i wys\u0142a\u0107 do walki! Z sze\u015bciok\u0105tn\u0105 siatk\u0105 na planszy \u0142atwiej jest roz\u0142o\u017cy\u0107 BakuCores (dwa w zestawie) przed ekscytuj\u0105c\u0105 bitw\u0105. Zmierz si\u0119 z przeciwnikiem i wypu\u015b\u0107 do akcji wyj\u0105tkowego Sharktara bezpo\u015brednio z ramp otaczaj\u0105cych aren\u0119. Niech walka toczy si\u0119 w \u015bcianach Battle Matrix! Przechowuj karty w specjalnie przygotowanych do tego miejscach i b\u0105d\u017a zorganizowany przez ca\u0142\u0105 bitw\u0119. Plus mo\u017cesz dodawa\u0107 nowe elementy do walki z Geoganami (sprzedawanymi osobno). Te tajemnicze postaci maj\u0105 nowe kszta\u0142ty, wyj\u0105tkowe transformacje i jeszcze wi\u0119cej mocy bojowej! Bakugan Battle Matrix pozwala poczu\u0107 dreszczyk emocji. Przynie\u015b do domu Bakugan Battle Matrix i przenie\u015b swoje bitwy na wy\u017cszy poziom!<\/p>\n<h2>Spin Master Skrzynka Matematyczna Spin Master<\/h2>\n<p>origami dla dzieci, zagadki dla dzieci 6-7 lat, zimowe zagadki, straszne filmy dla dzieci, opis do zdj\u0119cia z dzieckiem, anio\u0142ki do druku, kolorowanki pieski, zaproszenia na urodziny do druku, malgorzata znaczenie imienia, flagi pa\u0144stw quiz, \u015bwinka peppa bajka do czytania, kolorowanka elsa, test magiczne drzewo czerwone krzes\u0142o, quiz o polsce dla dzieci, pies kolorowanka<\/p>\n<p>yyyyy<\/p>\n<p>&nbsp;<\/p>\n","protected":false},"excerpt":{"rendered":"<p>Arena walki Geogan RisingWalcz jak prawdziwy mistrz z Bakugan Battle Matrix! W \u015brodku ekskluzywny z\u0142oty Bakugan Sharktar, solidna powierzchnia bojowa, \u015bciany i miejsce, w kt\u00f3rym mo\u017cesz trzyma\u0107 swojego Bakugana, dop\u00f3ki nie poczujesz, \u017ce to odpowiedni moment, aby przetransformowa\u0107 go i wys\u0142a\u0107 do walki! Z sze\u015bciok\u0105tn\u0105 siatk\u0105 na planszy \u0142atwiej jest roz\u0142o\u017cy\u0107 BakuCores (dwa w zestawie) [&hellip;]<\/p>\n","protected":false},"featured_media":9272,"comment_status":"closed","ping_status":"open","template":"","meta":[],"product_cat":[94,99],"product_tag":[858,643,717,588,698],"class_list":["post-9271","product","type-product","status-publish","has-post-thumbnail","hentry","product_cat-spin-master","product_cat-zabawki-ekologiczne","product_tag-podchwytliwe-zagadki","product_tag-prezent-dla-17-latki","product_tag-prezent-roczek","product_tag-wzruszajace-slowa-dla-przyjaciela","product_tag-zagadki-dla-przedszkolakow"],"_links":{"self":[{"href":"http:\/\/klubmamgdynia.pl\/index.php\/wp-json\/wp\/v2\/product\/9271","targetHints":{"allow":["GET"]}}],"collection":[{"href":"http:\/\/klubmamgdynia.pl\/index.php\/wp-json\/wp\/v2\/product"}],"about":[{"href":"http:\/\/klubmamgdynia.pl\/index.php\/wp-json\/wp\/v2\/types\/product"}],"replies":[{"embeddable":true,"href":"http:\/\/klubmamgdynia.pl\/index.php\/wp-json\/wp\/v2\/comments?post=9271"}],"wp:featuredmedia":[{"embeddable":true,"href":"http:\/\/klubmamgdynia.pl\/index.php\/wp-json\/wp\/v2\/media\/9272"}],"wp:attachment":[{"href":"http:\/\/klubmamgdynia.pl\/index.php\/wp-json\/wp\/v2\/media?parent=9271"}],"wp:term":[{"taxonomy":"product_cat","embeddable":true,"href":"http:\/\/klubmamgdynia.pl\/index.php\/wp-json\/wp\/v2\/product_cat?post=9271"},{"taxonomy":"product_tag","embeddable":true,"href":"http:\/\/klubmamgdynia.pl\/index.php\/wp-json\/wp\/v2\/product_tag?post=9271"}],"curies":[{"name":"wp","href":"https:\/\/api.w.org\/{rel}","templated":true}]}}