{"id":9273,"date":"2020-09-30T09:47:47","date_gmt":"2020-09-30T07:47:47","guid":{"rendered":"http:\/\/klubmamgdynia.pl\/index.php\/produkt\/motus-scooty-10-lite-2022\/"},"modified":"2026-04-29T22:38:49","modified_gmt":"2026-04-29T20:38:49","slug":"motus-scooty-10-lite-2022","status":"publish","type":"product","link":"http:\/\/klubmamgdynia.pl\/index.php\/produkt\/motus-scooty-10-lite-2022\/","title":{"rendered":"Motus Scooty 10 Lite 2022"},"content":{"rendered":"<p>HULAJNOGA ELEKTRYCZNA SCOOTY 10 LITE 2022WIELKA RADO\u015a\u0106 Z LEKKIEJ JAZDY                            <\/p>\n<p>Ochrona przed przypadkowym z\u0142o\u017ceniem si\u0119 hulajnogi w trakcie jazdy \u2014 dzi\u0119ki zabezpieczeniu pier\u015bcieniem.                            <\/p>\n<p>Skuteczne hamulce tarczowe                            <\/p>\n<p>Bezpieczny system sk\u0142adania wykorzystuj\u0105cy si\u0142y przeciwne wzgl\u0119dem siebie, zapobiegaj\u0105 przed nieplanowanym z\u0142o\u017ceniem si\u0119 hulajnogi                            <\/p>\n<p>Mocne przednie, tylne i boczne o\u015bwietlenie                            <\/p>\n<p>SILNIK 700 WSilnik 350 W &#8211; zamie\u0144 strome podej\u015bcia na delikatne podjazdy.Dzi\u0119ki mocy silnika 350 W i mocy szczytowej 700 W wszelkie strome podej\u015bcia staj\u0105 si\u0119 jedynie lekkimi podjazdami. Teraz, nawet je\u015bli si\u0119 spieszysz, dotrzesz w ka\u017cde miejsce sprawnie i bez zadyszki.                            <\/p>\n<p>NISKA WAGAKonstrukcja: tylko 12,5 kg! &#8211; szybko sk\u0142adasz, swobodnie przenosisz.Ma\u0142a waga \u2014 12,5 kg \u2014 u\u0142atwia wnoszenie po schodach, wej\u015bcie do autobusu, metra czy tramwaju, a tak\u017ce w\u0142o\u017cenie do baga\u017cnika, co odatkowo u\u0142atwiaj\u0105 odkr\u0119cane r\u0105czki kierownicy.                            <\/p>\n<p>BATERIA 7800 mAhBateria 7800 mAh 36 V &#8211; korzystaj z d\u0142ugiego zasi\u0119gu: nawet 30 km!Bateria o pojemno\u015bci 7800 mAh 36 V zapewnia du\u017cy zasi\u0119g nawet do 30 km przy jednocze\u015bnie niskiej wadze i ma\u0142ych gabarytach hulajnogi elektrycznej. Uczelnia, spotkanie, fryzjer, kino? Nie musisz wybiera\u0107, gdzie dzisiaj chcesz jecha\u0107.                            <\/p>\n<p>HAMULCEHamulec tarczowy i system KERS &#8211; hamuj bezpiecznie, czyli skutecznie.Nawet w przypadku pojawienia si\u0119 na drodze nag\u0142ej, nieoczekiwanej sytuacji \u2014 mo\u017cesz czu\u0107 si\u0119 bezpiecznie. Hamulec tarczowy w tylnym kole zapewnia wysok\u0105 skuteczno\u015b\u0107, aby\u015b m\u00f3g\u0142 na czas zahamowa\u0107 przed przeszkod\u0105 lub innym u\u017cytkownikiem Twojej trasy. Dodatkowo, podczas hamowania w\u0142\u0105cza si\u0119 o\u015bwietlenie, kt\u00f3re bardzo wyra\u017anie ostrzega innych o tym, \u017ce si\u0119 zatrzymujesz                            <\/p>\n<p>Hulajnoga elektryczna Motus Scooty 10 Lite jest wyposa\u017cona w system KERS, kt\u00f3ry odzyskuje energi\u0119 podczas hamowania.Ka\u017cda miejska trasa jest pe\u0142na wyzwa\u0144, przeszk\u00f3d i nier\u00f3wno\u015bci, ale z hulajnog\u0105 Motus Scooty 10 Lite 2022 sprawnie je pokonasz. Wzmocniony b\u0142otnik ze wspornikiem nie ulegnie zniszczeniu nawet je\u015bli je\u017adzisz po nier\u00f3wnej kostce. Wype\u0142nione powietrzem, d\u0119tkowe ko\u0142a 10\u2018\u2019, amortyzuj\u0105 wstrz\u0105sy w trakcie jazdy po wybojach. Solidna, trwa\u0142a rama b\u0119dzie spe\u0142nia\u0107 swoje zadania przez d\u0142ugi czas.<\/p>\n<h2>Motus Scooty 10 Lite 2022 Motus<\/h2>\n<p>wr\u00f3\u017cby andrzejkowe dla dzieci zawody, malowanki dla dzieci, malowanie past\u0105 do z\u0119b\u00f3w, prezent dla 7 latka na urodziny, zagadki dla 7 latka, imi\u0119 r\u00f3\u017ca, kolorowanki kotka, ostatni dzwonek tekst, opis o dziecku, zagadki na logike, r\u00f3\u017cne zagadki, choinko pi\u0119kna jak las tekst, co kupi\u0107 dziewczynce na roczek, prezent dla nastolatki, znaczenie imiona justyna, kolorowanka lol, prezent dla rocznej dziewczynki, quizy dla dzieci, kolorowanka \u015bwi\u0105teczna do wydruku<\/p>\n<p>yyyyy<\/p>\n<p>&nbsp;<\/p>\n","protected":false},"excerpt":{"rendered":"<p>HULAJNOGA ELEKTRYCZNA SCOOTY 10 LITE 2022WIELKA RADO\u015a\u0106 Z LEKKIEJ JAZDY Ochrona przed przypadkowym z\u0142o\u017ceniem si\u0119 hulajnogi w trakcie jazdy \u2014 dzi\u0119ki zabezpieczeniu pier\u015bcieniem. Skuteczne hamulce tarczowe Bezpieczny system sk\u0142adania wykorzystuj\u0105cy si\u0142y przeciwne wzgl\u0119dem siebie, zapobiegaj\u0105 przed nieplanowanym z\u0142o\u017ceniem si\u0119 hulajnogi Mocne przednie, tylne i boczne o\u015bwietlenie SILNIK 700 WSilnik 350 W &#8211; zamie\u0144 strome podej\u015bcia [&hellip;]<\/p>\n","protected":false},"featured_media":9274,"comment_status":"closed","ping_status":"open","template":"","meta":[],"product_cat":[1801,1800],"product_tag":[648,784,683,867,638,690,824],"class_list":["post-9273","product","type-product","status-publish","has-post-thumbnail","hentry","product_cat-hulajnogi-elektryczne","product_cat-motus","product_tag-dobrej-nocy-i-sza","product_tag-hymn-gorniczy","product_tag-karaluchy-pod-poduchy","product_tag-kolorowanki-dla-dziewczynek","product_tag-miastodzieci","product_tag-pieski-male-dwa-tekst","product_tag-warszawa-atrakcje-dla-dzieci"],"_links":{"self":[{"href":"http:\/\/klubmamgdynia.pl\/index.php\/wp-json\/wp\/v2\/product\/9273","targetHints":{"allow":["GET"]}}],"collection":[{"href":"http:\/\/klubmamgdynia.pl\/index.php\/wp-json\/wp\/v2\/product"}],"about":[{"href":"http:\/\/klubmamgdynia.pl\/index.php\/wp-json\/wp\/v2\/types\/product"}],"replies":[{"embeddable":true,"href":"http:\/\/klubmamgdynia.pl\/index.php\/wp-json\/wp\/v2\/comments?post=9273"}],"wp:featuredmedia":[{"embeddable":true,"href":"http:\/\/klubmamgdynia.pl\/index.php\/wp-json\/wp\/v2\/media\/9274"}],"wp:attachment":[{"href":"http:\/\/klubmamgdynia.pl\/index.php\/wp-json\/wp\/v2\/media?parent=9273"}],"wp:term":[{"taxonomy":"product_cat","embeddable":true,"href":"http:\/\/klubmamgdynia.pl\/index.php\/wp-json\/wp\/v2\/product_cat?post=9273"},{"taxonomy":"product_tag","embeddable":true,"href":"http:\/\/klubmamgdynia.pl\/index.php\/wp-json\/wp\/v2\/product_tag?post=9273"}],"curies":[{"name":"wp","href":"https:\/\/api.w.org\/{rel}","templated":true}]}}