{"id":9277,"date":"2013-12-09T14:43:47","date_gmt":"2013-12-09T13:43:47","guid":{"rendered":"http:\/\/klubmamgdynia.pl\/index.php\/produkt\/carrera-go-disney-pixar-cars-speed-challange\/"},"modified":"2026-04-04T08:09:48","modified_gmt":"2026-04-04T06:09:48","slug":"carrera-go-disney-pixar-cars-speed-challange","status":"publish","type":"product","link":"http:\/\/klubmamgdynia.pl\/index.php\/produkt\/carrera-go-disney-pixar-cars-speed-challange\/","title":{"rendered":"Carrera Go!!! Disney Pixar Cars Speed Challange"},"content":{"rendered":"<p>Koniec oczekiwania! Zygzak McQueen i Jackson Storm postawili na gor\u0105ce wyzwanie z zestawem &#8222;Speed Challenge&#8221;,kt\u00f3ry posiada kilka opcji uk\u0142adu toru!Jasnoczerwony Zygzak McQueen idzie rami\u0119 w rami\u0119 z ca\u0142kowicie czarnym wygl\u0105dem Jacksona Storma. Tor o d\u0142ugo\u015bci 4,9 metra stawia obu kierowcom mn\u00f3stwo wyzwa\u0144. Szybkie proste, ryzykowna p\u0119tla i zapieraj\u0105ce dech w piersiach zakr\u0119ty gwarantuj\u0105 fantastyczne emocje wy\u015bcigowe dla sojusznik\u00f3w podczas ich ulubionych jazd!W zestawie znajduje si\u0119:Disney\u00b7Pixar Cars &#8211; Lightning McQueenDisney\u00b7Pixar Cars &#8211; Jackson StormGO!!! Szyna przy\u0142\u0105czeniowa ( od roku 2017 )GO!!! i GO!!! Plus Kontroler elektroniczny ( 2017 ) &#8211; z przyciskiem turboKr\u00f3tkie proste 10,0 cm (3) \/ 11,4 cm (3)Zakr\u0119t 1\/90\u00b0 (6)Proste 34,2 cm (4)Zestaw p\u0119tliGO!!! SPS Transformator EU 14,8V 1&#215;10,4VA (1 wtyczka )Pozosta\u0142e akcesoriaWymiary po roz\u0142o\u017ceniu:ok. 158 x 68 cmD\u0142ugo\u015b\u0107 toru: 4.9 mCarrera GO!!! to system startowy do \u015awiata Wy\u015bcig\u00f3w Carrera, stworzony w skali 1:43. Wszystkie zestawy z tej serii zawieraj\u0105 kontroler turbo do\u0142adowania, a tak\u017ce oryginalne, licencjonowane samochody, wykonane z ogromn\u0105 dba\u0142o\u015bci\u0105 o szczeg\u00f3\u0142y. Do ka\u017cdego z nich do\u0142\u0105czony jest zawsze dodatkowy zestaw szczotek stykowych. Systemy tor\u00f3w s\u0105 niezwykle \u0142atwe w monta\u017cu i demonta\u017cu, dzi\u0119ki unikalnemu systemowi zatrzask\u00f3w.<\/p>\n<h2>Carrera Go!!! Disney Pixar Cars Speed Challange Carrera<\/h2>\n<p>nauka zegara do druku, gwiazda do wydruku, andrzejki kolorowanki do druku, kolorowanki do wydruku, zabawa dla 7 latka, atrakcje dla dzieci tr\u00f3jmiasto, tajemniczy ogr\u00f3d test z lektury<\/p>\n<p>yyyyy<\/p>\n<p>&nbsp;<\/p>\n","protected":false},"excerpt":{"rendered":"<p>Koniec oczekiwania! Zygzak McQueen i Jackson Storm postawili na gor\u0105ce wyzwanie z zestawem &#8222;Speed Challenge&#8221;,kt\u00f3ry posiada kilka opcji uk\u0142adu toru!Jasnoczerwony Zygzak McQueen idzie rami\u0119 w rami\u0119 z ca\u0142kowicie czarnym wygl\u0105dem Jacksona Storma. Tor o d\u0142ugo\u015bci 4,9 metra stawia obu kierowcom mn\u00f3stwo wyzwa\u0144. Szybkie proste, ryzykowna p\u0119tla i zapieraj\u0105ce dech w piersiach zakr\u0119ty gwarantuj\u0105 fantastyczne emocje [&hellip;]<\/p>\n","protected":false},"featured_media":9278,"comment_status":"closed","ping_status":"open","template":"","meta":[],"product_cat":[140,141],"product_tag":[867,729,769],"class_list":["post-9277","product","type-product","status-publish","has-post-thumbnail","hentry","product_cat-carrera","product_cat-parkingi-garaze-i-tory-wyscigowe","product_tag-kolorowanki-dla-dziewczynek","product_tag-madre-bajki-dla-dzieci-do-czytania","product_tag-psi-patrol-do-czytania"],"_links":{"self":[{"href":"http:\/\/klubmamgdynia.pl\/index.php\/wp-json\/wp\/v2\/product\/9277","targetHints":{"allow":["GET"]}}],"collection":[{"href":"http:\/\/klubmamgdynia.pl\/index.php\/wp-json\/wp\/v2\/product"}],"about":[{"href":"http:\/\/klubmamgdynia.pl\/index.php\/wp-json\/wp\/v2\/types\/product"}],"replies":[{"embeddable":true,"href":"http:\/\/klubmamgdynia.pl\/index.php\/wp-json\/wp\/v2\/comments?post=9277"}],"wp:featuredmedia":[{"embeddable":true,"href":"http:\/\/klubmamgdynia.pl\/index.php\/wp-json\/wp\/v2\/media\/9278"}],"wp:attachment":[{"href":"http:\/\/klubmamgdynia.pl\/index.php\/wp-json\/wp\/v2\/media?parent=9277"}],"wp:term":[{"taxonomy":"product_cat","embeddable":true,"href":"http:\/\/klubmamgdynia.pl\/index.php\/wp-json\/wp\/v2\/product_cat?post=9277"},{"taxonomy":"product_tag","embeddable":true,"href":"http:\/\/klubmamgdynia.pl\/index.php\/wp-json\/wp\/v2\/product_tag?post=9277"}],"curies":[{"name":"wp","href":"https:\/\/api.w.org\/{rel}","templated":true}]}}