{"id":9279,"date":"2021-08-23T17:25:56","date_gmt":"2021-08-23T15:25:56","guid":{"rendered":"http:\/\/klubmamgdynia.pl\/index.php\/produkt\/klein-theo-tablet-kasa-fiskalna-z-soundbarem-zabawka\/"},"modified":"2026-05-17T22:29:22","modified_gmt":"2026-05-17T20:29:22","slug":"klein-theo-tablet-kasa-fiskalna-z-soundbarem-zabawka","status":"publish","type":"product","link":"http:\/\/klubmamgdynia.pl\/index.php\/produkt\/klein-theo-tablet-kasa-fiskalna-z-soundbarem-zabawka\/","title":{"rendered":"Klein Theo Tablet Kasa Fiskalna Z Soundbarem &#8211; Zabawka"},"content":{"rendered":"<p>Szczeg\u00f3\u0142y produktu: Wiek: od 3 lat Od\u0142\u0105czany tablet Z funkcj\u0105 kalkulatora Klawiatura kasowa z funkcj\u0105 prze\u0142\u0105czania: kalkulator lub soundbar Ze skanerem i kas\u0105 fiskaln\u0105 Z kart\u0105 asortymentow\u0105 do zmiany kluczowych obraz\u00f3w w obszarze skali Karta asortymentowa do samodzielnego zaprojektowania Made in Germany Wymiary i waga: Wymiary po z\u0142o\u017ceniu (d\u0142ugo\u015b\u0107 x szeroko\u015b\u0107 x wysoko\u015b\u0107): 31 x 15 x 23,3 cm Waga: 0,84 kg Materia\u0142 i piel\u0119gnacja: Materia\u0142: tworzywo sztuczne Wymaga 2 baterii R03-AA (mikro) (nie do\u0142\u0105czone) W zestawie: Zawiera 5 x 1 cent, 3 x 2 centy, 2 x 5 cent\u00f3w, 2 x 10 cent\u00f3w, 2 x 5 euro, 2 x 10 euro, 2 x 20 euro, 2 x 50 euro, 2 x 100 euro, 2 x 200 euro, 2 x 500 euro, 6 kart paragonowych, 1 kart\u0119 kredytow\u0105, 1 kart\u0119 asortymentow\u0105 Ostrze\u017cenie i wskaz\u00f3wki dotycz\u0105ce bezpiecze\u0144stwa: Uwaga: Nie nadaje si\u0119 dla dzieci poni\u017cej 3 lat. Zawiera mo\u017cliwe do po\u0142kni\u0119cia cz\u0119\u015bci Klein . Niebezpiecze\u0144stwo zad\u0142awienia!<\/p>\n<h2>Klein Theo Tablet Kasa Fiskalna Z Soundbarem &#8211; Zabawka Klein<\/h2>\n<p>opowie\u015bci z narnii lew czarownica i stara szafa quiz, jeremi, mia imi\u0119, izabella imi\u0119, ciekawe miejsca w warszawie dla m\u0142odzie\u017cy, piosenka dla mamy tekst, julian, opis do zdj\u0119cia dziecka na fb, z\u0142ote my\u015bli o rodzinie, laurka dla babci, rymowane zagadki dla dzieci, lucyna, janusz, karaluchy pod poduchy, psikusy na prima aprilis, \u015bmieszne zagadki matematyczne, delfinarium polska, \u015bmieszne zagadki logiczne<\/p>\n<p>yyyyy<\/p>\n<p>&nbsp;<\/p>\n","protected":false},"excerpt":{"rendered":"<p>Szczeg\u00f3\u0142y produktu: Wiek: od 3 lat Od\u0142\u0105czany tablet Z funkcj\u0105 kalkulatora Klawiatura kasowa z funkcj\u0105 prze\u0142\u0105czania: kalkulator lub soundbar Ze skanerem i kas\u0105 fiskaln\u0105 Z kart\u0105 asortymentow\u0105 do zmiany kluczowych obraz\u00f3w w obszarze skali Karta asortymentowa do samodzielnego zaprojektowania Made in Germany Wymiary i waga: Wymiary po z\u0142o\u017ceniu (d\u0142ugo\u015b\u0107 x szeroko\u015b\u0107 x wysoko\u015b\u0107): 31 x [&hellip;]<\/p>\n","protected":false},"featured_media":9280,"comment_status":"closed","ping_status":"open","template":"","meta":[],"product_cat":[53,52],"product_tag":[718,609,675,809],"class_list":["post-9279","product","type-product","status-publish","has-post-thumbnail","hentry","product_cat-kaciki-zabaw","product_cat-klein","product_tag-prezent-na-roczek-dla-chrzesniaka","product_tag-quiz-flagi-europy","product_tag-test-z-lektury-kajko-i-kokosz-szkola-latania","product_tag-zagadki"],"_links":{"self":[{"href":"http:\/\/klubmamgdynia.pl\/index.php\/wp-json\/wp\/v2\/product\/9279","targetHints":{"allow":["GET"]}}],"collection":[{"href":"http:\/\/klubmamgdynia.pl\/index.php\/wp-json\/wp\/v2\/product"}],"about":[{"href":"http:\/\/klubmamgdynia.pl\/index.php\/wp-json\/wp\/v2\/types\/product"}],"replies":[{"embeddable":true,"href":"http:\/\/klubmamgdynia.pl\/index.php\/wp-json\/wp\/v2\/comments?post=9279"}],"wp:featuredmedia":[{"embeddable":true,"href":"http:\/\/klubmamgdynia.pl\/index.php\/wp-json\/wp\/v2\/media\/9280"}],"wp:attachment":[{"href":"http:\/\/klubmamgdynia.pl\/index.php\/wp-json\/wp\/v2\/media?parent=9279"}],"wp:term":[{"taxonomy":"product_cat","embeddable":true,"href":"http:\/\/klubmamgdynia.pl\/index.php\/wp-json\/wp\/v2\/product_cat?post=9279"},{"taxonomy":"product_tag","embeddable":true,"href":"http:\/\/klubmamgdynia.pl\/index.php\/wp-json\/wp\/v2\/product_tag?post=9279"}],"curies":[{"name":"wp","href":"https:\/\/api.w.org\/{rel}","templated":true}]}}