{"id":928,"date":"2013-08-06T07:08:38","date_gmt":"2013-08-06T05:08:38","guid":{"rendered":"http:\/\/klubmamgdynia.pl\/index.php\/produkt\/agat-traktor-na-pedaly-z-przyczepa-i-akcesoriami-promo\/"},"modified":"2026-04-05T22:33:04","modified_gmt":"2026-04-05T20:33:04","slug":"agat-traktor-na-pedaly-z-przyczepa-i-akcesoriami-promo","status":"publish","type":"product","link":"http:\/\/klubmamgdynia.pl\/index.php\/produkt\/agat-traktor-na-pedaly-z-przyczepa-i-akcesoriami-promo\/","title":{"rendered":"Agat Traktor Na Peda\u0142y Z Przyczep\u0105 I Akcesoriami Promo"},"content":{"rendered":"<p>Traktor na peda\u0142y z przyczep\u0105 i akcesoriami PROMOTraktor na peda\u0142y z przyczep\u0105 i akcesoriami to idealny prezent dla dziecka.Dzi\u0119ki zwrotnym ko\u0142om, traktor mo\u017ce s\u0142u\u017cy\u0107 dzieciom do zabawy zar\u00f3wno na zewn\u0105trz jak i wewn\u0105trz (w mieszkaniu). Mo\u017ce porusza\u0107 si\u0119 po r\u00f3\u017cnego rodzaju nawierzchniach.Pojazd wykonany jest z wysokiej jako\u015bci, mocnego plastiku. A dzi\u0119ki zabudowanej przek\u0142adni, nap\u0119d przekazywany jest na tyln\u0105 o\u015b, co wydatnie poprawia w\u0142asno\u015bci skr\u0119tne k\u00f3\u0142.Traktor posiada w zestawie przyczep\u0119 z akcesoriami, kt\u00f3re urozmaic\u0105 zabaw\u0119 ka\u017cdemu dziecku.Pojazd posiada stabiln\u0105 konstrukcj\u0119 i jest ca\u0142kowicie bezpieczny dla ma\u0142ego kierowcy.Spe\u0142nia wszystkie wymagane normy zwi\u0105zane ze znakiem CE.Wymiary i specyfikacja produktu:d\u0142ugo\u015b\u0107 &#8211; 123 cmszeroko\u015b\u0107 &#8211; 42 cmwysoko\u015b\u0107 &#8211; 51 cmwaga &#8211; 6,5 kgprzedzia\u0142 wiekowy 3+Gwarancja 24 miesi\u0105ceKod kreskowy 5907518338074<\/p>\n<h2>Agat Traktor Na Peda\u0142y Z Przyczep\u0105 I Akcesoriami Promo <\/h2>\n<p>prezenty dla nastolatki, bajka terapeutyczna o dokuczaniu, gwiazda do wydruku, karaluchy pod poduchy a szczypawki, zagadki przyrodnicze, dymitr, atrakcje dla nastolatk\u00f3w warszawa, marianna, kolorowanki pokemon, \u015bw przemys\u0142aw, kolorowanka potwory, gad\u017cety dla nastolatka, sentencje ma\u0142y ksi\u0105\u017ce cytaty, aron imi\u0119<\/p>\n<p>yyyyy<\/p>\n<p>&nbsp;<\/p>\n","protected":false},"excerpt":{"rendered":"<p>Traktor na peda\u0142y z przyczep\u0105 i akcesoriami PROMOTraktor na peda\u0142y z przyczep\u0105 i akcesoriami to idealny prezent dla dziecka.Dzi\u0119ki zwrotnym ko\u0142om, traktor mo\u017ce s\u0142u\u017cy\u0107 dzieciom do zabawy zar\u00f3wno na zewn\u0105trz jak i wewn\u0105trz (w mieszkaniu). Mo\u017ce porusza\u0107 si\u0119 po r\u00f3\u017cnego rodzaju nawierzchniach.Pojazd wykonany jest z wysokiej jako\u015bci, mocnego plastiku. A dzi\u0119ki zabudowanej przek\u0142adni, nap\u0119d przekazywany [&hellip;]<\/p>\n","protected":false},"featured_media":929,"comment_status":"closed","ping_status":"open","template":"","meta":[],"product_cat":[83],"product_tag":[664,729,717,632,600],"class_list":["post-928","product","type-product","status-publish","has-post-thumbnail","hentry","product_cat-auta-i-inne-pojazdy-do-zabawy","product_tag-atrakcje-dla-dzieci-trojmiasto","product_tag-madre-bajki-dla-dzieci-do-czytania","product_tag-prezent-roczek","product_tag-warszawa-atrakcje-dla-mlodziezy","product_tag-zaproszenia-na-urodziny-do-druku"],"_links":{"self":[{"href":"http:\/\/klubmamgdynia.pl\/index.php\/wp-json\/wp\/v2\/product\/928","targetHints":{"allow":["GET"]}}],"collection":[{"href":"http:\/\/klubmamgdynia.pl\/index.php\/wp-json\/wp\/v2\/product"}],"about":[{"href":"http:\/\/klubmamgdynia.pl\/index.php\/wp-json\/wp\/v2\/types\/product"}],"replies":[{"embeddable":true,"href":"http:\/\/klubmamgdynia.pl\/index.php\/wp-json\/wp\/v2\/comments?post=928"}],"wp:featuredmedia":[{"embeddable":true,"href":"http:\/\/klubmamgdynia.pl\/index.php\/wp-json\/wp\/v2\/media\/929"}],"wp:attachment":[{"href":"http:\/\/klubmamgdynia.pl\/index.php\/wp-json\/wp\/v2\/media?parent=928"}],"wp:term":[{"taxonomy":"product_cat","embeddable":true,"href":"http:\/\/klubmamgdynia.pl\/index.php\/wp-json\/wp\/v2\/product_cat?post=928"},{"taxonomy":"product_tag","embeddable":true,"href":"http:\/\/klubmamgdynia.pl\/index.php\/wp-json\/wp\/v2\/product_tag?post=928"}],"curies":[{"name":"wp","href":"https:\/\/api.w.org\/{rel}","templated":true}]}}