{"id":9283,"date":"2016-06-16T04:45:58","date_gmt":"2016-06-16T02:45:58","guid":{"rendered":"http:\/\/klubmamgdynia.pl\/index.php\/produkt\/gra-planszowa-mattel-gra-zrecznosciowa-bounce-off-fast-fun-fmw27\/"},"modified":"2026-04-28T17:05:12","modified_gmt":"2026-04-28T15:05:12","slug":"gra-planszowa-mattel-gra-zrecznosciowa-bounce-off-fast-fun-fmw27","status":"publish","type":"product","link":"http:\/\/klubmamgdynia.pl\/index.php\/produkt\/gra-planszowa-mattel-gra-zrecznosciowa-bounce-off-fast-fun-fmw27\/","title":{"rendered":"Gra planszowa Mattel Gra Zr\u0119czno\u015bciowa Bounce Off Fast Fun FMW27"},"content":{"rendered":"<p>Szybka, zabawna wersja dla 2 graczy Bounce Off.<br \/>\n\u00a0Odwr\u00f3\u0107 kart\u0119 i ods\u0142o\u0144 pokazany na niej wz\u00f3r, a nast\u0119pnie spr\u00f3buj jak najszybciej u\u0142o\u017cy\u0107 go z pi\u0142eczek, kt\u00f3re skacz\u0105 i odbijaj\u0105 si\u0119! Wzory z kulek uk\u0142ada si\u0119 w podstawce z otworami, a gracz, kt\u00f3ry pierwszy u\u0142o\u017cy wymagany wz\u00f3r w swoim kolorze, wygrywa!                            <\/p>\n<p>W zestawie:<br \/>\n\u00a08 pi\u0142eczek,<br \/>\n2 podstawki do pi\u0142ek,<br \/>\n9 kart z wyzwaniami,<br \/>\np\u0142ytka.<br \/>\n\u00a0Od 7 do 99 lat<\/p>\n<h2>Gra planszowa Mattel Gra Zr\u0119czno\u015bciowa Bounce Off Fast Fun FMW27 Mattel<\/h2>\n<p>quiz o flagach, kuba imie, \u015bwinka peppa bajki do czytania, prezenty dla nastolatek, \u0142\u00f3d\u017a atrakcje dla dzieci, test z lektury kajko i kokosz szko\u0142a latania, kolorowanki miasto dzieci, serce origami, quizy \u015bwi\u0105teczne bo\u017ce narodzenie, kolorowanki lato, wiersze o wakacjach, julian znaczenie imienia, krok jak narysowa\u0107 konia, my little pony kolorowanki, pomys\u0142 na prima aprilis, afryka\u0144skie imiona, prima aprilis w szkole, marcel imi\u0119, pisanki woskiem wzory, zabawy miko\u0142ajkowe dla dzieci, sentencja dla dziecka<\/p>\n<p>yyyyy<\/p>\n<p>&nbsp;<\/p>\n","protected":false},"excerpt":{"rendered":"<p>Szybka, zabawna wersja dla 2 graczy Bounce Off. \u00a0Odwr\u00f3\u0107 kart\u0119 i ods\u0142o\u0144 pokazany na niej wz\u00f3r, a nast\u0119pnie spr\u00f3buj jak najszybciej u\u0142o\u017cy\u0107 go z pi\u0142eczek, kt\u00f3re skacz\u0105 i odbijaj\u0105 si\u0119! Wzory z kulek uk\u0142ada si\u0119 w podstawce z otworami, a gracz, kt\u00f3ry pierwszy u\u0142o\u017cy wymagany wz\u00f3r w swoim kolorze, wygrywa! W zestawie: \u00a08 pi\u0142eczek, 2 [&hellip;]<\/p>\n","protected":false},"featured_media":9284,"comment_status":"closed","ping_status":"open","template":"","meta":[],"product_cat":[235,289],"product_tag":[727,866,594],"class_list":["post-9283","product","type-product","status-publish","has-post-thumbnail","hentry","product_cat-gry-planszowe","product_cat-mattel","product_tag-godlo-polski-do-druku","product_tag-opis-do-zdjecia-dziecka-na-fb","product_tag-podchwytliwe-zagadki-dla-dzieci"],"_links":{"self":[{"href":"http:\/\/klubmamgdynia.pl\/index.php\/wp-json\/wp\/v2\/product\/9283","targetHints":{"allow":["GET"]}}],"collection":[{"href":"http:\/\/klubmamgdynia.pl\/index.php\/wp-json\/wp\/v2\/product"}],"about":[{"href":"http:\/\/klubmamgdynia.pl\/index.php\/wp-json\/wp\/v2\/types\/product"}],"replies":[{"embeddable":true,"href":"http:\/\/klubmamgdynia.pl\/index.php\/wp-json\/wp\/v2\/comments?post=9283"}],"wp:featuredmedia":[{"embeddable":true,"href":"http:\/\/klubmamgdynia.pl\/index.php\/wp-json\/wp\/v2\/media\/9284"}],"wp:attachment":[{"href":"http:\/\/klubmamgdynia.pl\/index.php\/wp-json\/wp\/v2\/media?parent=9283"}],"wp:term":[{"taxonomy":"product_cat","embeddable":true,"href":"http:\/\/klubmamgdynia.pl\/index.php\/wp-json\/wp\/v2\/product_cat?post=9283"},{"taxonomy":"product_tag","embeddable":true,"href":"http:\/\/klubmamgdynia.pl\/index.php\/wp-json\/wp\/v2\/product_tag?post=9283"}],"curies":[{"name":"wp","href":"https:\/\/api.w.org\/{rel}","templated":true}]}}