{"id":9285,"date":"2012-04-23T19:52:29","date_gmt":"2012-04-23T17:52:29","guid":{"rendered":"http:\/\/klubmamgdynia.pl\/index.php\/produkt\/small-foot-zabawka-wodna-nawinieta-na-kajak-pelikan\/"},"modified":"2026-04-29T16:43:16","modified_gmt":"2026-04-29T14:43:16","slug":"small-foot-zabawka-wodna-nawinieta-na-kajak-pelikan","status":"publish","type":"product","link":"http:\/\/klubmamgdynia.pl\/index.php\/produkt\/small-foot-zabawka-wodna-nawinieta-na-kajak-pelikan\/","title":{"rendered":"Small Foot Zabawka Wodna Nawini\u0119ta Na Kajak Pelikan"},"content":{"rendered":"<p>Zr\u00f3bcie miejsce dla tego ma\u0142ego pelikana! Ten uroczy pelikan i jego kajak wykonany z drewna i plastiku zapewniaj\u0105 \u015bwietn\u0105 zabaw\u0119 podczas k\u0105pieli, kiedy sami \u017cegluj\u0105 po wodzie. Praktyczny mechanizm zwijania zapewnia obracanie si\u0119 dw\u00f3ch wiose\u0142 z boku kajaka. Z t\u0105 zabawk\u0105 wodn\u0105 nie ma \u017cadnych ogranicze\u0144 dla zabawy w wannie, brodziku lub basenie! Dla zapewnienia d\u0142ugiej \u017cywotno\u015bci produktu, po ka\u017cdym u\u017cyciu nale\u017cy wyj\u0105\u0107 zabawk\u0119 z wody i dobrze wysuszy\u0107. Zabawki wodne wykonane z drewna s\u0105 zr\u00f3wnowa\u017con\u0105 zabawk\u0105 k\u0105pielow\u0105 alternatyw\u0105 dla plastikowych i gumowych zwierz\u0105t! Nic nie stoi na przeszkodzie temu, by na pe\u0142nym morzu bawi\u0107 si\u0119 w odgrywanie r\u00f3l. Mechanizm nawijania uczy najm\u0142odszych o zasadzie przyczynowo-skutkowej. Ma\u0142e i por\u0119czne, urocze ma\u0142e zwierz\u0105tko wodne z \u0142atwo\u015bci\u0105 zmie\u015bci si\u0119 w ka\u017cdym worku k\u0105pielowym! Szczeg\u00f3\u0142y produktu: Wymiary (d\u0142ugo\u015b\u0107 x szeroko\u015b\u0107 x wysoko\u015b\u0107): ok. 14 x 12 x 7 cm. Materia\u0142: drewno, tworzywo sztuczne, tkanina Trwa\u0142a alternatywa dla zabawek z tworzyw sztucznych Wiek: od 24 miesi\u0119cy<\/p>\n<h2>Small Foot Zabawka Wodna Nawini\u0119ta Na Kajak Pelikan Small Foot Design<\/h2>\n<p>p\u0142atki \u015bniegu szablon, jagna, jak narysowa\u0107 oko, prezent na roczek od babci, dyplomy do wydrukowania a4, 1 listopada dzie\u0144 wszystkich \u015bwi\u0119tych kolorowanki, teksty o rodzinie, filmy wigilijne dla dzieci, rezolutna dziewczynka z wiersza tuwima, imi\u0119 r\u00f3\u017ca, li\u015bcie jesienne szablon, poczytaj mi wiersz, pomys\u0142 na prezent na roczek, kanapki dla dzieci, na wyspach bergamuta, mapa europy do druku, wyprawka warszawiaka 2021, wzory dyplom\u00f3w do pobrania, cytaty na dzie\u0144 nauczyciela<\/p>\n<p>yyyyy<\/p>\n<p>&nbsp;<\/p>\n","protected":false},"excerpt":{"rendered":"<p>Zr\u00f3bcie miejsce dla tego ma\u0142ego pelikana! Ten uroczy pelikan i jego kajak wykonany z drewna i plastiku zapewniaj\u0105 \u015bwietn\u0105 zabaw\u0119 podczas k\u0105pieli, kiedy sami \u017cegluj\u0105 po wodzie. Praktyczny mechanizm zwijania zapewnia obracanie si\u0119 dw\u00f3ch wiose\u0142 z boku kajaka. Z t\u0105 zabawk\u0105 wodn\u0105 nie ma \u017cadnych ogranicze\u0144 dla zabawy w wannie, brodziku lub basenie! Dla zapewnienia [&hellip;]<\/p>\n","protected":false},"featured_media":9286,"comment_status":"closed","ping_status":"open","template":"","meta":[],"product_cat":[147,1498],"product_tag":[599,843,661],"class_list":["post-9285","product","type-product","status-publish","has-post-thumbnail","hentry","product_cat-small-foot-design","product_cat-zabawki-do-kapieli","product_tag-prezent-dla-nastolatkow-2021","product_tag-smieszne-zagadki-dla-dzieci","product_tag-swinka-peppa-kolorowanka"],"_links":{"self":[{"href":"http:\/\/klubmamgdynia.pl\/index.php\/wp-json\/wp\/v2\/product\/9285","targetHints":{"allow":["GET"]}}],"collection":[{"href":"http:\/\/klubmamgdynia.pl\/index.php\/wp-json\/wp\/v2\/product"}],"about":[{"href":"http:\/\/klubmamgdynia.pl\/index.php\/wp-json\/wp\/v2\/types\/product"}],"replies":[{"embeddable":true,"href":"http:\/\/klubmamgdynia.pl\/index.php\/wp-json\/wp\/v2\/comments?post=9285"}],"wp:featuredmedia":[{"embeddable":true,"href":"http:\/\/klubmamgdynia.pl\/index.php\/wp-json\/wp\/v2\/media\/9286"}],"wp:attachment":[{"href":"http:\/\/klubmamgdynia.pl\/index.php\/wp-json\/wp\/v2\/media?parent=9285"}],"wp:term":[{"taxonomy":"product_cat","embeddable":true,"href":"http:\/\/klubmamgdynia.pl\/index.php\/wp-json\/wp\/v2\/product_cat?post=9285"},{"taxonomy":"product_tag","embeddable":true,"href":"http:\/\/klubmamgdynia.pl\/index.php\/wp-json\/wp\/v2\/product_tag?post=9285"}],"curies":[{"name":"wp","href":"https:\/\/api.w.org\/{rel}","templated":true}]}}