{"id":9287,"date":"2020-05-31T06:45:22","date_gmt":"2020-05-31T04:45:22","guid":{"rendered":"http:\/\/klubmamgdynia.pl\/index.php\/produkt\/herpa-model-pojazdu-uprzywilejowanego-066747-n-mercedes-benz-atego-hlf-20-straz-pozarna-dekorowany\/"},"modified":"2026-04-28T13:28:16","modified_gmt":"2026-04-28T11:28:16","slug":"herpa-model-pojazdu-uprzywilejowanego-066747-n-mercedes-benz-atego-hlf-20-straz-pozarna-dekorowany","status":"publish","type":"product","link":"http:\/\/klubmamgdynia.pl\/index.php\/produkt\/herpa-model-pojazdu-uprzywilejowanego-066747-n-mercedes-benz-atego-hlf-20-straz-pozarna-dekorowany\/","title":{"rendered":"Herpa Model Pojazdu Uprzywilejowanego 066747 N Mercedes Benz Atego Hlf 20 &amp; Stra\u017c Po\u017carna&amp; Dekorowany"},"content":{"rendered":"<p>N Mercedes Benz Atego HLF 20 &#8222;Stra\u017c Po\u017carna&#8221;, dekorowanyHerpa-gotowy model .Dane techniczne: Klasa wiekowa: Od 15 lat \u00b7 Model (Tabor kolejowy): Model pojazdu uprzywilejowanego \u00b7 Producent pojazdu: Mercedes Benz \u00b7 Rodzaj modelu (Modelastwo kolejowe): gotowy model \u00b7 Skala modelarska: N \u00b7 Specyfikacja: Atego HLF 20 &#8222;Stra\u017c Po\u017carna&#8221;, dekorowanyWskaz\u00f3wki: Wierny orygina\u0142owi model dla doros\u0142ych kolekcjoner\u00f3w!W przypadku nowej edycji kolor mo\u017ce si\u0119 zmieni\u0107 w stosunku do rysunku.<\/p>\n<h2>Herpa Model Pojazdu Uprzywilejowanego 066747 N Mercedes Benz Atego Hlf 20 &amp; Stra\u017c Po\u017carna&amp; Dekorowany Herpa<\/h2>\n<p>domowe syropy na zim\u0119, quiz o hejka tu lenka, quiz flagi \u015bwiata, quiz o psie kt\u00f3ry je\u017adzi\u0142 kolej\u0105, \u015bmieszne zagadki logiczne, stare bajki, test magiczne drzewo czerwone krzes\u0142o, prezent na roczek dla chlopca, przyjazn, medrcy swiata, cicha noc po angielsku, dobranoc zimowo, przys\u0142owia o rodzinie, dobre zagadki logiczne, test lew czarownica i stara szafa, prezent dla trzynastolatki, prezent dla 7 latka ch\u0142opca, bajka na dobranoc, cytaty o mi\u0142o\u015bci kubu\u015b puchatek<\/p>\n<p>yyyyy<\/p>\n<p>&nbsp;<\/p>\n","protected":false},"excerpt":{"rendered":"<p>N Mercedes Benz Atego HLF 20 &#8222;Stra\u017c Po\u017carna&#8221;, dekorowanyHerpa-gotowy model .Dane techniczne: Klasa wiekowa: Od 15 lat \u00b7 Model (Tabor kolejowy): Model pojazdu uprzywilejowanego \u00b7 Producent pojazdu: Mercedes Benz \u00b7 Rodzaj modelu (Modelastwo kolejowe): gotowy model \u00b7 Skala modelarska: N \u00b7 Specyfikacja: Atego HLF 20 &#8222;Stra\u017c Po\u017carna&#8221;, dekorowanyWskaz\u00f3wki: Wierny orygina\u0142owi model dla doros\u0142ych kolekcjoner\u00f3w!W przypadku [&hellip;]<\/p>\n","protected":false},"featured_media":9288,"comment_status":"closed","ping_status":"open","template":"","meta":[],"product_cat":[1143,303],"product_tag":[663,795,778,721,869,791],"class_list":["post-9287","product","type-product","status-publish","has-post-thumbnail","hentry","product_cat-herpa","product_cat-kolekcjonerskie-modele-pojazdow","product_tag-kolorowanki-dla-dzieci-do-druku","product_tag-mini-zoo-warszawa","product_tag-zabawki-na-roczek-dla-chlopca","product_tag-zagadki-matematyczne","product_tag-zagadki-na-logike","product_tag-zagadki-na-myslenie"],"_links":{"self":[{"href":"http:\/\/klubmamgdynia.pl\/index.php\/wp-json\/wp\/v2\/product\/9287","targetHints":{"allow":["GET"]}}],"collection":[{"href":"http:\/\/klubmamgdynia.pl\/index.php\/wp-json\/wp\/v2\/product"}],"about":[{"href":"http:\/\/klubmamgdynia.pl\/index.php\/wp-json\/wp\/v2\/types\/product"}],"replies":[{"embeddable":true,"href":"http:\/\/klubmamgdynia.pl\/index.php\/wp-json\/wp\/v2\/comments?post=9287"}],"wp:featuredmedia":[{"embeddable":true,"href":"http:\/\/klubmamgdynia.pl\/index.php\/wp-json\/wp\/v2\/media\/9288"}],"wp:attachment":[{"href":"http:\/\/klubmamgdynia.pl\/index.php\/wp-json\/wp\/v2\/media?parent=9287"}],"wp:term":[{"taxonomy":"product_cat","embeddable":true,"href":"http:\/\/klubmamgdynia.pl\/index.php\/wp-json\/wp\/v2\/product_cat?post=9287"},{"taxonomy":"product_tag","embeddable":true,"href":"http:\/\/klubmamgdynia.pl\/index.php\/wp-json\/wp\/v2\/product_tag?post=9287"}],"curies":[{"name":"wp","href":"https:\/\/api.w.org\/{rel}","templated":true}]}}