{"id":9289,"date":"2014-03-19T08:38:52","date_gmt":"2014-03-19T07:38:52","guid":{"rendered":"http:\/\/klubmamgdynia.pl\/index.php\/produkt\/ty-beanie-boos-ellie-pink-speckled-elephant-24-cm\/"},"modified":"2026-04-24T09:11:34","modified_gmt":"2026-04-24T07:11:34","slug":"ty-beanie-boos-ellie-pink-speckled-elephant-24-cm","status":"publish","type":"product","link":"http:\/\/klubmamgdynia.pl\/index.php\/produkt\/ty-beanie-boos-ellie-pink-speckled-elephant-24-cm\/","title":{"rendered":"TY Beanie Boos Ellie Pink Speckled Elephant 24 cm"},"content":{"rendered":"<p>Starannie wykonana z wysokiej jako\u015bci materia\u0142\u00f3w, urocza i mi\u0119kka w dotyku maskotka Beanie Babies &#8211; idealna do przytulania!<\/p>\n<h2>TY Beanie Boos Ellie Pink Speckled Elephant 24 cm Ty<\/h2>\n<p>zagadki dla dzieci do druku, kwiaty polne nazwy, test z narnii lew czarownica i stara szafa, miko\u0142ajek sprawdzian z lektury z odpowiedziami, eneduerabe, bajki do czytania dla dzieci, kolorowanki pokemon do druku, jednorozec z dyni, zagadki dla dzieci 9-10 lat z odpowiedziami, desery dla dzieci, opisy do zdj\u0119\u0107 z dzieckiem, kolorowanka sky, zagadki z odpowiedziami dla dzieci, misie z film\u00f3w animowanych, pomys\u0142y na prezent dla nastolatk\u00f3w<\/p>\n<p>yyyyy<\/p>\n<p>&nbsp;<\/p>\n","protected":false},"excerpt":{"rendered":"<p>Starannie wykonana z wysokiej jako\u015bci materia\u0142\u00f3w, urocza i mi\u0119kka w dotyku maskotka Beanie Babies &#8211; idealna do przytulania! TY Beanie Boos Ellie Pink Speckled Elephant 24 cm Ty zagadki dla dzieci do druku, kwiaty polne nazwy, test z narnii lew czarownica i stara szafa, miko\u0142ajek sprawdzian z lektury z odpowiedziami, eneduerabe, bajki do czytania dla [&hellip;]<\/p>\n","protected":false},"featured_media":9290,"comment_status":"closed","ping_status":"open","template":"","meta":[],"product_cat":[42,966],"product_tag":[844,610,867,643],"class_list":["post-9289","product","type-product","status-publish","has-post-thumbnail","hentry","product_cat-maskotki","product_cat-ty","product_tag-co-kupic-na-roczek","product_tag-co-na-prezent-dla-nastolatkow","product_tag-kolorowanki-dla-dziewczynek","product_tag-prezent-dla-17-latki"],"_links":{"self":[{"href":"http:\/\/klubmamgdynia.pl\/index.php\/wp-json\/wp\/v2\/product\/9289","targetHints":{"allow":["GET"]}}],"collection":[{"href":"http:\/\/klubmamgdynia.pl\/index.php\/wp-json\/wp\/v2\/product"}],"about":[{"href":"http:\/\/klubmamgdynia.pl\/index.php\/wp-json\/wp\/v2\/types\/product"}],"replies":[{"embeddable":true,"href":"http:\/\/klubmamgdynia.pl\/index.php\/wp-json\/wp\/v2\/comments?post=9289"}],"wp:featuredmedia":[{"embeddable":true,"href":"http:\/\/klubmamgdynia.pl\/index.php\/wp-json\/wp\/v2\/media\/9290"}],"wp:attachment":[{"href":"http:\/\/klubmamgdynia.pl\/index.php\/wp-json\/wp\/v2\/media?parent=9289"}],"wp:term":[{"taxonomy":"product_cat","embeddable":true,"href":"http:\/\/klubmamgdynia.pl\/index.php\/wp-json\/wp\/v2\/product_cat?post=9289"},{"taxonomy":"product_tag","embeddable":true,"href":"http:\/\/klubmamgdynia.pl\/index.php\/wp-json\/wp\/v2\/product_tag?post=9289"}],"curies":[{"name":"wp","href":"https:\/\/api.w.org\/{rel}","templated":true}]}}