{"id":9291,"date":"2013-10-10T09:01:00","date_gmt":"2013-10-10T07:01:00","guid":{"rendered":"http:\/\/klubmamgdynia.pl\/index.php\/produkt\/puzzle-duze-edukacyjne-drewniane-klocki\/"},"modified":"2026-05-02T15:37:04","modified_gmt":"2026-05-02T13:37:04","slug":"puzzle-duze-edukacyjne-drewniane-klocki","status":"publish","type":"product","link":"http:\/\/klubmamgdynia.pl\/index.php\/produkt\/puzzle-duze-edukacyjne-drewniane-klocki\/","title":{"rendered":"Puzzle Du\u017ce Edukacyjne Drewniane Klocki"},"content":{"rendered":"<p>Puzzle drewniane.Ilo\u015b\u0107 element\u00f3w 26.Wykonane z drewna bukowego.Malowane nie toksycznymi farbami.Z jednej strony literki z drugiej cyferki.Dost\u0119pne r\u00f3\u017cne wzory.- krecik- w\u0105\u017c- s\u0142onik- motor- minionek- piesek- auto- ko\u0144- ciuchcia- traktorWymiary mog\u0105 si\u0119 r\u00f3\u017cnic w zale\u017cno\u015bci od wzoru. Grubo\u015b\u0107 puzzli to 1,5cmPoprzez puzzle dziecko uczy si\u0119 literek , cyferek, rozwija spostrzegawczo\u015b\u0107, sprawno\u015b\u0107 manualn\u0105, koordynacj\u0119 i cierpliwo\u015b\u0107.Po zakupie prosz\u0119 poda\u0107 wz\u00f3r klock\u00f3w, wi innym wypadku wybierany jest losowy.Zajrzyj na inne nasze aukcje tam du\u017co wi\u0119cej wyrob\u00f3w z drewna i wikliny.<\/p>\n<h2>Puzzle Du\u017ce Edukacyjne Drewniane Klocki <\/h2>\n<p>paula znaczenie imienia, \u015bwinka peppa bajka do czytania, domki nad morzem z atrakcjami dla dzieci, dziecko cytaty z\u0142ote my\u015bli, pisanie po \u015bladzie do druku pdf, super zings do druku, zagadka o wio\u015bnie, prezent na 1 urodziny, zagadki \u015bwi\u0105teczne dla dzieci, co dla dziecka na roczek, bajka na dobranoc do czytania, testy na znaki drogowe, parasol szablon do wydruku, cukierku ty \u0142obuzie test, \u015bwinka peppa kolorowanka do druku, imi\u0119 mira, piosenka dla mamy tekst, prezenty dla 16 latki<\/p>\n<p>yyyyy<\/p>\n<p>&nbsp;<\/p>\n","protected":false},"excerpt":{"rendered":"<p>Puzzle drewniane.Ilo\u015b\u0107 element\u00f3w 26.Wykonane z drewna bukowego.Malowane nie toksycznymi farbami.Z jednej strony literki z drugiej cyferki.Dost\u0119pne r\u00f3\u017cne wzory.- krecik- w\u0105\u017c- s\u0142onik- motor- minionek- piesek- auto- ko\u0144- ciuchcia- traktorWymiary mog\u0105 si\u0119 r\u00f3\u017cnic w zale\u017cno\u015bci od wzoru. Grubo\u015b\u0107 puzzli to 1,5cmPoprzez puzzle dziecko uczy si\u0119 literek , cyferek, rozwija spostrzegawczo\u015b\u0107, sprawno\u015b\u0107 manualn\u0105, koordynacj\u0119 i cierpliwo\u015b\u0107.Po zakupie prosz\u0119 [&hellip;]<\/p>\n","protected":false},"featured_media":9292,"comment_status":"closed","ping_status":"open","template":"","meta":[],"product_cat":[90],"product_tag":[801,750,795],"class_list":["post-9291","product","type-product","status-publish","has-post-thumbnail","hentry","product_cat-puzzle","product_tag-bajki-terapeutyczne-o-emocjach","product_tag-imie-kostek","product_tag-mini-zoo-warszawa"],"_links":{"self":[{"href":"http:\/\/klubmamgdynia.pl\/index.php\/wp-json\/wp\/v2\/product\/9291","targetHints":{"allow":["GET"]}}],"collection":[{"href":"http:\/\/klubmamgdynia.pl\/index.php\/wp-json\/wp\/v2\/product"}],"about":[{"href":"http:\/\/klubmamgdynia.pl\/index.php\/wp-json\/wp\/v2\/types\/product"}],"replies":[{"embeddable":true,"href":"http:\/\/klubmamgdynia.pl\/index.php\/wp-json\/wp\/v2\/comments?post=9291"}],"wp:featuredmedia":[{"embeddable":true,"href":"http:\/\/klubmamgdynia.pl\/index.php\/wp-json\/wp\/v2\/media\/9292"}],"wp:attachment":[{"href":"http:\/\/klubmamgdynia.pl\/index.php\/wp-json\/wp\/v2\/media?parent=9291"}],"wp:term":[{"taxonomy":"product_cat","embeddable":true,"href":"http:\/\/klubmamgdynia.pl\/index.php\/wp-json\/wp\/v2\/product_cat?post=9291"},{"taxonomy":"product_tag","embeddable":true,"href":"http:\/\/klubmamgdynia.pl\/index.php\/wp-json\/wp\/v2\/product_tag?post=9291"}],"curies":[{"name":"wp","href":"https:\/\/api.w.org\/{rel}","templated":true}]}}