{"id":9293,"date":"2014-01-05T22:53:08","date_gmt":"2014-01-05T21:53:08","guid":{"rendered":"http:\/\/klubmamgdynia.pl\/index.php\/produkt\/bruder-wywrotka-mercedes-benz-arocs\/"},"modified":"2026-05-17T22:20:26","modified_gmt":"2026-05-17T20:20:26","slug":"bruder-wywrotka-mercedes-benz-arocs","status":"publish","type":"product","link":"http:\/\/klubmamgdynia.pl\/index.php\/produkt\/bruder-wywrotka-mercedes-benz-arocs\/","title":{"rendered":"Bruder Wywrotka Mercedes Benz Arocs"},"content":{"rendered":"<p>Wywrotka Mercedes Benz ArocsWywrotka Mercedes Benz Arocs jest wiern\u0105 kopi\u0105 prawdziwego modelu w skali 1:16. Wykonany jest z wyokiej jako\u015bci tworzywa sztucznego przeznaczona jest dla dzieci w wieku powy\u017cej 3 lat.G\u0142\u00f3wne cechy:Przeszklon\u0105 kabin\u0119 z otwieranymi drzwiami i mask\u0105 silnikaSk\u0142adane lusterkaMi\u0119kkie, gumowe opony z bie\u017cnikiemTrzystopniowy teleskop z blokad\u0105Wywrot platformy do ty\u0142uOtwieran\u0105 klap\u0119Informacje o produkcieNr katalogowyBR-03623Marka BrakRodzaj WywrotkiSkala 1:16Materia\u0142 Tworzywo sztuczne (plastik)Wymagania wiekowe od 3 latP\u0142e\u0107 Ch\u0142opcyProdukt na baterie NieBaterie w zestawie NieZasilanie Nie dotyczyKolor NiebieskiD\u0142ugo\u015b\u0107 55 cmSzeroko\u015b\u0107 19 cmWysoko\u015b\u0107 22.5 cm<\/p>\n<h2>Bruder Wywrotka Mercedes Benz Arocs Bruder<\/h2>\n<p>kolorowanka kotki, karty pracy po ukrai\u0144sku, tekst o rodzinie, gaja imi\u0119, gwiazdka do druku, testy na znaki drogowe, maska psi patrol do druku, lidia imie, \u015bmieszne zagadki dla dzieci 10 lat, ko\u0142ysanki tekst, zosia samosia wiersz, zagadki logiczne na inteligencj\u0119 dla doros\u0142ych<\/p>\n<p>yyyyy<\/p>\n<p>&nbsp;<\/p>\n","protected":false},"excerpt":{"rendered":"<p>Wywrotka Mercedes Benz ArocsWywrotka Mercedes Benz Arocs jest wiern\u0105 kopi\u0105 prawdziwego modelu w skali 1:16. Wykonany jest z wyokiej jako\u015bci tworzywa sztucznego przeznaczona jest dla dzieci w wieku powy\u017cej 3 lat.G\u0142\u00f3wne cechy:Przeszklon\u0105 kabin\u0119 z otwieranymi drzwiami i mask\u0105 silnikaSk\u0142adane lusterkaMi\u0119kkie, gumowe opony z bie\u017cnikiemTrzystopniowy teleskop z blokad\u0105Wywrot platformy do ty\u0142uOtwieran\u0105 klap\u0119Informacje o produkcieNr katalogowyBR-03623Marka BrakRodzaj [&hellip;]<\/p>\n","protected":false},"featured_media":9294,"comment_status":"closed","ping_status":"open","template":"","meta":[],"product_cat":[83,1076],"product_tag":[837,792,691,605,630,577],"class_list":["post-9293","product","type-product","status-publish","has-post-thumbnail","hentry","product_cat-auta-i-inne-pojazdy-do-zabawy","product_cat-bruder","product_tag-cicha-noc-po-angielsku","product_tag-cytaty-o-mamie","product_tag-gabriel","product_tag-milena","product_tag-podchwytliwe-zagadki-z-odpowiedziami","product_tag-znaki-drogowe-test"],"_links":{"self":[{"href":"http:\/\/klubmamgdynia.pl\/index.php\/wp-json\/wp\/v2\/product\/9293","targetHints":{"allow":["GET"]}}],"collection":[{"href":"http:\/\/klubmamgdynia.pl\/index.php\/wp-json\/wp\/v2\/product"}],"about":[{"href":"http:\/\/klubmamgdynia.pl\/index.php\/wp-json\/wp\/v2\/types\/product"}],"replies":[{"embeddable":true,"href":"http:\/\/klubmamgdynia.pl\/index.php\/wp-json\/wp\/v2\/comments?post=9293"}],"wp:featuredmedia":[{"embeddable":true,"href":"http:\/\/klubmamgdynia.pl\/index.php\/wp-json\/wp\/v2\/media\/9294"}],"wp:attachment":[{"href":"http:\/\/klubmamgdynia.pl\/index.php\/wp-json\/wp\/v2\/media?parent=9293"}],"wp:term":[{"taxonomy":"product_cat","embeddable":true,"href":"http:\/\/klubmamgdynia.pl\/index.php\/wp-json\/wp\/v2\/product_cat?post=9293"},{"taxonomy":"product_tag","embeddable":true,"href":"http:\/\/klubmamgdynia.pl\/index.php\/wp-json\/wp\/v2\/product_tag?post=9293"}],"curies":[{"name":"wp","href":"https:\/\/api.w.org\/{rel}","templated":true}]}}