{"id":9295,"date":"2015-02-04T12:29:19","date_gmt":"2015-02-04T11:29:19","guid":{"rendered":"http:\/\/klubmamgdynia.pl\/index.php\/produkt\/hencz-zawieszka-do-smoczka-szophop-czerwona-623-66235\/"},"modified":"2026-04-30T05:25:31","modified_gmt":"2026-04-30T03:25:31","slug":"hencz-zawieszka-do-smoczka-szophop-czerwona-623-66235","status":"publish","type":"product","link":"http:\/\/klubmamgdynia.pl\/index.php\/produkt\/hencz-zawieszka-do-smoczka-szophop-czerwona-623-66235\/","title":{"rendered":"Hencz Zawieszka Do Smoczka Szophop Czerwona 623 66235"},"content":{"rendered":"<p>Zawieszka do smoczka SzopHop Hencz to spos\u00f3b na skuteczne zabezpieczenie smoczka przez zgubieniem.Zawieszka Hencz z jednej strony przymocowana jest do uchwytu smoczka, z drugiej do ubranka dziecka, za pomoc\u0105 klipsa. Dzi\u0119ki temu smoczek nawet po wyj\u0119ciu z buzi, zawsze b\u0119dzie tu\u017c przy dziecku.Dodatkowo, zawieszka stanowi\u0107 mo\u017ce maskotk\u0119 do zabawy, kt\u00f3ra stymuluje rozw\u00f3j maluszka. Kontrastowe barwy i prosty wz\u00f3r w paski wspieraj\u0105 rozw\u00f3j wzroku, a wystaj\u0105ce elementy, takie jak metki, uszy czy ogonek szopa, zach\u0119c\u0105 do ci\u0105gni\u0119cia czy gryzienia, co wspomaga rozw\u00f3j sprawno\u015bci manualnej i si\u0142y mi\u0119\u015bniowej.Zawieszka do smoczka SzopHop Hencz wykonana zosta\u0142a w Polsce, z wysokiej jako\u015bci tkanin.Wiek dziecka: 0 +D\u0142ugo\u015b\u0107 maskotki: 24 cmOpakowanie stanowi element produktu.Kod EAN: 5907784466242 \/ 5907784466235<\/p>\n<h2>Hencz Zawieszka Do Smoczka Szophop Czerwona 623 66235 Hencz<\/h2>\n<p>prezent na 1 urodziny, literki, prezent dla nastolatk\u00f3w 2021, jak narysowa\u0107 psa, pan twardowski na ksi\u0119\u017cycu wiersz, zabawy ruchowe dla dzieci w przedszkolu, quiz minecraft, wierszyki o wakacjach kr\u00f3tkie<\/p>\n<p>yyyyy<\/p>\n<p>&nbsp;<\/p>\n","protected":false},"excerpt":{"rendered":"<p>Zawieszka do smoczka SzopHop Hencz to spos\u00f3b na skuteczne zabezpieczenie smoczka przez zgubieniem.Zawieszka Hencz z jednej strony przymocowana jest do uchwytu smoczka, z drugiej do ubranka dziecka, za pomoc\u0105 klipsa. Dzi\u0119ki temu smoczek nawet po wyj\u0119ciu z buzi, zawsze b\u0119dzie tu\u017c przy dziecku.Dodatkowo, zawieszka stanowi\u0107 mo\u017ce maskotk\u0119 do zabawy, kt\u00f3ra stymuluje rozw\u00f3j maluszka. Kontrastowe barwy [&hellip;]<\/p>\n","protected":false},"featured_media":9296,"comment_status":"closed","ping_status":"open","template":"","meta":[],"product_cat":[166,1809],"product_tag":[865,578,790],"class_list":["post-9295","product","type-product","status-publish","has-post-thumbnail","hentry","product_cat-hencz","product_cat-zawieszki-do-smoczkow","product_tag-cytaty-o-dzieciach","product_tag-fajne-zarty-na-prima-aprilis","product_tag-gry-planszowe-dla-nastolatkow"],"_links":{"self":[{"href":"http:\/\/klubmamgdynia.pl\/index.php\/wp-json\/wp\/v2\/product\/9295","targetHints":{"allow":["GET"]}}],"collection":[{"href":"http:\/\/klubmamgdynia.pl\/index.php\/wp-json\/wp\/v2\/product"}],"about":[{"href":"http:\/\/klubmamgdynia.pl\/index.php\/wp-json\/wp\/v2\/types\/product"}],"replies":[{"embeddable":true,"href":"http:\/\/klubmamgdynia.pl\/index.php\/wp-json\/wp\/v2\/comments?post=9295"}],"wp:featuredmedia":[{"embeddable":true,"href":"http:\/\/klubmamgdynia.pl\/index.php\/wp-json\/wp\/v2\/media\/9296"}],"wp:attachment":[{"href":"http:\/\/klubmamgdynia.pl\/index.php\/wp-json\/wp\/v2\/media?parent=9295"}],"wp:term":[{"taxonomy":"product_cat","embeddable":true,"href":"http:\/\/klubmamgdynia.pl\/index.php\/wp-json\/wp\/v2\/product_cat?post=9295"},{"taxonomy":"product_tag","embeddable":true,"href":"http:\/\/klubmamgdynia.pl\/index.php\/wp-json\/wp\/v2\/product_tag?post=9295"}],"curies":[{"name":"wp","href":"https:\/\/api.w.org\/{rel}","templated":true}]}}