{"id":9297,"date":"2016-12-11T12:03:32","date_gmt":"2016-12-11T11:03:32","guid":{"rendered":"http:\/\/klubmamgdynia.pl\/index.php\/produkt\/kibri-model-pojazdu-budowlanego-11266-h0-atlas\/"},"modified":"2026-05-02T15:46:57","modified_gmt":"2026-05-02T13:46:57","slug":"kibri-model-pojazdu-budowlanego-11266-h0-atlas","status":"publish","type":"product","link":"http:\/\/klubmamgdynia.pl\/index.php\/produkt\/kibri-model-pojazdu-budowlanego-11266-h0-atlas\/","title":{"rendered":"Kibri Model Pojazdu Budowlanego 11266 H0 Atlas"},"content":{"rendered":"<p>Koparka ko\u0142owa H0 SERSA ATLAS 1604Jako dostawca kompleksowych us\u0142ug w zakresie technologii kolejowej, Rhomberg Sersa Rail Group oferuje prawie pe\u0142ny zakres us\u0142ug w zakresie budowy, wyposa\u017cenia i serwisu kolejowego. Portfolio obejmuje budow\u0119 tor\u00f3w, remonty lub utrzymanie tor\u00f3w oraz renowacj\u0119 tuneli kolejowych, zasilanie trakcji i technologie komunikacyjne, doradztwo, projektowanie i planowanie oraz us\u0142ugi logistyczne.Dane prototypu: ATLAS MOBILBAGGER 1604, silnik wysokopr\u0119\u017cny DEUTZ do ch\u0142odzenia ciecz\u0105, typ BF4M 1013E, 95 kW \/ 129 KM z bezpo\u015brednim wtryskiem i turbodo\u0142adowaniem spalin z kopark\u0105 i \u0142opat\u0105 nasypow\u0105.Uwaga! Opis tego produktu zosta\u0142 przet\u0142umaczony automatycznie. Je\u015bli mo\u017cemy poprawi\u0107 go dzi\u0119ki Tobie, prosimy o kontakt.Dane techniczne: Dalsze dane techniczne: d\u0142. 53 &#8211; 134 x szer. 35 x wys. 38 &#8211; 110 mm \u00b7 Klasa wiekowa: Od 15 lat \u00b7 Model (Tabor kolejowy): Model pojazdu budowlanego \u00b7 Producent pojazdu: Atlas \u00b7 Rodzaj modelu (Modelastwo kolejowe): Zestaw do z\u0142o\u017cenia \u00b7 Skala modelarska: H0 \u00b7 Specyfikacja: Koparka ko\u0142owa Sersa 1604Wskaz\u00f3wki: Wierny orygina\u0142owi model dla doros\u0142ych kolekcjoner\u00f3w!W przypadku nowej edycji kolor mo\u017ce si\u0119 zmieni\u0107 w stosunku do rysunku.<\/p>\n<h2>Kibri Model Pojazdu Budowlanego 11266 H0 Atlas Kibri<\/h2>\n<p>opisy do zdj\u0119\u0107 z dzieckiem, rozrywka dla dzieci, wzruszaj\u0105c\u0105 piosenka dla taty, cytat na dzie\u0144 mamy, zagadki matematyczne dla dzieci 7 lat, bajka o biedronce, zimowe zabawy dla dzieci, kolorowanki do druku peppa, co \u0142apie ale nie rzuca<\/p>\n<p>yyyyy<\/p>\n<p>&nbsp;<\/p>\n","protected":false},"excerpt":{"rendered":"<p>Koparka ko\u0142owa H0 SERSA ATLAS 1604Jako dostawca kompleksowych us\u0142ug w zakresie technologii kolejowej, Rhomberg Sersa Rail Group oferuje prawie pe\u0142ny zakres us\u0142ug w zakresie budowy, wyposa\u017cenia i serwisu kolejowego. Portfolio obejmuje budow\u0119 tor\u00f3w, remonty lub utrzymanie tor\u00f3w oraz renowacj\u0119 tuneli kolejowych, zasilanie trakcji i technologie komunikacyjne, doradztwo, projektowanie i planowanie oraz us\u0142ugi logistyczne.Dane prototypu: ATLAS [&hellip;]<\/p>\n","protected":false},"featured_media":9298,"comment_status":"closed","ping_status":"open","template":"","meta":[],"product_cat":[1810,303],"product_tag":[658,781,835,592],"class_list":["post-9297","product","type-product","status-publish","has-post-thumbnail","hentry","product_cat-kibri","product_cat-kolekcjonerskie-modele-pojazdow","product_tag-alan-znaczenie-imienia","product_tag-cytaty-o-wychowaniu-dzieci","product_tag-radosc-dziecka-cytaty","product_tag-zagadki-dla-dzieci"],"_links":{"self":[{"href":"http:\/\/klubmamgdynia.pl\/index.php\/wp-json\/wp\/v2\/product\/9297","targetHints":{"allow":["GET"]}}],"collection":[{"href":"http:\/\/klubmamgdynia.pl\/index.php\/wp-json\/wp\/v2\/product"}],"about":[{"href":"http:\/\/klubmamgdynia.pl\/index.php\/wp-json\/wp\/v2\/types\/product"}],"replies":[{"embeddable":true,"href":"http:\/\/klubmamgdynia.pl\/index.php\/wp-json\/wp\/v2\/comments?post=9297"}],"wp:featuredmedia":[{"embeddable":true,"href":"http:\/\/klubmamgdynia.pl\/index.php\/wp-json\/wp\/v2\/media\/9298"}],"wp:attachment":[{"href":"http:\/\/klubmamgdynia.pl\/index.php\/wp-json\/wp\/v2\/media?parent=9297"}],"wp:term":[{"taxonomy":"product_cat","embeddable":true,"href":"http:\/\/klubmamgdynia.pl\/index.php\/wp-json\/wp\/v2\/product_cat?post=9297"},{"taxonomy":"product_tag","embeddable":true,"href":"http:\/\/klubmamgdynia.pl\/index.php\/wp-json\/wp\/v2\/product_tag?post=9297"}],"curies":[{"name":"wp","href":"https:\/\/api.w.org\/{rel}","templated":true}]}}