{"id":9299,"date":"2013-10-29T05:25:42","date_gmt":"2013-10-29T04:25:42","guid":{"rendered":"http:\/\/klubmamgdynia.pl\/index.php\/produkt\/bella-wkladki-higieniczne-panty-extra-long-16-szt\/"},"modified":"2026-05-17T21:30:45","modified_gmt":"2026-05-17T19:30:45","slug":"bella-wkladki-higieniczne-panty-extra-long-16-szt","status":"publish","type":"product","link":"http:\/\/klubmamgdynia.pl\/index.php\/produkt\/bella-wkladki-higieniczne-panty-extra-long-16-szt\/","title":{"rendered":"Bella Wk\u0142adki Higieniczne Panty Extra Long 16 Szt."},"content":{"rendered":"<p>Wk\u0142adki higieniczne Bella Panty Ultra doskonale sprawdz\u0105 si\u0119 jako ochrona przed intymnym zapachem. S\u0105 ch\u0142onne, zapewniaj\u0105 poczucie swobody i komfortu.Cechy produktu:grubo\u015b\u0107: 2 mmdelikatna pow\u0142okakszta\u0142t: anatomicznybezzapachowechroni\u0105 przed nieprzyjemnymi zapachamid\u0142ugo\u015b\u0107: 205 mm \/ szeroko\u015b\u0107: 59 mmW\u0142a\u015bciwo\u015bci wk\u0142adek higienicznych Bella Panty UltraWyj\u0105tkowe uczucie mi\u0119kko\u015bci i komfortu dzi\u0119ki delikatnej, przyjemnej w dotyku pow\u0142oczce, kt\u00f3ra zmniejsza ryzyko powstawania otar\u0107.Poczucie sucho\u015bci zapewnia pasek z superabsorbentem, kt\u00f3ry radzi sobie z wilgoci\u0105 tak\u017ce na poziomie kropelkowego nietrzymania moczu.Wygodna i dyskretna &#8211; wk\u0142adka jest cienka i bardzo elastyczna dzi\u0119ki specjalnym t\u0142oczeniom, dlatego doskonale dopasowuje si\u0119 do bielizny. Walka z nieprzyjemnym zapachem &#8211; dzi\u0119ki superabsorebntowi wk\u0142adki redukuj\u0105 nieprzyjemny, intymny zapach.Wyd\u0142u\u017cony kszta\u0142t dla zapewnienia jeszcze wi\u0119kszego komfortuBella &#8211; polska marka obecna na rynku od ponad 35 latBella to polska marka wyrob\u00f3w higienicznych przeznaczonych dla kobiet &#8211; lider na rynku \u015arodkowo-Wschodniej Europy, dynamicznie zdobywaj\u0105ca rynek Europy Zachodniej i Azji.W XIV edycji &#8222;Rankingu najcenniejszych polskich marek 2018&#8221; przygotowanym przez Rzeczpospolit\u0105, marka Bella zaj\u0119\u0142a pierwsze miejsce w kategorii kosmetyki i higiena oraz 105 miejsce w kategorii g\u0142\u00f3wnej wg. warto\u015bci. Sukces marki Bella to przede wszystkim dba\u0142o\u015b\u0107 o najwy\u017csz\u0105 jako\u015b\u0107 produkt\u00f3w, wychodzenie naprzeciw potrzebom klientek oraz otwarto\u015b\u0107 na nowoczesne rozwi\u0105zania technologiczne.<\/p>\n<h2>Bella Wk\u0142adki Higieniczne Panty Extra Long 16 Szt. Bella<\/h2>\n<p>plac zamkowy, bajki dla niemowl\u0105t, kolorowanki andrzejkowe, zadania logiczne dla dzieci, alan znaczenie imienia, gabriela imie, trudne zagadki i odpowiedzi, tabliczka mno\u017cenia kolorowanki do wydruku<\/p>\n<p>yyyyy<\/p>\n<p>&nbsp;<\/p>\n","protected":false},"excerpt":{"rendered":"<p>Wk\u0142adki higieniczne Bella Panty Ultra doskonale sprawdz\u0105 si\u0119 jako ochrona przed intymnym zapachem. S\u0105 ch\u0142onne, zapewniaj\u0105 poczucie swobody i komfortu.Cechy produktu:grubo\u015b\u0107: 2 mmdelikatna pow\u0142okakszta\u0142t: anatomicznybezzapachowechroni\u0105 przed nieprzyjemnymi zapachamid\u0142ugo\u015b\u0107: 205 mm \/ szeroko\u015b\u0107: 59 mmW\u0142a\u015bciwo\u015bci wk\u0142adek higienicznych Bella Panty UltraWyj\u0105tkowe uczucie mi\u0119kko\u015bci i komfortu dzi\u0119ki delikatnej, przyjemnej w dotyku pow\u0142oczce, kt\u00f3ra zmniejsza ryzyko powstawania otar\u0107.Poczucie sucho\u015bci [&hellip;]<\/p>\n","protected":false},"featured_media":9300,"comment_status":"closed","ping_status":"open","template":"","meta":[],"product_cat":[35,948],"product_tag":[666,789,654,729,742],"class_list":["post-9299","product","type-product","status-publish","has-post-thumbnail","hentry","product_cat-bella","product_cat-wkladki-higieniczne","product_tag-afrykanskie-imiona","product_tag-kaczuszka","product_tag-krotkie-bajki-dla-dzieci-do-czytania","product_tag-madre-bajki-dla-dzieci-do-czytania","product_tag-piosenki-dla-dzieci-tekst"],"_links":{"self":[{"href":"http:\/\/klubmamgdynia.pl\/index.php\/wp-json\/wp\/v2\/product\/9299","targetHints":{"allow":["GET"]}}],"collection":[{"href":"http:\/\/klubmamgdynia.pl\/index.php\/wp-json\/wp\/v2\/product"}],"about":[{"href":"http:\/\/klubmamgdynia.pl\/index.php\/wp-json\/wp\/v2\/types\/product"}],"replies":[{"embeddable":true,"href":"http:\/\/klubmamgdynia.pl\/index.php\/wp-json\/wp\/v2\/comments?post=9299"}],"wp:featuredmedia":[{"embeddable":true,"href":"http:\/\/klubmamgdynia.pl\/index.php\/wp-json\/wp\/v2\/media\/9300"}],"wp:attachment":[{"href":"http:\/\/klubmamgdynia.pl\/index.php\/wp-json\/wp\/v2\/media?parent=9299"}],"wp:term":[{"taxonomy":"product_cat","embeddable":true,"href":"http:\/\/klubmamgdynia.pl\/index.php\/wp-json\/wp\/v2\/product_cat?post=9299"},{"taxonomy":"product_tag","embeddable":true,"href":"http:\/\/klubmamgdynia.pl\/index.php\/wp-json\/wp\/v2\/product_tag?post=9299"}],"curies":[{"name":"wp","href":"https:\/\/api.w.org\/{rel}","templated":true}]}}