{"id":9303,"date":"2024-11-08T12:30:24","date_gmt":"2024-11-08T11:30:24","guid":{"rendered":"http:\/\/klubmamgdynia.pl\/?post_type=product&#038;p=9303"},"modified":"2026-05-17T22:24:16","modified_gmt":"2026-05-17T20:24:16","slug":"bella-cotton-patyczki-higieniczne-200-sztuk","status":"publish","type":"product","link":"http:\/\/klubmamgdynia.pl\/index.php\/produkt\/bella-cotton-patyczki-higieniczne-200-sztuk\/","title":{"rendered":"Bella Cotton Patyczki Higieniczne 200 Sztuk"},"content":{"rendered":"<p>Patyczki higieniczne pokryte 100% bawe\u0142n\u0105. Zalecane s\u0105 do czyszczenia ma\u0142\u017cowiny usznej i punktowego nak\u0142adania.<\/p>\n<h2>Bella Cotton Patyczki Higieniczne 200 Sztuk Bella<\/h2>\n<p>sandra imie, quiz opowie\u015bci z narnii lew czarownica i stara szafa, tupcio chrupcio bajka do czytania, najlepsze zagadki, tulipany kolorowanki, kolorowanki my little pony, prezenty na roczek, zagadki dla dzieci 10 12 lat z odpowiedziami, gry planszowe dla m\u0142odzie\u017cy, fajne prezenty dla nastolatk\u00f3w, testy na znaki drogowe, nowoczesna babcia wiersz, kolorowanki dla dziewczynek, teksty ko\u0142ysanek, prezent dla 15 latka<\/p>\n<p>yyyyy<\/p>\n<p>&nbsp;<\/p>\n","protected":false},"excerpt":{"rendered":"<p>Patyczki higieniczne pokryte 100% bawe\u0142n\u0105. Zalecane s\u0105 do czyszczenia ma\u0142\u017cowiny usznej i punktowego nak\u0142adania. Bella Cotton Patyczki Higieniczne 200 Sztuk Bella sandra imie, quiz opowie\u015bci z narnii lew czarownica i stara szafa, tupcio chrupcio bajka do czytania, najlepsze zagadki, tulipany kolorowanki, kolorowanki my little pony, prezenty na roczek, zagadki dla dzieci 10 12 lat z [&hellip;]<\/p>\n","protected":false},"featured_media":9304,"comment_status":"closed","ping_status":"open","template":"","meta":[],"product_cat":[35,1804],"product_tag":[871,802,848,775,850,778],"class_list":["post-9303","product","type-product","status-publish","has-post-thumbnail","hentry","product_cat-bella","product_cat-patyczki-higieniczne","product_tag-bajka-o-smoku-wawelskim","product_tag-co-kupic-dziewczynce-na-roczek","product_tag-cytat-o-rodzinie","product_tag-kolorowanki-do-druku-pokemon","product_tag-wroclaw-atrakcje-dla-dzieci","product_tag-zabawki-na-roczek-dla-chlopca"],"_links":{"self":[{"href":"http:\/\/klubmamgdynia.pl\/index.php\/wp-json\/wp\/v2\/product\/9303","targetHints":{"allow":["GET"]}}],"collection":[{"href":"http:\/\/klubmamgdynia.pl\/index.php\/wp-json\/wp\/v2\/product"}],"about":[{"href":"http:\/\/klubmamgdynia.pl\/index.php\/wp-json\/wp\/v2\/types\/product"}],"replies":[{"embeddable":true,"href":"http:\/\/klubmamgdynia.pl\/index.php\/wp-json\/wp\/v2\/comments?post=9303"}],"wp:featuredmedia":[{"embeddable":true,"href":"http:\/\/klubmamgdynia.pl\/index.php\/wp-json\/wp\/v2\/media\/9304"}],"wp:attachment":[{"href":"http:\/\/klubmamgdynia.pl\/index.php\/wp-json\/wp\/v2\/media?parent=9303"}],"wp:term":[{"taxonomy":"product_cat","embeddable":true,"href":"http:\/\/klubmamgdynia.pl\/index.php\/wp-json\/wp\/v2\/product_cat?post=9303"},{"taxonomy":"product_tag","embeddable":true,"href":"http:\/\/klubmamgdynia.pl\/index.php\/wp-json\/wp\/v2\/product_tag?post=9303"}],"curies":[{"name":"wp","href":"https:\/\/api.w.org\/{rel}","templated":true}]}}