{"id":9305,"date":"2014-03-21T01:54:20","date_gmt":"2014-03-21T00:54:20","guid":{"rendered":"http:\/\/klubmamgdynia.pl\/index.php\/produkt\/luxma-pila-mechaniczna-dla-malego-drwala-dzwieki-192-zabawka\/"},"modified":"2026-04-22T16:06:21","modified_gmt":"2026-04-22T14:06:21","slug":"luxma-pila-mechaniczna-dla-malego-drwala-dzwieki-192-zabawka","status":"publish","type":"product","link":"http:\/\/klubmamgdynia.pl\/index.php\/produkt\/luxma-pila-mechaniczna-dla-malego-drwala-dzwieki-192-zabawka\/","title":{"rendered":"Luxma Pi\u0142a Mechaniczna Dla Ma\u0142ego Drwala D\u017awi\u0119ki 192 &#8211; Zabawka"},"content":{"rendered":"<p>PI\u0141A MECHANICZNA \u0141A\u0143CUCHOWA DLA MA\u0141EGO DRWALA D\u0179WI\u0118KIFUNKCJE ZABAWKI:W\u0142\u0105cznik on\/offPo poci\u0105gni\u0119ciu r\u0105czki z lewej strony, pi\u0142a si\u0119 w\u0142\u0105cza i wydaje d\u017awi\u0119ki jak prawdziwa pi\u0142a mechaniczna!!!!!Gdy pi\u0142a jest w\u0142\u0105czona po naci\u015bni\u0119ciu kolejno g\u00f3rnego i dolnego przycisku w r\u0105czce \u0142a\u0144cuch w pile zaczyna si\u0119 obraca\u0107 jak w prawdziwej pile mechanicznej!!\u017bywe koloryWymiary opakowania:40 X 20 X 10 CMWymiary zabawki:37 X 15 X 10 CMBaterie: 3 x AA (brak w zestawie)Wiek: 3+Zabawka posiada certyfikat CE, EN71.OSTRZE\u017bENIE!ZABAWKA DLA DZIECI POWY\u017bEJ TRZECH LAT ZE WZGL\u0118DU NA MA\u0141E ELEMENTY! ISTNIEJE MO\u017bLIWO\u015a\u0106 UD\u0141AWIENIA SI\u0118 LUB UDUSZENIA.Wymiary opakowania:40 X 20 X 10 CMWymiary zabawki:37 X 15 X 10 CMBaterie: 3 x AA (brak w zestawie)Wiek: 3+Zabawka posiada certyfikat CE, EN71.<\/p>\n<h2>Luxma Pi\u0142a Mechaniczna Dla Ma\u0142ego Drwala D\u017awi\u0119ki 192 &#8211; Zabawka Luxma<\/h2>\n<p>atrakcje dla dzieci wielkopolska, karaluchy pod poduchy a szczypawki, prezent dla 15 latki 2021, maski superbohater\u00f3w do wydrukowania, czapka g\u00f3rnika szablon chomikuj, test z opowie\u015bci z narnii, zagadka, bajka psi patrol do czytania, smerfy kolorowanka, zagadki o zawodach, zagadki dla 4 latka, gwiazda do wydruku, psikusy na prima aprilis, zagadki matematyczne logiczne, kr\u00f3tkie \u017cyczenia wielkanocne dla dzieci, wroc\u0142aw dla dzieci, rodzina sentencja, test z lektury ania z zielonego wzg\u00f3rza klasa 6 z odpowiedziami, dymitr, buziak gify na dobranoc smieszne, jak namalowa\u0107 psa<\/p>\n<p>yyyyy<\/p>\n<p>&nbsp;<\/p>\n","protected":false},"excerpt":{"rendered":"<p>PI\u0141A MECHANICZNA \u0141A\u0143CUCHOWA DLA MA\u0141EGO DRWALA D\u0179WI\u0118KIFUNKCJE ZABAWKI:W\u0142\u0105cznik on\/offPo poci\u0105gni\u0119ciu r\u0105czki z lewej strony, pi\u0142a si\u0119 w\u0142\u0105cza i wydaje d\u017awi\u0119ki jak prawdziwa pi\u0142a mechaniczna!!!!!Gdy pi\u0142a jest w\u0142\u0105czona po naci\u015bni\u0119ciu kolejno g\u00f3rnego i dolnego przycisku w r\u0105czce \u0142a\u0144cuch w pile zaczyna si\u0119 obraca\u0107 jak w prawdziwej pile mechanicznej!!\u017bywe koloryWymiary opakowania:40 X 20 X 10 CMWymiary zabawki:37 [&hellip;]<\/p>\n","protected":false},"featured_media":9306,"comment_status":"closed","ping_status":"open","template":"","meta":[],"product_cat":[53,327],"product_tag":[761,640,717,711,709],"class_list":["post-9305","product","type-product","status-publish","has-post-thumbnail","hentry","product_cat-kaciki-zabaw","product_cat-luxma","product_tag-choinko-piekna-jak-las-tekst","product_tag-prezent-dla-rocznej-dziewczynki","product_tag-prezent-roczek","product_tag-prezenty-dla-nastolatkow","product_tag-zagadki-dla-dzieci-6-7-lat"],"_links":{"self":[{"href":"http:\/\/klubmamgdynia.pl\/index.php\/wp-json\/wp\/v2\/product\/9305","targetHints":{"allow":["GET"]}}],"collection":[{"href":"http:\/\/klubmamgdynia.pl\/index.php\/wp-json\/wp\/v2\/product"}],"about":[{"href":"http:\/\/klubmamgdynia.pl\/index.php\/wp-json\/wp\/v2\/types\/product"}],"replies":[{"embeddable":true,"href":"http:\/\/klubmamgdynia.pl\/index.php\/wp-json\/wp\/v2\/comments?post=9305"}],"wp:featuredmedia":[{"embeddable":true,"href":"http:\/\/klubmamgdynia.pl\/index.php\/wp-json\/wp\/v2\/media\/9306"}],"wp:attachment":[{"href":"http:\/\/klubmamgdynia.pl\/index.php\/wp-json\/wp\/v2\/media?parent=9305"}],"wp:term":[{"taxonomy":"product_cat","embeddable":true,"href":"http:\/\/klubmamgdynia.pl\/index.php\/wp-json\/wp\/v2\/product_cat?post=9305"},{"taxonomy":"product_tag","embeddable":true,"href":"http:\/\/klubmamgdynia.pl\/index.php\/wp-json\/wp\/v2\/product_tag?post=9305"}],"curies":[{"name":"wp","href":"https:\/\/api.w.org\/{rel}","templated":true}]}}