{"id":9307,"date":"2021-06-18T20:13:25","date_gmt":"2021-06-18T18:13:25","guid":{"rendered":"http:\/\/klubmamgdynia.pl\/index.php\/produkt\/drewniana-lampka-nocna-dziecieca-sowy\/"},"modified":"2026-04-30T18:29:23","modified_gmt":"2026-04-30T16:29:23","slug":"drewniana-lampka-nocna-dziecieca-sowy","status":"publish","type":"product","link":"http:\/\/klubmamgdynia.pl\/index.php\/produkt\/drewniana-lampka-nocna-dziecieca-sowy\/","title":{"rendered":"Drewniana Lampka Nocna Dzieci\u0119ca Sowy"},"content":{"rendered":"<p>LAMPA NOCNA DO POKOJU DZIECI\u0118CEGOLampka dzieci\u0119ca w sowy to propozycja do\u015bwietlenia pokoju dzieci\u0119cego. Gdy g\u0142\u00f3wne \u015bwiat\u0142o w pokoju dzieci\u0119cym jest wy\u0142\u0105czone, lampka do\u015bwietli pok\u00f3j dzieci\u0119cy i doda przytulno\u015bci jego wn\u0119trzu. Pr\u00f3cz tego mo\u017ce by\u0107 stosowana jako lampka na biurko. O\u015bwietlenie mo\u017ce s\u0142u\u017cy\u0107 r\u00f3wnie\u017c podczas zasypiania dziecka. Dzi\u0119ki swojej budowie, a tak\u017ce zastosowanym wzorom, kt\u00f3re pokrywaj\u0105 aba\u017cur, lampa z pewno\u015bci\u0105 przyci\u0105gnie uwag\u0119 twojej pociechy. Podstawa lampy zosta\u0142a wykonana z naturalnego drewna, co czyni j\u0105 mocn\u0105 i trwa\u0142\u0105. Farba i oleje stosowane w produkcji lamp posiadaj\u0105 wszystkie niezb\u0119dne atesty i certyfikaty. S\u0105 w pe\u0142ni bezpieczne dla dzieci jak i \u015brodowiska.Lampka nocna przyda si\u0119 w ka\u017cdym pokoju dzieci\u0119cym.Wz\u00f3r jest odpowiedni zar\u00f3wno dla dziewczynki jak i ch\u0142opczyka &#8211; idealnie odnajdzie si\u0119 w pokoju dzieci\u0119cym do\u015bwietlaj\u0105c pomieszczenie podczas nauki, zabawy jak i codziennego funkcjonowania. To doskona\u0142y pomys\u0142 na prezent. Aba\u017cur w razie zabrudzenia mo\u017cna przetrze\u0107 such\u0105, lub wilgotn\u0105 \u015bciereczk\u0105.Mo\u017cliwe jest zastosowanie \u017car\u00f3wek LED.Dla lepszego odwzorowania kolor\u00f3w proponujemy u\u017cywa\u0107 \u017car\u00f3wek o bia\u0142ej lub neutralnej barwie \u015bwiat\u0142a .Lampy te tworzone s\u0105 w Polsce. Lampa sprzedawana jest bez \u017car\u00f3wki. Specyfikacja techniczna:Ilo\u015b\u0107 punkt\u00f3w \u015bwietlnych &#8211; 1szeroko\u015b\u0107 &#8211; 25 cmd\u0142ugo\u015b\u0107- 25 cmwysoko\u015b\u0107 &#8211; 41 cmmateria\u0142y &#8211; drewno-metal-tworzywo sztucznemax. Wat &#8211; 60 Woprawka &#8211; E27zasilanie (V) &#8211; 230 V<\/p>\n<h2>Drewniana Lampka Nocna Dzieci\u0119ca Sowy <\/h2>\n<p>quiz narnia lew czarownica i stara szafa, przys\u0142owia o rodzinie, bajki dla dzieci na dobranoc do czytania, jedzie poci\u0105g z daleka tekst, maska kota do druku<\/p>\n<p>yyyyy<\/p>\n<p>&nbsp;<\/p>\n","protected":false},"excerpt":{"rendered":"<p>LAMPA NOCNA DO POKOJU DZIECI\u0118CEGOLampka dzieci\u0119ca w sowy to propozycja do\u015bwietlenia pokoju dzieci\u0119cego. Gdy g\u0142\u00f3wne \u015bwiat\u0142o w pokoju dzieci\u0119cym jest wy\u0142\u0105czone, lampka do\u015bwietli pok\u00f3j dzieci\u0119cy i doda przytulno\u015bci jego wn\u0119trzu. Pr\u00f3cz tego mo\u017ce by\u0107 stosowana jako lampka na biurko. O\u015bwietlenie mo\u017ce s\u0142u\u017cy\u0107 r\u00f3wnie\u017c podczas zasypiania dziecka. Dzi\u0119ki swojej budowie, a tak\u017ce zastosowanym wzorom, kt\u00f3re pokrywaj\u0105 [&hellip;]<\/p>\n","protected":false},"featured_media":9308,"comment_status":"closed","ping_status":"open","template":"","meta":[],"product_cat":[138],"product_tag":[827,680,753,654,652,661],"class_list":["post-9307","product","type-product","status-publish","has-post-thumbnail","hentry","product_cat-lampki-dzieciece","product_tag-bajki-dla-niemowlat","product_tag-cytaty-z-malego-ksiecia","product_tag-kamila","product_tag-krotkie-bajki-dla-dzieci-do-czytania","product_tag-otto","product_tag-swinka-peppa-kolorowanka"],"_links":{"self":[{"href":"http:\/\/klubmamgdynia.pl\/index.php\/wp-json\/wp\/v2\/product\/9307","targetHints":{"allow":["GET"]}}],"collection":[{"href":"http:\/\/klubmamgdynia.pl\/index.php\/wp-json\/wp\/v2\/product"}],"about":[{"href":"http:\/\/klubmamgdynia.pl\/index.php\/wp-json\/wp\/v2\/types\/product"}],"replies":[{"embeddable":true,"href":"http:\/\/klubmamgdynia.pl\/index.php\/wp-json\/wp\/v2\/comments?post=9307"}],"wp:featuredmedia":[{"embeddable":true,"href":"http:\/\/klubmamgdynia.pl\/index.php\/wp-json\/wp\/v2\/media\/9308"}],"wp:attachment":[{"href":"http:\/\/klubmamgdynia.pl\/index.php\/wp-json\/wp\/v2\/media?parent=9307"}],"wp:term":[{"taxonomy":"product_cat","embeddable":true,"href":"http:\/\/klubmamgdynia.pl\/index.php\/wp-json\/wp\/v2\/product_cat?post=9307"},{"taxonomy":"product_tag","embeddable":true,"href":"http:\/\/klubmamgdynia.pl\/index.php\/wp-json\/wp\/v2\/product_tag?post=9307"}],"curies":[{"name":"wp","href":"https:\/\/api.w.org\/{rel}","templated":true}]}}