{"id":9315,"date":"2022-03-08T02:23:17","date_gmt":"2022-03-08T01:23:17","guid":{"rendered":"http:\/\/klubmamgdynia.pl\/index.php\/produkt\/schleich-dzikie-zycie-niedzwiedz-polarny-zjezdzalnia-42531\/"},"modified":"2026-05-17T22:50:43","modified_gmt":"2026-05-17T20:50:43","slug":"schleich-dzikie-zycie-niedzwiedz-polarny-zjezdzalnia-42531","status":"publish","type":"product","link":"http:\/\/klubmamgdynia.pl\/index.php\/produkt\/schleich-dzikie-zycie-niedzwiedz-polarny-zjezdzalnia-42531\/","title":{"rendered":"Schleich Dzikie \u017bycie Nied\u017awied\u017a Polarny Zje\u017cd\u017calnia 42531"},"content":{"rendered":"<p>Szczeg\u00f3\u0142y produktu: Wiek: od 3 lat \u015awiat tematyczny: Dzikie \u017cycie Zestaw zabawowy ma\u0142y mi\u015b polarny Zach\u0119ca do pomys\u0142owej zabawy Figurki Schleich s\u0105 wymodelowane wiernie w szczeg\u00f3\u0142ach i stanowi\u0105 warto\u015bciow\u0105 edukacyjnie zabaw\u0119. Wymiary i waga: Wymiary po z\u0142o\u017ceniu (d\u0142ugo\u015b\u0107 x szeroko\u015b\u0107 x wysoko\u015b\u0107): 21 x 18 x 5 cm W zestawie: 1 x dziecko nied\u017awiedzia polarnego 1 x graj\u0105ce dziecko nied\u017awiedzia polarnego 1 x narwal 1 x kra lodowa Ostrze\u017cenia i instrukcje bezpiecze\u0144stwa: Uwaga: Nie nadaje si\u0119 dla dzieci poni\u017cej 3 lat. Zawiera ma\u0142e cz\u0119\u015bci, kt\u00f3re mog\u0105 zosta\u0107 po\u0142kni\u0119te. Niebezpiecze\u0144stwo zad\u0142awienia!<\/p>\n<h2>Schleich Dzikie \u017bycie Nied\u017awied\u017a Polarny Zje\u017cd\u017calnia 42531 Schleich<\/h2>\n<p>nadia, cytaty o dziecku, zagadki, cicha noc po angielsku tekst, labirynt psi patrol, kolorowanki lol do druku, kolorowanka dla dzieci, kolorowanki do druku lol, test znaki drogowe, gdy strumyk p\u0142ynie z wolna, gaja imi\u0119, z\u0142ote my\u015bli o przyja\u017ani, kolorowanka my little pony, piosenki dla dzieci o jesieni, miko\u0142ajek sprawdzian z lektury z odpowiedziami, aron<\/p>\n<p>yyyyy<\/p>\n<p>&nbsp;<\/p>\n","protected":false},"excerpt":{"rendered":"<p>Szczeg\u00f3\u0142y produktu: Wiek: od 3 lat \u015awiat tematyczny: Dzikie \u017cycie Zestaw zabawowy ma\u0142y mi\u015b polarny Zach\u0119ca do pomys\u0142owej zabawy Figurki Schleich s\u0105 wymodelowane wiernie w szczeg\u00f3\u0142ach i stanowi\u0105 warto\u015bciow\u0105 edukacyjnie zabaw\u0119. Wymiary i waga: Wymiary po z\u0142o\u017ceniu (d\u0142ugo\u015b\u0107 x szeroko\u015b\u0107 x wysoko\u015b\u0107): 21 x 18 x 5 cm W zestawie: 1 x dziecko nied\u017awiedzia polarnego [&hellip;]<\/p>\n","protected":false},"featured_media":9316,"comment_status":"closed","ping_status":"open","template":"","meta":[],"product_cat":[95,952],"product_tag":[844,673,683,654,796],"class_list":["post-9315","product","type-product","status-publish","has-post-thumbnail","hentry","product_cat-figurki-makiety-i-zestawy","product_cat-schleich","product_tag-co-kupic-na-roczek","product_tag-juz-blisko-koleda-tekst","product_tag-karaluchy-pod-poduchy","product_tag-krotkie-bajki-dla-dzieci-do-czytania","product_tag-zagatki"],"_links":{"self":[{"href":"http:\/\/klubmamgdynia.pl\/index.php\/wp-json\/wp\/v2\/product\/9315","targetHints":{"allow":["GET"]}}],"collection":[{"href":"http:\/\/klubmamgdynia.pl\/index.php\/wp-json\/wp\/v2\/product"}],"about":[{"href":"http:\/\/klubmamgdynia.pl\/index.php\/wp-json\/wp\/v2\/types\/product"}],"replies":[{"embeddable":true,"href":"http:\/\/klubmamgdynia.pl\/index.php\/wp-json\/wp\/v2\/comments?post=9315"}],"wp:featuredmedia":[{"embeddable":true,"href":"http:\/\/klubmamgdynia.pl\/index.php\/wp-json\/wp\/v2\/media\/9316"}],"wp:attachment":[{"href":"http:\/\/klubmamgdynia.pl\/index.php\/wp-json\/wp\/v2\/media?parent=9315"}],"wp:term":[{"taxonomy":"product_cat","embeddable":true,"href":"http:\/\/klubmamgdynia.pl\/index.php\/wp-json\/wp\/v2\/product_cat?post=9315"},{"taxonomy":"product_tag","embeddable":true,"href":"http:\/\/klubmamgdynia.pl\/index.php\/wp-json\/wp\/v2\/product_tag?post=9315"}],"curies":[{"name":"wp","href":"https:\/\/api.w.org\/{rel}","templated":true}]}}