{"id":9317,"date":"2017-10-13T04:35:41","date_gmt":"2017-10-13T02:35:41","guid":{"rendered":"http:\/\/klubmamgdynia.pl\/index.php\/produkt\/desgeo-ecological-lazy-fish-tank-pro\/"},"modified":"2026-05-02T15:38:12","modified_gmt":"2026-05-02T13:38:12","slug":"desgeo-ecological-lazy-fish-tank-pro","status":"publish","type":"product","link":"http:\/\/klubmamgdynia.pl\/index.php\/produkt\/desgeo-ecological-lazy-fish-tank-pro\/","title":{"rendered":"DESGEO Ecological Lazy Fish Tank Pro"},"content":{"rendered":"<p>Nowoczesne, inteligentne akwarium dla rybek DESGEO z funkcj\u0105 automatycznego karmienia oraz nastrojowym o\u015bwietleniem!<\/p>\n<h2>DESGEO Ecological Lazy Fish Tank Pro <\/h2>\n<p>mitologia test wiedzy, leon imi\u0119, zagadki o owocach, tajemniczy ogr\u00f3d test z lektury, szablon krokus kolorowanka, ma\u0142y ksi\u0105\u017c\u0119 &#8211; test z odpowiedziami<\/p>\n<p>yyyyy<\/p>\n<p>&nbsp;<\/p>\n","protected":false},"excerpt":{"rendered":"<p>Nowoczesne, inteligentne akwarium dla rybek DESGEO z funkcj\u0105 automatycznego karmienia oraz nastrojowym o\u015bwietleniem! DESGEO Ecological Lazy Fish Tank Pro mitologia test wiedzy, leon imi\u0119, zagadki o owocach, tajemniczy ogr\u00f3d test z lektury, szablon krokus kolorowanka, ma\u0142y ksi\u0105\u017c\u0119 &#8211; test z odpowiedziami yyyyy &nbsp;<\/p>\n","protected":false},"featured_media":9318,"comment_status":"closed","ping_status":"open","template":"","meta":[],"product_cat":[1030],"product_tag":[761,619,657,623,767],"class_list":["post-9317","product","type-product","status-publish","has-post-thumbnail","hentry","product_cat-akwaria-i-zestawy-akwarystyczne","product_tag-choinko-piekna-jak-las-tekst","product_tag-iwo-imie","product_tag-lol-kolorowanka","product_tag-zagadki-logiczne-smieszne","product_tag-zaproszenia-urodzinowe-do-druku"],"_links":{"self":[{"href":"http:\/\/klubmamgdynia.pl\/index.php\/wp-json\/wp\/v2\/product\/9317","targetHints":{"allow":["GET"]}}],"collection":[{"href":"http:\/\/klubmamgdynia.pl\/index.php\/wp-json\/wp\/v2\/product"}],"about":[{"href":"http:\/\/klubmamgdynia.pl\/index.php\/wp-json\/wp\/v2\/types\/product"}],"replies":[{"embeddable":true,"href":"http:\/\/klubmamgdynia.pl\/index.php\/wp-json\/wp\/v2\/comments?post=9317"}],"wp:featuredmedia":[{"embeddable":true,"href":"http:\/\/klubmamgdynia.pl\/index.php\/wp-json\/wp\/v2\/media\/9318"}],"wp:attachment":[{"href":"http:\/\/klubmamgdynia.pl\/index.php\/wp-json\/wp\/v2\/media?parent=9317"}],"wp:term":[{"taxonomy":"product_cat","embeddable":true,"href":"http:\/\/klubmamgdynia.pl\/index.php\/wp-json\/wp\/v2\/product_cat?post=9317"},{"taxonomy":"product_tag","embeddable":true,"href":"http:\/\/klubmamgdynia.pl\/index.php\/wp-json\/wp\/v2\/product_tag?post=9317"}],"curies":[{"name":"wp","href":"https:\/\/api.w.org\/{rel}","templated":true}]}}