{"id":9319,"date":"2020-09-29T07:35:14","date_gmt":"2020-09-29T05:35:14","guid":{"rendered":"http:\/\/klubmamgdynia.pl\/index.php\/produkt\/dekoracyjna-lampka-neonowa-led-tecza\/"},"modified":"2026-04-03T21:32:14","modified_gmt":"2026-04-03T19:32:14","slug":"dekoracyjna-lampka-neonowa-led-tecza","status":"publish","type":"product","link":"http:\/\/klubmamgdynia.pl\/index.php\/produkt\/dekoracyjna-lampka-neonowa-led-tecza\/","title":{"rendered":"Dekoracyjna Lampka Neonowa Led- T\u0119cza"},"content":{"rendered":"<p>Dekoracyjna lampka neonowa LED- t\u0119czaDekoracyjna lampka neonowa LED- t\u0119cza Neonowa lampka przyci\u0105gnie wzrok i zachwyci ka\u017cdego entuzjast\u0119 designerskich dodatk\u00f3w. Dekoracyjne o\u015bwietlenie roz\u015bwietli dowolne wn\u0119trze. \u015awietnie ozdobi pok\u00f3j dziecka i nada mu barwnych kolor\u00f3w. Dekoracje mo\u017cna zawiesi\u0107 na \u015bcianie lub postawi\u0107 zwyczajnie na biurku czy p\u00f3\u0142ce.Cechy:Neonowy wygl\u0105d lampki LEDEnergooszcz\u0119dne o\u015bwietlenie LEDMo\u017cliwo\u015b\u0107 zawieszenia na \u015bcianie dzi\u0119ki zaczepom Pi\u0119kna ozdoba dzieci\u0119cego pokoju Specyfikacja produktu:Rozmiar produktu: 30,3 * 2,5 * 18 cm Informacje o produkcieModel: Lampy sto\u0142oweWaga: 0,350 kgProdukt jest Nowy<\/p>\n<h2>Dekoracyjna Lampka Neonowa Led- T\u0119cza Inny<\/h2>\n<p>kotki do druku, bajka o biedronce, kwiecie\u0144 plecie\u0144 wiersz, beniamin imi\u0119, zagadki sprawdzaj\u0105ce inteligencj\u0119, gry dla m\u0142odzie\u017cy, trudne zagadki na inteligencje, quiz pi\u0142karski, maski na twarz dla dzieci do wydruku, gad\u017cety dla nastolatki, kontynenty dla dzieci do druku, zabawy na bal karnawa\u0142owy w przedszkolu, kolorowanki dla dziewczynek do druku<\/p>\n<p>yyyyy<\/p>\n<p>&nbsp;<\/p>\n","protected":false},"excerpt":{"rendered":"<p>Dekoracyjna lampka neonowa LED- t\u0119czaDekoracyjna lampka neonowa LED- t\u0119cza Neonowa lampka przyci\u0105gnie wzrok i zachwyci ka\u017cdego entuzjast\u0119 designerskich dodatk\u00f3w. Dekoracyjne o\u015bwietlenie roz\u015bwietli dowolne wn\u0119trze. \u015awietnie ozdobi pok\u00f3j dziecka i nada mu barwnych kolor\u00f3w. Dekoracje mo\u017cna zawiesi\u0107 na \u015bcianie lub postawi\u0107 zwyczajnie na biurku czy p\u00f3\u0142ce.Cechy:Neonowy wygl\u0105d lampki LEDEnergooszcz\u0119dne o\u015bwietlenie LEDMo\u017cliwo\u015b\u0107 zawieszenia na \u015bcianie dzi\u0119ki zaczepom [&hellip;]<\/p>\n","protected":false},"featured_media":9320,"comment_status":"closed","ping_status":"open","template":"","meta":[],"product_cat":[169,138],"product_tag":[660,644,640,824,736,823],"class_list":["post-9319","product","type-product","status-publish","has-post-thumbnail","hentry","product_cat-inny","product_cat-lampki-dzieciece","product_tag-bianka","product_tag-mia","product_tag-prezent-dla-rocznej-dziewczynki","product_tag-warszawa-atrakcje-dla-dzieci","product_tag-zabawki-na-roczek","product_tag-zagadki-dla-dzieci-7-lat"],"_links":{"self":[{"href":"http:\/\/klubmamgdynia.pl\/index.php\/wp-json\/wp\/v2\/product\/9319","targetHints":{"allow":["GET"]}}],"collection":[{"href":"http:\/\/klubmamgdynia.pl\/index.php\/wp-json\/wp\/v2\/product"}],"about":[{"href":"http:\/\/klubmamgdynia.pl\/index.php\/wp-json\/wp\/v2\/types\/product"}],"replies":[{"embeddable":true,"href":"http:\/\/klubmamgdynia.pl\/index.php\/wp-json\/wp\/v2\/comments?post=9319"}],"wp:featuredmedia":[{"embeddable":true,"href":"http:\/\/klubmamgdynia.pl\/index.php\/wp-json\/wp\/v2\/media\/9320"}],"wp:attachment":[{"href":"http:\/\/klubmamgdynia.pl\/index.php\/wp-json\/wp\/v2\/media?parent=9319"}],"wp:term":[{"taxonomy":"product_cat","embeddable":true,"href":"http:\/\/klubmamgdynia.pl\/index.php\/wp-json\/wp\/v2\/product_cat?post=9319"},{"taxonomy":"product_tag","embeddable":true,"href":"http:\/\/klubmamgdynia.pl\/index.php\/wp-json\/wp\/v2\/product_tag?post=9319"}],"curies":[{"name":"wp","href":"https:\/\/api.w.org\/{rel}","templated":true}]}}