{"id":932,"date":"2014-07-10T15:15:32","date_gmt":"2014-07-10T13:15:32","guid":{"rendered":"http:\/\/klubmamgdynia.pl\/index.php\/produkt\/hipo-dinozaury-12-szt-hhs038\/"},"modified":"2026-05-17T22:59:59","modified_gmt":"2026-05-17T20:59:59","slug":"hipo-dinozaury-12-szt-hhs038","status":"publish","type":"product","link":"http:\/\/klubmamgdynia.pl\/index.php\/produkt\/hipo-dinozaury-12-szt-hhs038\/","title":{"rendered":"Hipo Dinozaury 12 szt (HHS038)"},"content":{"rendered":"<p>Zestaw figurek dinozaur\u00f3w.Zawiera 12 figurek r\u00f3\u017cnych garunk\u00f3w z mat\u0105.Wymiary opakowania: 35 x 18 x 3 cmWiek: 3+&#8230;<\/p>\n<h2>Hipo Dinozaury 12 szt (HHS038) Hipo<\/h2>\n<p>ko\u0142ysanki dla dzieci + tekst, miko\u0142ajek sprawdzian z lektury z odpowiedziami, \u0142amig\u0142\u00f3wki logiczne, prezenty dla nastolatkow, zagadki o zwierz\u0119tach, szopka do druku, kotki kolorowanka, cookie dough przepis, maska do druku, kolorowanki samochody, kolorowanki do druku pokemon, zagadki logiczne na inteligencj\u0119, zagadki dla dzieci z odpowiedziami, zgadywanki dla dzieci, co kupi\u0107 na roczek dla dziewczynki, zagadki rymowanki dla dzieci<\/p>\n<p>yyyyy<\/p>\n<p>&nbsp;<\/p>\n","protected":false},"excerpt":{"rendered":"<p>Zestaw figurek dinozaur\u00f3w.Zawiera 12 figurek r\u00f3\u017cnych garunk\u00f3w z mat\u0105.Wymiary opakowania: 35 x 18 x 3 cmWiek: 3+&#8230; Hipo Dinozaury 12 szt (HHS038) Hipo ko\u0142ysanki dla dzieci + tekst, miko\u0142ajek sprawdzian z lektury z odpowiedziami, \u0142amig\u0142\u00f3wki logiczne, prezenty dla nastolatkow, zagadki o zwierz\u0119tach, szopka do druku, kotki kolorowanka, cookie dough przepis, maska do druku, kolorowanki samochody, [&hellip;]<\/p>\n","protected":false},"featured_media":933,"comment_status":"closed","ping_status":"open","template":"","meta":[],"product_cat":[95,310],"product_tag":[610,763,731],"class_list":["post-932","product","type-product","status-publish","has-post-thumbnail","hentry","product_cat-figurki-makiety-i-zestawy","product_cat-hipo","product_tag-co-na-prezent-dla-nastolatkow","product_tag-fabian","product_tag-maly-ksiaze-cytaty"],"_links":{"self":[{"href":"http:\/\/klubmamgdynia.pl\/index.php\/wp-json\/wp\/v2\/product\/932","targetHints":{"allow":["GET"]}}],"collection":[{"href":"http:\/\/klubmamgdynia.pl\/index.php\/wp-json\/wp\/v2\/product"}],"about":[{"href":"http:\/\/klubmamgdynia.pl\/index.php\/wp-json\/wp\/v2\/types\/product"}],"replies":[{"embeddable":true,"href":"http:\/\/klubmamgdynia.pl\/index.php\/wp-json\/wp\/v2\/comments?post=932"}],"wp:featuredmedia":[{"embeddable":true,"href":"http:\/\/klubmamgdynia.pl\/index.php\/wp-json\/wp\/v2\/media\/933"}],"wp:attachment":[{"href":"http:\/\/klubmamgdynia.pl\/index.php\/wp-json\/wp\/v2\/media?parent=932"}],"wp:term":[{"taxonomy":"product_cat","embeddable":true,"href":"http:\/\/klubmamgdynia.pl\/index.php\/wp-json\/wp\/v2\/product_cat?post=932"},{"taxonomy":"product_tag","embeddable":true,"href":"http:\/\/klubmamgdynia.pl\/index.php\/wp-json\/wp\/v2\/product_tag?post=932"}],"curies":[{"name":"wp","href":"https:\/\/api.w.org\/{rel}","templated":true}]}}