{"id":9323,"date":"2019-05-07T05:15:12","date_gmt":"2019-05-07T03:15:12","guid":{"rendered":"http:\/\/klubmamgdynia.pl\/index.php\/produkt\/jada-toys-nissan-gt-r-r35-szybcy-i-wsciekli-fast-furious-124\/"},"modified":"2026-04-05T09:59:50","modified_gmt":"2026-04-05T07:59:50","slug":"jada-toys-nissan-gt-r-r35-szybcy-i-wsciekli-fast-furious-124","status":"publish","type":"product","link":"http:\/\/klubmamgdynia.pl\/index.php\/produkt\/jada-toys-nissan-gt-r-r35-szybcy-i-wsciekli-fast-furious-124\/","title":{"rendered":"Jada Toys Nissan GT-R (R35) Szybcy i w\u015bciekli Fast &amp; Furious 1:24"},"content":{"rendered":"<p>Nissan GT-R (R35), Szybcy i w\u015bciekli, Fast &amp; Furious, wierna replika wozu wykonana z metalu w skali 1:24. Jada Toys 253203008<\/p>\n<h2>Jada Toys Nissan GT-R (R35) Szybcy i w\u015bciekli Fast &amp; Furious 1:24 Jada Toys<\/h2>\n<p>super zings kolorowanka, \u015bmieszne zagadki, nauka pisania literek do wydruku pdf, zagadki liczbowe, jeremi imi\u0119, kolorowanki do druku dla dziewczyn, buziak gify na dobranoc smieszne, lol surprise kolorowanka, cytat dziecko, jak narysowa\u0107 sanie miko\u0142aja, psi patrol rysunek, \u015bwi\u0119ta wielkanocne piosenka tekst, dla dzieci warszawa, zagadki s\u0142owne, eneduerabe, zagadki \u015bmieszne, ilona, babciu droga babciu tekst, pomys\u0142 na prima aprilis, janusz korczak cytaty, andrzejki dekoracje do druku<\/p>\n<p>yyyyy<\/p>\n<p>&nbsp;<\/p>\n","protected":false},"excerpt":{"rendered":"<p>Nissan GT-R (R35), Szybcy i w\u015bciekli, Fast &amp; Furious, wierna replika wozu wykonana z metalu w skali 1:24. Jada Toys 253203008 Jada Toys Nissan GT-R (R35) Szybcy i w\u015bciekli Fast &amp; Furious 1:24 Jada Toys super zings kolorowanka, \u015bmieszne zagadki, nauka pisania literek do wydruku pdf, zagadki liczbowe, jeremi imi\u0119, kolorowanki do druku dla dziewczyn, [&hellip;]<\/p>\n","protected":false},"featured_media":9324,"comment_status":"closed","ping_status":"open","template":"","meta":[],"product_cat":[83,311],"product_tag":[784,613,587],"class_list":["post-9323","product","type-product","status-publish","has-post-thumbnail","hentry","product_cat-auta-i-inne-pojazdy-do-zabawy","product_cat-jada-toys","product_tag-hymn-gorniczy","product_tag-na-wyspach-bergamutach","product_tag-skalne-miasto"],"_links":{"self":[{"href":"http:\/\/klubmamgdynia.pl\/index.php\/wp-json\/wp\/v2\/product\/9323","targetHints":{"allow":["GET"]}}],"collection":[{"href":"http:\/\/klubmamgdynia.pl\/index.php\/wp-json\/wp\/v2\/product"}],"about":[{"href":"http:\/\/klubmamgdynia.pl\/index.php\/wp-json\/wp\/v2\/types\/product"}],"replies":[{"embeddable":true,"href":"http:\/\/klubmamgdynia.pl\/index.php\/wp-json\/wp\/v2\/comments?post=9323"}],"wp:featuredmedia":[{"embeddable":true,"href":"http:\/\/klubmamgdynia.pl\/index.php\/wp-json\/wp\/v2\/media\/9324"}],"wp:attachment":[{"href":"http:\/\/klubmamgdynia.pl\/index.php\/wp-json\/wp\/v2\/media?parent=9323"}],"wp:term":[{"taxonomy":"product_cat","embeddable":true,"href":"http:\/\/klubmamgdynia.pl\/index.php\/wp-json\/wp\/v2\/product_cat?post=9323"},{"taxonomy":"product_tag","embeddable":true,"href":"http:\/\/klubmamgdynia.pl\/index.php\/wp-json\/wp\/v2\/product_tag?post=9323"}],"curies":[{"name":"wp","href":"https:\/\/api.w.org\/{rel}","templated":true}]}}