{"id":9327,"date":"2011-02-11T02:16:39","date_gmt":"2011-02-11T01:16:39","guid":{"rendered":"http:\/\/klubmamgdynia.pl\/index.php\/produkt\/headu-moj-dom-montessori-zabawka\/"},"modified":"2026-04-20T15:55:48","modified_gmt":"2026-04-20T13:55:48","slug":"headu-moj-dom-montessori-zabawka","status":"publish","type":"product","link":"http:\/\/klubmamgdynia.pl\/index.php\/produkt\/headu-moj-dom-montessori-zabawka\/","title":{"rendered":"Headu M\u00f3j Dom Montessori &#8211; Zabawka"},"content":{"rendered":"<p>Szczeg\u00f3\u0142y produktu: Wiek: od 24 miesi\u0119cy Nauka rozpoznawania kszta\u0142t\u00f3w poprzez zabaw\u0119 Wymiary i waga: Wymiary po z\u0142o\u017ceniu (d\u0142ugo\u015b\u0107 x szeroko\u015b\u0107 x wysoko\u015b\u0107): ok. 6,9 x 24,5 x 20,5 cm Masa: ok. 0,94 kg Materia\u0142 i piel\u0119gnacja: Materia\u0142: papier W zestawie: Info Uwaga: Artyku\u0142 XY nie jest obj\u0119ty zakresem dostawy. Ostrze\u017cenia i instrukcje dotycz\u0105ce bezpiecze\u0144stwa: Ostro\u017cnie:<\/p>\n<h2>Headu M\u00f3j Dom Montessori &#8211; Zabawka Headu<\/h2>\n<p>kornelia, audiobooki dla dzieci za darmo, prezent na roczek dziewczynka, cicha noc po angielsku, miasto dzieci krak\u00f3w, zagadki dla dzieci 14 lat, dyplomy szablony pdf, maski do druku kolorowe, rysunki do druku, wystawy dla dzieci warszawa, zaj\u0119cia kulinarne dla dzieci pomys\u0142y, daria imie, quiz z bajek, wierszyki na lany poniedzia\u0142ek<\/p>\n<p>yyyyy<\/p>\n<p>&nbsp;<\/p>\n","protected":false},"excerpt":{"rendered":"<p>Szczeg\u00f3\u0142y produktu: Wiek: od 24 miesi\u0119cy Nauka rozpoznawania kszta\u0142t\u00f3w poprzez zabaw\u0119 Wymiary i waga: Wymiary po z\u0142o\u017ceniu (d\u0142ugo\u015b\u0107 x szeroko\u015b\u0107 x wysoko\u015b\u0107): ok. 6,9 x 24,5 x 20,5 cm Masa: ok. 0,94 kg Materia\u0142 i piel\u0119gnacja: Materia\u0142: papier W zestawie: Info Uwaga: Artyku\u0142 XY nie jest obj\u0119ty zakresem dostawy. Ostrze\u017cenia i instrukcje dotycz\u0105ce bezpiecze\u0144stwa: Ostro\u017cnie: [&hellip;]<\/p>\n","protected":false},"featured_media":9328,"comment_status":"closed","ping_status":"open","template":"","meta":[],"product_cat":[1811,53],"product_tag":[705,798,743,661,615],"class_list":["post-9327","product","type-product","status-publish","has-post-thumbnail","hentry","product_cat-headu","product_cat-kaciki-zabaw","product_tag-prezent-na-roczek-dla-chlopca","product_tag-prezenty-dla-nastolatki","product_tag-quiz-dla-dzieci","product_tag-swinka-peppa-kolorowanka","product_tag-znane-misie-z-filmow-animowanych"],"_links":{"self":[{"href":"http:\/\/klubmamgdynia.pl\/index.php\/wp-json\/wp\/v2\/product\/9327","targetHints":{"allow":["GET"]}}],"collection":[{"href":"http:\/\/klubmamgdynia.pl\/index.php\/wp-json\/wp\/v2\/product"}],"about":[{"href":"http:\/\/klubmamgdynia.pl\/index.php\/wp-json\/wp\/v2\/types\/product"}],"replies":[{"embeddable":true,"href":"http:\/\/klubmamgdynia.pl\/index.php\/wp-json\/wp\/v2\/comments?post=9327"}],"wp:featuredmedia":[{"embeddable":true,"href":"http:\/\/klubmamgdynia.pl\/index.php\/wp-json\/wp\/v2\/media\/9328"}],"wp:attachment":[{"href":"http:\/\/klubmamgdynia.pl\/index.php\/wp-json\/wp\/v2\/media?parent=9327"}],"wp:term":[{"taxonomy":"product_cat","embeddable":true,"href":"http:\/\/klubmamgdynia.pl\/index.php\/wp-json\/wp\/v2\/product_cat?post=9327"},{"taxonomy":"product_tag","embeddable":true,"href":"http:\/\/klubmamgdynia.pl\/index.php\/wp-json\/wp\/v2\/product_tag?post=9327"}],"curies":[{"name":"wp","href":"https:\/\/api.w.org\/{rel}","templated":true}]}}