{"id":9329,"date":"2018-08-19T16:51:14","date_gmt":"2018-08-19T14:51:14","guid":{"rendered":"http:\/\/klubmamgdynia.pl\/index.php\/produkt\/ecoiffier-kuchnia-dla-niemowlat-zabawka\/"},"modified":"2026-05-17T21:59:24","modified_gmt":"2026-05-17T19:59:24","slug":"ecoiffier-kuchnia-dla-niemowlat-zabawka","status":"publish","type":"product","link":"http:\/\/klubmamgdynia.pl\/index.php\/produkt\/ecoiffier-kuchnia-dla-niemowlat-zabawka\/","title":{"rendered":"Ecoiffier Kuchnia Dla Niemowl\u0105t &#8211; Zabawka"},"content":{"rendered":"<p>Szczeg\u00f3\u0142y produktu: Wiek: od 18 miesi\u0119cy wzwy\u017c Dzi\u0119ki czaruj\u0105cej kuchni Ecoiffier baby, rodzice lalek mog\u0105 w pe\u0142ni zaspokoi\u0107 potrzeby swoich ma\u0142ych ulubie\u0144c\u00f3w. Kompaktowa kuchnia do zabawy oferuje wszystko, czego potrzebuj\u0105 maluchy, aby nakarmi\u0107 swoje lalki Z mikrofal\u00f3wk\u0105 do podgrzewania kaszek dla niemowl\u0105t, robotem kuchennym, misk\u0105, kt\u00f3ra podwaja si\u0119 jako dzbanek z miark\u0105, lod\u00f3wk\u0105 na mleko i inne jedzenie, ma\u0142ym zlewem z kranem i zintegrowanym fotelikiem dla lalek, w kt\u00f3rym mo\u017cna karmi\u0107 ulubion\u0105 lalk\u0119. W sk\u0142ad 11-elementowych akcesori\u00f3w wchodzi r\u00f3wnie\u017c talerzyk z dwoma ma\u0142ymi \u0142y\u017ceczkami, butelka, puszka z jedzeniem dla niemowl\u0105t oraz mleko w proszku Wymiary i waga: Wymiary po z\u0142o\u017ceniu (d\u0142ugo\u015b\u0107 x szeroko\u015b\u0107 x wysoko\u015b\u0107): 61,5 x 30 x 61 cm Waga: 9,34 kg Materia\u0142 i piel\u0119gnacja: Materia\u0142: tworzywo sztuczne<\/p>\n<h2>Ecoiffier Kuchnia Dla Niemowl\u0105t &#8211; Zabawka Ecoiffier<\/h2>\n<p>kolorowanka sky, warszawa dzieci, buziak gify na dobranoc smieszne, maurycy, my jeste\u015bmy krasnoludki tekst, quiz konie, szlaczki literopodobne do wydruku, prezenty na roczek dla ch\u0142opca, zagadki o bo\u017cym narodzeniu, lol do druku, test zaczarowana zagroda, zagadki na my\u015blenie, zagadki dla 6 latka, quiz stolice europy, imi\u0119 nadia, cytaty o dzieciach i rodzicach, po \u0142\u0105ce biega lato tekst, sta\u0142a pod \u015bniegiem<\/p>\n<p>yyyyy<\/p>\n<p>&nbsp;<\/p>\n","protected":false},"excerpt":{"rendered":"<p>Szczeg\u00f3\u0142y produktu: Wiek: od 18 miesi\u0119cy wzwy\u017c Dzi\u0119ki czaruj\u0105cej kuchni Ecoiffier baby, rodzice lalek mog\u0105 w pe\u0142ni zaspokoi\u0107 potrzeby swoich ma\u0142ych ulubie\u0144c\u00f3w. Kompaktowa kuchnia do zabawy oferuje wszystko, czego potrzebuj\u0105 maluchy, aby nakarmi\u0107 swoje lalki Z mikrofal\u00f3wk\u0105 do podgrzewania kaszek dla niemowl\u0105t, robotem kuchennym, misk\u0105, kt\u00f3ra podwaja si\u0119 jako dzbanek z miark\u0105, lod\u00f3wk\u0105 na mleko [&hellip;]<\/p>\n","protected":false},"featured_media":9330,"comment_status":"closed","ping_status":"open","template":"","meta":[],"product_cat":[986,53],"product_tag":[655,783,675],"class_list":["post-9329","product","type-product","status-publish","has-post-thumbnail","hentry","product_cat-ecoiffier","product_cat-kaciki-zabaw","product_tag-najlepsze-zagadki","product_tag-prezenty-na-roczek-dla-chlopca","product_tag-test-z-lektury-kajko-i-kokosz-szkola-latania"],"_links":{"self":[{"href":"http:\/\/klubmamgdynia.pl\/index.php\/wp-json\/wp\/v2\/product\/9329","targetHints":{"allow":["GET"]}}],"collection":[{"href":"http:\/\/klubmamgdynia.pl\/index.php\/wp-json\/wp\/v2\/product"}],"about":[{"href":"http:\/\/klubmamgdynia.pl\/index.php\/wp-json\/wp\/v2\/types\/product"}],"replies":[{"embeddable":true,"href":"http:\/\/klubmamgdynia.pl\/index.php\/wp-json\/wp\/v2\/comments?post=9329"}],"wp:featuredmedia":[{"embeddable":true,"href":"http:\/\/klubmamgdynia.pl\/index.php\/wp-json\/wp\/v2\/media\/9330"}],"wp:attachment":[{"href":"http:\/\/klubmamgdynia.pl\/index.php\/wp-json\/wp\/v2\/media?parent=9329"}],"wp:term":[{"taxonomy":"product_cat","embeddable":true,"href":"http:\/\/klubmamgdynia.pl\/index.php\/wp-json\/wp\/v2\/product_cat?post=9329"},{"taxonomy":"product_tag","embeddable":true,"href":"http:\/\/klubmamgdynia.pl\/index.php\/wp-json\/wp\/v2\/product_tag?post=9329"}],"curies":[{"name":"wp","href":"https:\/\/api.w.org\/{rel}","templated":true}]}}