{"id":9331,"date":"2012-08-22T22:23:57","date_gmt":"2012-08-22T20:23:57","guid":{"rendered":"http:\/\/klubmamgdynia.pl\/index.php\/produkt\/piko-lokomotywa-elektryczna-37400\/"},"modified":"2026-04-29T23:23:58","modified_gmt":"2026-04-29T21:23:58","slug":"piko-lokomotywa-elektryczna-37400","status":"publish","type":"product","link":"http:\/\/klubmamgdynia.pl\/index.php\/produkt\/piko-lokomotywa-elektryczna-37400\/","title":{"rendered":"Piko Lokomotywa Elektryczna 37400"},"content":{"rendered":"<p>Lokomotywa elektryczna z d\u017awi\u0119kiem G Taurus Rh 1116 \u00d6BB RailjetWersja drukowana Taurusa nale\u017c\u0105cego do austriackiego Railjet w Erze VIUwaga! Opis tego produktu zosta\u0142 przet\u0142umaczony automatycznie. Je\u015bli mo\u017cemy poprawi\u0107 go dzi\u0119ki Tobie, prosimy o kontakt.Wyposa\u017cenie: Z modu\u0142em d\u017awi\u0119kowym \u00b7 Zmiana \u015bwiat\u0142a bia\u0142ego\/bia\u0142ego w zale\u017cno\u015bci od kierunku jazdy.Dane techniczne: Klasa wiekowa: Od 15 lat \u00b7 Rodzaj modelu kolejowego: Lokomotywa elektryczna \u00b7 Rozstaw osi: 715 mm \u00b7 Skala modelarska: G \u00b7 System zasilania: Interfejs Analog DC<\/p>\n<h2>Piko Lokomotywa Elektryczna 37400 Piko<\/h2>\n<p>olaf znaczenie imienia, atrakcje dla dzieci wroc\u0142aw 2021, imie leon, narysowa\u0107 rysunki \u0142atwe, dziecko cytaty, kolorowanki pokemon, quiz o ro\u015blinach, daria imie, szlaczki, miriam imi\u0119, kolorowanka ksi\u0119\u017cniczka<\/p>\n<p>yyyyy<\/p>\n<p>&nbsp;<\/p>\n","protected":false},"excerpt":{"rendered":"<p>Lokomotywa elektryczna z d\u017awi\u0119kiem G Taurus Rh 1116 \u00d6BB RailjetWersja drukowana Taurusa nale\u017c\u0105cego do austriackiego Railjet w Erze VIUwaga! Opis tego produktu zosta\u0142 przet\u0142umaczony automatycznie. Je\u015bli mo\u017cemy poprawi\u0107 go dzi\u0119ki Tobie, prosimy o kontakt.Wyposa\u017cenie: Z modu\u0142em d\u017awi\u0119kowym \u00b7 Zmiana \u015bwiat\u0142a bia\u0142ego\/bia\u0142ego w zale\u017cno\u015bci od kierunku jazdy.Dane techniczne: Klasa wiekowa: Od 15 lat \u00b7 Rodzaj modelu [&hellip;]<\/p>\n","protected":false},"featured_media":9332,"comment_status":"closed","ping_status":"open","template":"","meta":[],"product_cat":[1813,1812],"product_tag":[676,650,867,699],"class_list":["post-9331","product","type-product","status-publish","has-post-thumbnail","hentry","product_cat-kolejki-i-zestawy","product_cat-piko","product_tag-bursztynek","product_tag-choinka-z-bibuly","product_tag-kolorowanki-dla-dziewczynek","product_tag-kolorowanki-do-druku-dla-dziewczyn"],"_links":{"self":[{"href":"http:\/\/klubmamgdynia.pl\/index.php\/wp-json\/wp\/v2\/product\/9331","targetHints":{"allow":["GET"]}}],"collection":[{"href":"http:\/\/klubmamgdynia.pl\/index.php\/wp-json\/wp\/v2\/product"}],"about":[{"href":"http:\/\/klubmamgdynia.pl\/index.php\/wp-json\/wp\/v2\/types\/product"}],"replies":[{"embeddable":true,"href":"http:\/\/klubmamgdynia.pl\/index.php\/wp-json\/wp\/v2\/comments?post=9331"}],"wp:featuredmedia":[{"embeddable":true,"href":"http:\/\/klubmamgdynia.pl\/index.php\/wp-json\/wp\/v2\/media\/9332"}],"wp:attachment":[{"href":"http:\/\/klubmamgdynia.pl\/index.php\/wp-json\/wp\/v2\/media?parent=9331"}],"wp:term":[{"taxonomy":"product_cat","embeddable":true,"href":"http:\/\/klubmamgdynia.pl\/index.php\/wp-json\/wp\/v2\/product_cat?post=9331"},{"taxonomy":"product_tag","embeddable":true,"href":"http:\/\/klubmamgdynia.pl\/index.php\/wp-json\/wp\/v2\/product_tag?post=9331"}],"curies":[{"name":"wp","href":"https:\/\/api.w.org\/{rel}","templated":true}]}}