{"id":9333,"date":"2015-08-04T15:33:55","date_gmt":"2015-08-04T13:33:55","guid":{"rendered":"http:\/\/klubmamgdynia.pl\/index.php\/produkt\/maileg-miniature-kitchen-metalowa-kuchnia-zabawka\/"},"modified":"2026-04-18T15:30:16","modified_gmt":"2026-04-18T13:30:16","slug":"maileg-miniature-kitchen-metalowa-kuchnia-zabawka","status":"publish","type":"product","link":"http:\/\/klubmamgdynia.pl\/index.php\/produkt\/maileg-miniature-kitchen-metalowa-kuchnia-zabawka\/","title":{"rendered":"Maileg Miniature Kitchen Metalowa Kuchnia &#8211; Zabawka"},"content":{"rendered":"<p>Odtwarzanie sytuacji znanych dziecku z codziennych obserwacji,pozytywnie wp\u0142ywa na wszechstronny rozw\u00f3j dziecka, wspieraj\u0105cumiej\u0119tno\u015bci spo\u0142eczne, zabawy z r\u00f3wie\u015bnikami oraz rozwi\u0105zywania problem\u00f3w.Kuchenka posiada zlewozmywak i p\u0142yt\u0119 z trzema palnikami.Ni\u017cej znajduje si\u0119 g\u0142\u0119boka szafka z metalowymi drzwiczkami oraz piekarnik z blach\u0105 i trzema bu\u0142eczkami.Piekarnik ma metalowe drzwiczki z okienkiem, co jest bardzo realistyczne.Kuchenka swoim rozmiarem b\u0119dzie pasowa\u0107 lalkom Lottie oraz Lori &#8211; dost\u0119pne w naszej ofercie.Przepi\u0119kne akcesoria Maileg pozwalaj\u0105 na wymy\u015blanie scenek i tworzenie wyj\u0105tkowego \u015bwiata z licznymi, wyj\u0105tkowymi atrakcjami.Mo\u017cecie skompletowa\u0107 poka\u017an\u0105 kolekcj\u0119, kt\u00f3ra sprawdzi si\u0119 w trakcie zabawy w dom.Produkty Maileg s\u0105 wykonane z ogromn\u0105 dba\u0142o\u015bci\u0105 o ka\u017cdy szczeg\u00f3\u0142 i pos\u0142u\u017c\u0105 na lata.WYMIARY OPAKOWANIA: 19,5 x 16,3 x 11 cmWYMIARY BLACHY: 6,2 x 5,5 cm\u015aREDNICA BU\u0141KI: ok. 2 cmWYMIARY KUCHENKI: 19,2 x 11,6 x 9,7 cmWIEK: od 3 latZabawka jest nowa, zapakowana w kartonik.<\/p>\n<h2>Maileg Miniature Kitchen Metalowa Kuchnia &#8211; Zabawka Maileg<\/h2>\n<p>karty pracy polsko ukrai\u0144skie, prezent dla 17 latki, spiderman kolorowanka, \u015bmigus dyngus lany poniedzia\u0142ek zyczenia, zagadki matematyczne dla przedszkolak\u00f3w, zagadki wielkanocne dla doros\u0142ych, pawe\u0142, zagadki logiczne trudne, m\u0105dra my\u015bl na dobranoc, gry dla nastolatk\u00f3w, trudne zagadki dla doros\u0142ych, gwiazdka do druku, dorian, co kupi\u0107 dziecku na roczek, bajka o miko\u0142aju do czytania, kolorowanki do druku zwierz\u0119ta<\/p>\n<p>yyyyy<\/p>\n<p>&nbsp;<\/p>\n","protected":false},"excerpt":{"rendered":"<p>Odtwarzanie sytuacji znanych dziecku z codziennych obserwacji,pozytywnie wp\u0142ywa na wszechstronny rozw\u00f3j dziecka, wspieraj\u0105cumiej\u0119tno\u015bci spo\u0142eczne, zabawy z r\u00f3wie\u015bnikami oraz rozwi\u0105zywania problem\u00f3w.Kuchenka posiada zlewozmywak i p\u0142yt\u0119 z trzema palnikami.Ni\u017cej znajduje si\u0119 g\u0142\u0119boka szafka z metalowymi drzwiczkami oraz piekarnik z blach\u0105 i trzema bu\u0142eczkami.Piekarnik ma metalowe drzwiczki z okienkiem, co jest bardzo realistyczne.Kuchenka swoim rozmiarem b\u0119dzie pasowa\u0107 lalkom [&hellip;]<\/p>\n","protected":false},"featured_media":9334,"comment_status":"closed","ping_status":"open","template":"","meta":[],"product_cat":[53,947],"product_tag":[702,578,609,591],"class_list":["post-9333","product","type-product","status-publish","has-post-thumbnail","hentry","product_cat-kaciki-zabaw","product_cat-maileg","product_tag-co-kupic-na-roczek-dla-dziewczynki","product_tag-fajne-zarty-na-prima-aprilis","product_tag-quiz-flagi-europy","product_tag-quiz-o-minecraft"],"_links":{"self":[{"href":"http:\/\/klubmamgdynia.pl\/index.php\/wp-json\/wp\/v2\/product\/9333","targetHints":{"allow":["GET"]}}],"collection":[{"href":"http:\/\/klubmamgdynia.pl\/index.php\/wp-json\/wp\/v2\/product"}],"about":[{"href":"http:\/\/klubmamgdynia.pl\/index.php\/wp-json\/wp\/v2\/types\/product"}],"replies":[{"embeddable":true,"href":"http:\/\/klubmamgdynia.pl\/index.php\/wp-json\/wp\/v2\/comments?post=9333"}],"wp:featuredmedia":[{"embeddable":true,"href":"http:\/\/klubmamgdynia.pl\/index.php\/wp-json\/wp\/v2\/media\/9334"}],"wp:attachment":[{"href":"http:\/\/klubmamgdynia.pl\/index.php\/wp-json\/wp\/v2\/media?parent=9333"}],"wp:term":[{"taxonomy":"product_cat","embeddable":true,"href":"http:\/\/klubmamgdynia.pl\/index.php\/wp-json\/wp\/v2\/product_cat?post=9333"},{"taxonomy":"product_tag","embeddable":true,"href":"http:\/\/klubmamgdynia.pl\/index.php\/wp-json\/wp\/v2\/product_tag?post=9333"}],"curies":[{"name":"wp","href":"https:\/\/api.w.org\/{rel}","templated":true}]}}