{"id":9335,"date":"2019-03-11T05:03:34","date_gmt":"2019-03-11T04:03:34","guid":{"rendered":"http:\/\/klubmamgdynia.pl\/index.php\/produkt\/wader-kask-strazaka-helm-strazacki-zabawka\/"},"modified":"2026-04-03T14:44:02","modified_gmt":"2026-04-03T12:44:02","slug":"wader-kask-strazaka-helm-strazacki-zabawka","status":"publish","type":"product","link":"http:\/\/klubmamgdynia.pl\/index.php\/produkt\/wader-kask-strazaka-helm-strazacki-zabawka\/","title":{"rendered":"Wader Kask Stra\u017caka He\u0142m Stra\u017cacki &#8211; Zabawka"},"content":{"rendered":"<h2>Wader Kask Stra\u017caka He\u0142m Stra\u017cacki &#8211; Zabawka Wader<\/h2>\n<p>afryka\u0144skie imiona, bajki dla dzieci na dobranoc, basen dla dzieci warszawa, wy\u015bcig but\u00f3w, bajka dla niemowlaka, poczytaj mi wiersz, quiz opowie\u015bci z narnii, gdzie strumyk p\u0142ynie z wolna, prezent na roczek, zaj\u0119cia wielkanocne dla dzieci, pan twardowski na ksi\u0119\u017cycu wiersz, \u015bmieszne zagadki logiczne, ko\u0142ysanki tekst, maska psi patrol do druku, dzie\u0144 dziecka dla nastolatk\u00f3w, wr\u00f3\u017cby andrzejkowe online dla dzieci, filmy rodzinne na halloween, test z tajemniczego ogrodu, kr\u00f3tkie bajki do czytania<\/p>\n<p>yyyyy<\/p>\n<p>&nbsp;<\/p>\n","protected":false},"excerpt":{"rendered":"<p>Wader Kask Stra\u017caka He\u0142m Stra\u017cacki &#8211; Zabawka Wader afryka\u0144skie imiona, bajki dla dzieci na dobranoc, basen dla dzieci warszawa, wy\u015bcig but\u00f3w, bajka dla niemowlaka, poczytaj mi wiersz, quiz opowie\u015bci z narnii, gdzie strumyk p\u0142ynie z wolna, prezent na roczek, zaj\u0119cia wielkanocne dla dzieci, pan twardowski na ksi\u0119\u017cycu wiersz, \u015bmieszne zagadki logiczne, ko\u0142ysanki tekst, maska psi [&hellip;]<\/p>\n","protected":false},"featured_media":9336,"comment_status":"closed","ping_status":"open","template":"","meta":[],"product_cat":[53,514],"product_tag":[596,665,625],"class_list":["post-9335","product","type-product","status-publish","has-post-thumbnail","hentry","product_cat-kaciki-zabaw","product_cat-wader","product_tag-pomysly-na-prima-aprilis","product_tag-proste-zagadki","product_tag-trojmiasto-atrakcje-dla-dzieci"],"_links":{"self":[{"href":"http:\/\/klubmamgdynia.pl\/index.php\/wp-json\/wp\/v2\/product\/9335","targetHints":{"allow":["GET"]}}],"collection":[{"href":"http:\/\/klubmamgdynia.pl\/index.php\/wp-json\/wp\/v2\/product"}],"about":[{"href":"http:\/\/klubmamgdynia.pl\/index.php\/wp-json\/wp\/v2\/types\/product"}],"replies":[{"embeddable":true,"href":"http:\/\/klubmamgdynia.pl\/index.php\/wp-json\/wp\/v2\/comments?post=9335"}],"wp:featuredmedia":[{"embeddable":true,"href":"http:\/\/klubmamgdynia.pl\/index.php\/wp-json\/wp\/v2\/media\/9336"}],"wp:attachment":[{"href":"http:\/\/klubmamgdynia.pl\/index.php\/wp-json\/wp\/v2\/media?parent=9335"}],"wp:term":[{"taxonomy":"product_cat","embeddable":true,"href":"http:\/\/klubmamgdynia.pl\/index.php\/wp-json\/wp\/v2\/product_cat?post=9335"},{"taxonomy":"product_tag","embeddable":true,"href":"http:\/\/klubmamgdynia.pl\/index.php\/wp-json\/wp\/v2\/product_tag?post=9335"}],"curies":[{"name":"wp","href":"https:\/\/api.w.org\/{rel}","templated":true}]}}