{"id":9337,"date":"2018-09-10T08:07:54","date_gmt":"2018-09-10T06:07:54","guid":{"rendered":"http:\/\/klubmamgdynia.pl\/index.php\/produkt\/geomag-klocki-magnetyczne-glow-104el-geo-337\/"},"modified":"2026-04-25T04:06:18","modified_gmt":"2026-04-25T02:06:18","slug":"geomag-klocki-magnetyczne-glow-104el-geo-337","status":"publish","type":"product","link":"http:\/\/klubmamgdynia.pl\/index.php\/produkt\/geomag-klocki-magnetyczne-glow-104el-geo-337\/","title":{"rendered":"Geomag Klocki Magnetyczne Glow 104el. GEO-337"},"content":{"rendered":"<p>Geomag Klocki Magnetyczne Glow 104el. GEO-337Klocki Geomag to zabawka, kt\u00f3r\u0105 ogranicza tylko wyobra\u017ania! Przy ich pomocy mo\u017cna zbudowa\u0107 niezliczone kompozycje \u2013 magnetyczne patyczki i metalowe, niklowane kulki \u0142\u0105cz\u0105 si\u0119 ze sob\u0105 w dowolny spos\u00f3b, pobudzaj\u0105c kreatywno\u015b\u0107 m\u0142odych konstruktor\u00f3w. Pole magnetyczne umo\u017cliwia r\u00f3wnie\u017c wprowadzenie konstrukcji w ruch. Klocki zosta\u0142y wykonane ze szwajcarsk\u0105 precyzj\u0105, dzi\u0119ki czemu moc przyci\u0105gania element\u00f3w magnetycznych nie maleje, a wszystkie elementy s\u0105 stabilne oraz wytrzyma\u0142e.Teraz zabawa klockami Geomag nabra\u0142a nowego wymiaru! Geomag Glow to seria, kt\u00f3ra dzi\u0119ki na\u015bwietleniu \u015bwieci w ciemno\u015bci. Dzi\u0119ki \u015bwi\u0119c\u0105cym elementom dekoracyjnym na panelach klocki oferuj\u0105 jeszcze wi\u0119cej mo\u017cliwo\u015bci kreatywnej zabawy. Za pomoc\u0105 r\u00f3\u017cnorodnych wzor\u00f3w mo\u017cesz tworzy\u0107 fluorescencyjne konstrukcje rodem z film\u00f3w science fiction \u2013 ogranicza Ci\u0119 jedynie Twoja wyobra\u017ania. Klocki z poszczeg\u00f3lnych zestaw\u00f3w \u0142\u0105cz\u0105 si\u0119 ze sob\u0105, co daje jeszcze wi\u0119ksze mo\u017cliwo\u015bci zabawy. Odkryj nowe, wyj\u0105tkowe mo\u017cliwo\u015bci klock\u00f3w magnetycznych Geomag \u2013 w \u015bwietle i ciemno\u015bci!                            <\/p>\n<p>                    Sprawd\u017a inne zabawki Geomag:<\/p>\n<p>            Geomag Klocki Magnetyczne Panele 192el. GEO-464<\/p>\n<p>                        od<br \/>\n                            238,99<br \/>\n                            z\u0142<\/p>\n<p>                    Zobacz<\/p>\n<p>            Geomag Klocki Magnetyczne Mechanics Motion Re 3Magnetic Gears  160el. GEO-768<\/p>\n<p>                        od<br \/>\n                            170,99<br \/>\n                            z\u0142<\/p>\n<p>                    Zobacz<\/p>\n<p>            Geomag Klocki magnetyczne Mechanics Challenge RE Strike 185el. GEO-779<\/p>\n<p>                        od<br \/>\n                            138,00<br \/>\n                            z\u0142<\/p>\n<p>                    Zobacz<\/p>\n<p>            Geomag Klocki Magnetyczne Mechanics 222el. GEO-723<\/p>\n<p>                        od<br \/>\n                            322,56<br \/>\n                            z\u0142<\/p>\n<p>                    Zobacz<\/p>\n<p>            Geomag Klocki Magnetyczne Tazoo Paco 71el. KOR-602<\/p>\n<p>                        od<br \/>\n                            50,40<br \/>\n                            z\u0142<\/p>\n<p>                    Zobacz<\/p>\n<p>            Geomag Klocki Magnetyczne PRO-L 50el. GEO-022<\/p>\n<p>                        od<br \/>\n                            83,92<br \/>\n                            z\u0142<\/p>\n<p>                    Zobacz<\/p>\n<p>            Geomag Supercolor Panels Recycled Klocki magnetyczne 52el. GEO-378<\/p>\n<p>                        od<br \/>\n                            99,00<br \/>\n                            z\u0142<\/p>\n<p>                    Zobacz<\/p>\n<p>            Geomag Klocki Magnetyczne Pro-L 75el. GEO-023<\/p>\n<p>                        od<br \/>\n                            127,65<br \/>\n                            z\u0142<\/p>\n<p>                    Zobacz<\/p>\n<p>            Geomag Klocki Magnetyczne 84el. Nasa Rakieta GEO-810<\/p>\n<p>                        od<br \/>\n                            89,99<br \/>\n                            z\u0142<\/p>\n<p>                    Zobacz<\/p>\n<p>            Geomag Klocki Magnetyczne Mechanics Gravity 169el. GEO-773<\/p>\n<p>                        od<br \/>\n                            197,00<br \/>\n                            z\u0142<\/p>\n<p>                    Zobacz<\/p>\n<p>            Geomag Klocki Magnetyczne Mechanics 86el. GEO-721<\/p>\n<p>                        od<br \/>\n                            99,00<br \/>\n                            z\u0142<\/p>\n<p>                    Zobacz<\/p>\n<p>            Geomag Klocki magnetyczne Glitter Recycled 60el. GEO-536<\/p>\n<p>                        od<br \/>\n                            96,00<br \/>\n                            z\u0142<\/p>\n<p>                    Zobacz<\/p>\n<p>            Geomag Klocki Magnetyczne Magicube S\u0142owa + Klipsy 79el. GEO-084<\/p>\n<p>                        od<br \/>\n                            139,99<br \/>\n                            z\u0142<\/p>\n<p>                    Zobacz<\/p>\n<p>            Geomag Klocki Magnetyczne Glow 22el. GEO-334<\/p>\n<p>                        od<br \/>\n                            29,85<br \/>\n                            z\u0142<\/p>\n<p>                    Zobacz<\/p>\n<p>            Geomag Klocki Magnetyczne Mechanics Gravity Re Elev Circuit  207el. GEO-765<\/p>\n<p>                        od<br \/>\n                            149,90<br \/>\n                            z\u0142<\/p>\n<p>                    Zobacz<\/p>\n<p>            Geomag Klocki Magnetyczne 2.0 Blue 55el. KOR-673<\/p>\n<p>                        od<br \/>\n                            82,11<br \/>\n                            z\u0142<\/p>\n<p>                    Zobacz<\/p>\n<p>            Geomag Klocki Magnetyczne Wheels Jasnoniebieski Team Nitro 25el. GEO-711<\/p>\n<p>                        od<br \/>\n                            39,98<br \/>\n                            z\u0142<\/p>\n<p>                    Zobacz<\/p>\n<p>            Geomag Klocki Magnetyczne Masterbox Panele Kolory Ciep\u0142e 148el. GEO-164<\/p>\n<p>                        od<br \/>\n                            227,46<br \/>\n                            z\u0142<\/p>\n<p>                    Zobacz<\/p>\n<p>            Geomag Klocki Magnetyczne Magicube FullColor Recycled Try me 16el. GEO-067<\/p>\n<p>                        od<br \/>\n                            112,05<br \/>\n                            z\u0142<\/p>\n<p>                    Zobacz<\/p>\n<p>            Geomag Klocki Magnetyczne PRO-L 110el. GEO-024<\/p>\n<p>                        od<br \/>\n                            206,86<br \/>\n                            z\u0142<\/p>\n<p>                    Zobacz<\/p>\n<p>            Geomag Klocki Magnetyczne Mechanics Gravity Re Vertical Motor  183el. GEO-764<\/p>\n<p>                        od<br \/>\n                            124,86<br \/>\n                            z\u0142<\/p>\n<p>                    Zobacz<\/p>\n<p>            Geomag Klocki magnetyczne Glow Recycled 60el. GEO-338<\/p>\n<p>                        od<br \/>\n                            122,00<br \/>\n                            z\u0142<\/p>\n<p>                    Zobacz<\/p>\n<p>            Geomag Klocki Magnetyczne Magicube Matematyka + Klipsy 61el. GEO-083<\/p>\n<p>                        od<br \/>\n                            139,99<br \/>\n                            z\u0142<\/p>\n<p>                    Zobacz<\/p>\n<p>            Geomag Klocki Magnetyczne Klasyczne 142el. GEO-274<\/p>\n<p>                        od<br \/>\n                            208,00<br \/>\n                            z\u0142<\/p>\n<p>                    Zobacz<\/p>\n<p>            Geomag Klocki magnetyczne Mechanics Challenge 96el. GEO-778<\/p>\n<p>                        od<br \/>\n                            75,92<br \/>\n                            z\u0142<\/p>\n<p>                    Zobacz<\/p>\n<p>            Geomag Klocki Magnetyczne Magicube Savana 3el. GEO-109<\/p>\n<p>                        od<br \/>\n                            32,99<br \/>\n                            z\u0142<\/p>\n<p>                    Zobacz<\/p>\n<p>            Geomag Klocki Magnetyczne Tazoo Beto 68el. KOR-601<\/p>\n<p>                        od<br \/>\n                            69,99<br \/>\n                            z\u0142<\/p>\n<p>                    Zobacz<\/p>\n<p>            Geomag Klocki Magnetyczne Magicube Green Line 16el. GEO-055<\/p>\n<p>                        od<br \/>\n                            108,99<br \/>\n                            z\u0142<\/p>\n<p>                    Zobacz<\/p>\n<p>            Geomag Klocki Magnetyczne Panele Glitter 68el. GEO-533<\/p>\n<p>                        od<br \/>\n                            100,82<br \/>\n                            z\u0142<\/p>\n<p>                    Zobacz<\/p>\n<p>            Geomag Klocki Magnetyczne Klasyczne Panele 114el. GEO-473<\/p>\n<p>                        od<br \/>\n                            172,00<br \/>\n                            z\u0142<\/p>\n<p>                    Zobacz<\/p>\n<h2>Geomag Klocki Magnetyczne Glow 104el. GEO-337 Geomag<\/h2>\n<p>alan znaczenie imienia, zabawy dla 6 latk\u00f3w, prezenty dla nastolatkow, lol surprise kolorowanka, bajka dla dzieci do czytania, p\u0142ywalnie warszawa, mini kanapki dla dzieci, piosenki na dobranoc tekst, quizy online, transformers kolorowanka, zagadki dla nastolatk\u00f3w<\/p>\n<p>yyyyy<\/p>\n<p>&nbsp;<\/p>\n","protected":false},"excerpt":{"rendered":"<p>Geomag Klocki Magnetyczne Glow 104el. GEO-337Klocki Geomag to zabawka, kt\u00f3r\u0105 ogranicza tylko wyobra\u017ania! Przy ich pomocy mo\u017cna zbudowa\u0107 niezliczone kompozycje \u2013 magnetyczne patyczki i metalowe, niklowane kulki \u0142\u0105cz\u0105 si\u0119 ze sob\u0105 w dowolny spos\u00f3b, pobudzaj\u0105c kreatywno\u015b\u0107 m\u0142odych konstruktor\u00f3w. Pole magnetyczne umo\u017cliwia r\u00f3wnie\u017c wprowadzenie konstrukcji w ruch. Klocki zosta\u0142y wykonane ze szwajcarsk\u0105 precyzj\u0105, dzi\u0119ki czemu moc [&hellip;]<\/p>\n","protected":false},"featured_media":9338,"comment_status":"closed","ping_status":"open","template":"","meta":[],"product_cat":[999,113],"product_tag":[845,846,616,869],"class_list":["post-9337","product","type-product","status-publish","has-post-thumbnail","hentry","product_cat-geomag","product_cat-klocki","product_tag-ach-spij-kochanie-tekst","product_tag-rysowanki","product_tag-test-mikolajek-25-pytan","product_tag-zagadki-na-logike"],"_links":{"self":[{"href":"http:\/\/klubmamgdynia.pl\/index.php\/wp-json\/wp\/v2\/product\/9337","targetHints":{"allow":["GET"]}}],"collection":[{"href":"http:\/\/klubmamgdynia.pl\/index.php\/wp-json\/wp\/v2\/product"}],"about":[{"href":"http:\/\/klubmamgdynia.pl\/index.php\/wp-json\/wp\/v2\/types\/product"}],"replies":[{"embeddable":true,"href":"http:\/\/klubmamgdynia.pl\/index.php\/wp-json\/wp\/v2\/comments?post=9337"}],"wp:featuredmedia":[{"embeddable":true,"href":"http:\/\/klubmamgdynia.pl\/index.php\/wp-json\/wp\/v2\/media\/9338"}],"wp:attachment":[{"href":"http:\/\/klubmamgdynia.pl\/index.php\/wp-json\/wp\/v2\/media?parent=9337"}],"wp:term":[{"taxonomy":"product_cat","embeddable":true,"href":"http:\/\/klubmamgdynia.pl\/index.php\/wp-json\/wp\/v2\/product_cat?post=9337"},{"taxonomy":"product_tag","embeddable":true,"href":"http:\/\/klubmamgdynia.pl\/index.php\/wp-json\/wp\/v2\/product_tag?post=9337"}],"curies":[{"name":"wp","href":"https:\/\/api.w.org\/{rel}","templated":true}]}}