{"id":9339,"date":"2024-09-26T11:32:08","date_gmt":"2024-09-26T09:32:08","guid":{"rendered":"http:\/\/klubmamgdynia.pl\/?post_type=product&#038;p=9339"},"modified":"2026-04-29T17:38:03","modified_gmt":"2026-04-29T15:38:03","slug":"nike-plecak-premium-dn2555-355","status":"publish","type":"product","link":"http:\/\/klubmamgdynia.pl\/index.php\/produkt\/nike-plecak-premium-dn2555-355\/","title":{"rendered":"Nike Plecak Premium Dn2555-355"},"content":{"rendered":"<p>Stylowy, nowoczesny i wykonany z trwa\u0142ego poliestru plecak Nike Premium to doskona\u0142y wyb\u00f3r do przechowywania rzeczy. Du\u017ca, zapinana na zamek przegroda umo\u017cliwia wygodne przenoszenie but\u00f3w lub ubra\u0144 na si\u0142owni\u0119 oraz laptopa i podr\u0119cznik\u00f3w do szko\u0142y. Dwie kieszenie zewn\u0119trzne pomagaj\u0105 utrzyma\u0107 porz\u0105dek i u\u0142atwiaj\u0105 dost\u0119p do niezb\u0119dnych drobiazg\u00f3w.<\/p>\n<h2>Nike Plecak Premium Dn2555-355 Nike<\/h2>\n<p>dzie\u0144 pluszowego misia 2021, zagadki na inteligencje, zaj\u0105czek z jajka ugotowanego, a \u015bpij kochanie, bajki dla dzieci od 7 do 10 lat, rebusy i krzy\u017c\u00f3wki dla dzieci do druku, prezent dla dwunastolatka, zagadki dla 4 latka, asiunia &#8211; test z lektury pdf, maski do druku kolorowe, eksperyment dla dzieci wulkan, lilianna, wr\u00f3\u017cby andrzejkowe kolory, lego ninjago kolorowanka, julian, \u015bmieszne \u0142ama\u0144ce j\u0119zykowe<\/p>\n<p>yyyyy<\/p>\n<p>&nbsp;<\/p>\n","protected":false},"excerpt":{"rendered":"<p>Stylowy, nowoczesny i wykonany z trwa\u0142ego poliestru plecak Nike Premium to doskona\u0142y wyb\u00f3r do przechowywania rzeczy. Du\u017ca, zapinana na zamek przegroda umo\u017cliwia wygodne przenoszenie but\u00f3w lub ubra\u0144 na si\u0142owni\u0119 oraz laptopa i podr\u0119cznik\u00f3w do szko\u0142y. Dwie kieszenie zewn\u0119trzne pomagaj\u0105 utrzyma\u0107 porz\u0105dek i u\u0142atwiaj\u0105 dost\u0119p do niezb\u0119dnych drobiazg\u00f3w. Nike Plecak Premium Dn2555-355 Nike dzie\u0144 pluszowego misia [&hellip;]<\/p>\n","protected":false},"featured_media":9340,"comment_status":"closed","ping_status":"open","template":"","meta":[],"product_cat":[1266,329],"product_tag":[720,589,600,725],"class_list":["post-9339","product","type-product","status-publish","has-post-thumbnail","hentry","product_cat-nike","product_cat-plecaki-szkolne","product_tag-malowanki","product_tag-prezent-dla-rocznego-dziecka","product_tag-zaproszenia-na-urodziny-do-druku","product_tag-zgadywanki"],"_links":{"self":[{"href":"http:\/\/klubmamgdynia.pl\/index.php\/wp-json\/wp\/v2\/product\/9339","targetHints":{"allow":["GET"]}}],"collection":[{"href":"http:\/\/klubmamgdynia.pl\/index.php\/wp-json\/wp\/v2\/product"}],"about":[{"href":"http:\/\/klubmamgdynia.pl\/index.php\/wp-json\/wp\/v2\/types\/product"}],"replies":[{"embeddable":true,"href":"http:\/\/klubmamgdynia.pl\/index.php\/wp-json\/wp\/v2\/comments?post=9339"}],"wp:featuredmedia":[{"embeddable":true,"href":"http:\/\/klubmamgdynia.pl\/index.php\/wp-json\/wp\/v2\/media\/9340"}],"wp:attachment":[{"href":"http:\/\/klubmamgdynia.pl\/index.php\/wp-json\/wp\/v2\/media?parent=9339"}],"wp:term":[{"taxonomy":"product_cat","embeddable":true,"href":"http:\/\/klubmamgdynia.pl\/index.php\/wp-json\/wp\/v2\/product_cat?post=9339"},{"taxonomy":"product_tag","embeddable":true,"href":"http:\/\/klubmamgdynia.pl\/index.php\/wp-json\/wp\/v2\/product_tag?post=9339"}],"curies":[{"name":"wp","href":"https:\/\/api.w.org\/{rel}","templated":true}]}}