{"id":934,"date":"2018-10-25T13:52:51","date_gmt":"2018-10-25T11:52:51","guid":{"rendered":"http:\/\/klubmamgdynia.pl\/index.php\/produkt\/hipo-laleczka-w-kuli-10cm-p6-9909-2-hlg06\/"},"modified":"2026-04-30T20:23:35","modified_gmt":"2026-04-30T18:23:35","slug":"hipo-laleczka-w-kuli-10cm-p6-9909-2-hlg06","status":"publish","type":"product","link":"http:\/\/klubmamgdynia.pl\/index.php\/produkt\/hipo-laleczka-w-kuli-10cm-p6-9909-2-hlg06\/","title":{"rendered":"Hipo Laleczka W Kuli 10Cm P6 9909-2 (Hlg06)"},"content":{"rendered":"<p>PROMOCJA &#8211; TANIA DOSTAWA ! &#8211; Laleczka w kuli 10cm p6 9909-3 HIPO &#8211; PACZKOMAT, POCZTA, KURIER<\/p>\n<h2>Hipo Laleczka W Kuli 10Cm P6 9909-2 (Hlg06) Hipo<\/h2>\n<p>zyczenia walentynkowe dla dzieci, basen warszawa, p\u0142atki \u015bniegu szablon, jak narysowa\u0107 oko, kreatywne zabawy dla 10 latka, matylda znaczenie imienia, lew czarownica i stara szafa test, jesienne piosenki dla dzieci, opis do zdj\u0119cia dziecka, wierszyki na \u015bmigus dyngus, kwiaty polne nazwy i zdj\u0119cia, trudne zagadki logiczne, cytat z kubusia puchatka o mi\u0142o\u015bci, zadania logiczne dla dzieci, kolorowanki samochody, \u017carty na prima aprilis w domu<\/p>\n<p>yyyyy<\/p>\n<p>&nbsp;<\/p>\n","protected":false},"excerpt":{"rendered":"<p>PROMOCJA &#8211; TANIA DOSTAWA ! &#8211; Laleczka w kuli 10cm p6 9909-3 HIPO &#8211; PACZKOMAT, POCZTA, KURIER Hipo Laleczka W Kuli 10Cm P6 9909-2 (Hlg06) Hipo zyczenia walentynkowe dla dzieci, basen warszawa, p\u0142atki \u015bniegu szablon, jak narysowa\u0107 oko, kreatywne zabawy dla 10 latka, matylda znaczenie imienia, lew czarownica i stara szafa test, jesienne piosenki dla [&hellip;]<\/p>\n","protected":false},"featured_media":935,"comment_status":"closed","ping_status":"open","template":"","meta":[],"product_cat":[310,65],"product_tag":[750,674,596,800],"class_list":["post-934","product","type-product","status-publish","has-post-thumbnail","hentry","product_cat-hipo","product_cat-lalki","product_tag-imie-kostek","product_tag-miasto-dzieci","product_tag-pomysly-na-prima-aprilis","product_tag-zagadki-smieszne"],"_links":{"self":[{"href":"http:\/\/klubmamgdynia.pl\/index.php\/wp-json\/wp\/v2\/product\/934","targetHints":{"allow":["GET"]}}],"collection":[{"href":"http:\/\/klubmamgdynia.pl\/index.php\/wp-json\/wp\/v2\/product"}],"about":[{"href":"http:\/\/klubmamgdynia.pl\/index.php\/wp-json\/wp\/v2\/types\/product"}],"replies":[{"embeddable":true,"href":"http:\/\/klubmamgdynia.pl\/index.php\/wp-json\/wp\/v2\/comments?post=934"}],"wp:featuredmedia":[{"embeddable":true,"href":"http:\/\/klubmamgdynia.pl\/index.php\/wp-json\/wp\/v2\/media\/935"}],"wp:attachment":[{"href":"http:\/\/klubmamgdynia.pl\/index.php\/wp-json\/wp\/v2\/media?parent=934"}],"wp:term":[{"taxonomy":"product_cat","embeddable":true,"href":"http:\/\/klubmamgdynia.pl\/index.php\/wp-json\/wp\/v2\/product_cat?post=934"},{"taxonomy":"product_tag","embeddable":true,"href":"http:\/\/klubmamgdynia.pl\/index.php\/wp-json\/wp\/v2\/product_tag?post=934"}],"curies":[{"name":"wp","href":"https:\/\/api.w.org\/{rel}","templated":true}]}}