{"id":9341,"date":"2021-06-24T20:07:21","date_gmt":"2021-06-24T18:07:21","guid":{"rendered":"http:\/\/klubmamgdynia.pl\/index.php\/produkt\/smily-play-maskotka-pluszak-dla-dzieci-maly-spioszek\/"},"modified":"2026-04-30T01:58:27","modified_gmt":"2026-04-29T23:58:27","slug":"smily-play-maskotka-pluszak-dla-dzieci-maly-spioszek","status":"publish","type":"product","link":"http:\/\/klubmamgdynia.pl\/index.php\/produkt\/smily-play-maskotka-pluszak-dla-dzieci-maly-spioszek\/","title":{"rendered":"Smily Play Maskotka &#8211; Pluszak dla dzieci Ma\u0142y \u015bpioszek"},"content":{"rendered":"<p>Ma\u0142y \u015apioszek Zebra Smily Play 0229<\/p>\n<p>Ma\u0142y \u015apioszek Zebra to mi\u0119ciutki, s\u0142odki pluszak, kt\u00f3ry pe\u0142ni funkcj\u0119 uspokajacza. Zebra ma nosek, kt\u00f3ry \u015bwieci delikatnym \u015bwiat\u0142em i pozytywk\u0119, kt\u00f3ra gra koj\u0105ce melodie.Cechy produktu: kod produktu: 0229 wymiary opakowania: 17,5 x 26 x 14 cm kategoria wiekowa: od urodzenia zasilanie zabawki: 2 baterie AA                            <\/p>\n<p>Ma\u0142y \u015apioszek Zebra to \u015bliczny pluszak dla maluszka. Jest on uszyty z mi\u0119kkich materia\u0142\u00f3w w pastelowych kolorach. Zebra jest bezpieczn\u0105 zabawk\u0105, kt\u00f3ra mo\u017ce towarzyszy\u0107 dziecku od pierwszych dni jego \u017cycia. \u015awietnie sprawdzi si\u0119 jako uspokajacz przed za\u015bni\u0119ciem. Zebra ma bowiem \u015bwiec\u0105cy nosek, kt\u00f3ry roz\u015bwietla si\u0119 delikatnym, pastelowym \u015bwiat\u0142em. Jest r\u00f3wnie\u017c wyposa\u017cona w pozytywk\u0119, kt\u00f3ra gra ko\u0142ysanki i koj\u0105ce melodie. Te dwa elementy sprawi\u0105, \u017ce maluszek poczuje si\u0119 bezpiecznie i w spokoju przeniesie si\u0119 do krainy marze\u0144 sennych. Taka zebra to wspania\u0142y pomys\u0142 na prezent z okazji narodzin dziecka.<\/p>\n<h2>Smily Play Maskotka &#8211; Pluszak dla dzieci Ma\u0142y \u015bpioszek Smily Play<\/h2>\n<p>ma\u0142y ksi\u0105\u017c\u0119 &#8211; test z odpowiedziami, chase kolorowanka, zaproszenia na urodziny do druku, znaczenie imienia julian, zagadki podchwytliwe, wystawy dla dzieci warszawa, alan imie, lego ninjago kolorowanki, impreza halloween 2021 dla dzieci, zagadki na logike, jak zrobi\u0107 samolot z papieru, piesek do kolorowania, kr\u00f3tkie \u017cyczenia wielkanocne dla dzieci<\/p>\n<p>yyyyy<\/p>\n<p>&nbsp;<\/p>\n","protected":false},"excerpt":{"rendered":"<p>Ma\u0142y \u015apioszek Zebra Smily Play 0229 Ma\u0142y \u015apioszek Zebra to mi\u0119ciutki, s\u0142odki pluszak, kt\u00f3ry pe\u0142ni funkcj\u0119 uspokajacza. Zebra ma nosek, kt\u00f3ry \u015bwieci delikatnym \u015bwiat\u0142em i pozytywk\u0119, kt\u00f3ra gra koj\u0105ce melodie.Cechy produktu: kod produktu: 0229 wymiary opakowania: 17,5 x 26 x 14 cm kategoria wiekowa: od urodzenia zasilanie zabawki: 2 baterie AA Ma\u0142y \u015apioszek Zebra to [&hellip;]<\/p>\n","protected":false},"featured_media":9342,"comment_status":"closed","ping_status":"open","template":"","meta":[],"product_cat":[42,62],"product_tag":[580,656,579,586,628,595],"class_list":["post-9341","product","type-product","status-publish","has-post-thumbnail","hentry","product_cat-maskotki","product_cat-smily-play","product_tag-janusz","product_tag-kolorowanki-lol","product_tag-quiz-opowiesci-z-narnii-lew-czarownica-i-stara-szafa","product_tag-smieszne-zagadki","product_tag-zagadka","product_tag-zagadki-dla-6-latka"],"_links":{"self":[{"href":"http:\/\/klubmamgdynia.pl\/index.php\/wp-json\/wp\/v2\/product\/9341","targetHints":{"allow":["GET"]}}],"collection":[{"href":"http:\/\/klubmamgdynia.pl\/index.php\/wp-json\/wp\/v2\/product"}],"about":[{"href":"http:\/\/klubmamgdynia.pl\/index.php\/wp-json\/wp\/v2\/types\/product"}],"replies":[{"embeddable":true,"href":"http:\/\/klubmamgdynia.pl\/index.php\/wp-json\/wp\/v2\/comments?post=9341"}],"wp:featuredmedia":[{"embeddable":true,"href":"http:\/\/klubmamgdynia.pl\/index.php\/wp-json\/wp\/v2\/media\/9342"}],"wp:attachment":[{"href":"http:\/\/klubmamgdynia.pl\/index.php\/wp-json\/wp\/v2\/media?parent=9341"}],"wp:term":[{"taxonomy":"product_cat","embeddable":true,"href":"http:\/\/klubmamgdynia.pl\/index.php\/wp-json\/wp\/v2\/product_cat?post=9341"},{"taxonomy":"product_tag","embeddable":true,"href":"http:\/\/klubmamgdynia.pl\/index.php\/wp-json\/wp\/v2\/product_tag?post=9341"}],"curies":[{"name":"wp","href":"https:\/\/api.w.org\/{rel}","templated":true}]}}