{"id":9343,"date":"2018-10-13T05:38:43","date_gmt":"2018-10-13T03:38:43","guid":{"rendered":"http:\/\/klubmamgdynia.pl\/index.php\/produkt\/gra-planszowa-granna-bloom-town\/"},"modified":"2026-05-17T22:20:18","modified_gmt":"2026-05-17T20:20:18","slug":"gra-planszowa-granna-bloom-town","status":"publish","type":"product","link":"http:\/\/klubmamgdynia.pl\/index.php\/produkt\/gra-planszowa-granna-bloom-town\/","title":{"rendered":"Gra planszowa Granna Bloom Town"},"content":{"rendered":"<p>B\u0119d\u0105c Burmistrzem nowo powstaj\u0105cego miasta nie masz \u0142atwego zadania. To od Ciebie zale\u017cy czy powstanie wielka metropolia z drapaczami chmur, czy niewielkie urokliwe miasteczko, pe\u0142ne zieleni. Spe\u0142nij oczekiwania mieszka\u0144c\u00f3w i spraw, by zarz\u0105dzane przez Ciebie miasto uzyska\u0142o uznanie mieszka\u0144c\u00f3w.Jak gra\u0107:Wybuduj jedn\u0105 dzielnic\u0119 i zdob\u0105d\u017a punktyObserwuj pojawiaj\u0105ce si\u0119 plany budowy i potrzeby spo\u0142eczne. Zdob\u0105d\u017a najwi\u0119cej punkt\u00f3w by wygra\u0107 gr\u0119!Zawarto\u015b\u0107 gry: 65 \u017ceton\u00f3w budynk\u00f3w10 \u017ceton\u00f3w spo\u0142eczno\u015bci4 plansze miast1 plansza rynku miasta70 \u017ceton\u00f3w punkt\u00f3w4 \u017cetony bonusowe1 \u017ceton pierwszego graczaInstrukcjaG\u0142\u00f3wne cechy produktu:Producent GrannaDla dzieci od 8 roku \u017cyciaGra planszowa &#8222;Bloom Town&#8221;Liczba graczy: 2-465 \u017ceton\u00f3w budynk\u00f3w10 \u017ceton\u00f3w spo\u0142eczno\u015bci4 plansze miast1 plansza rynku miasta70 \u017ceton\u00f3w punkt\u00f3w4 \u017cetony bonusowe1 \u017ceton pierwszego graczaInstrukcjaWymiary opakowania: 25 x 25 x 5 cmWysoka jako\u015b\u0107 wykonania<\/p>\n<h2>Gra planszowa Granna Bloom Town Granna<\/h2>\n<p>jesienne piosenki dla dzieci, kolorowanki lol do druku, cytaty o rodzinie i dzieciach, miko\u0142ajek sprawdzian z lektury z odpowiedziami, w uk\u0142adzie s\u0142onecznym, pomysly na prima aprilis, pch\u0142y na noc, sabina, test z lektury opowie\u015bci z narni lew czarownica i stara szafa, kolorowanka europa, quizy o flagach, prezenty dla nastolatk\u00f3w na dzie\u0144 dziecka, najlepsze place zabaw warszawa, u\u015bmiech dziecka wiersz, quiz kajko i kokosz szko\u0142a latania, anio\u0142ki w niebie pisz\u0105, gabriel imie<\/p>\n<p>yyyyy<\/p>\n<p>&nbsp;<\/p>\n","protected":false},"excerpt":{"rendered":"<p>B\u0119d\u0105c Burmistrzem nowo powstaj\u0105cego miasta nie masz \u0142atwego zadania. To od Ciebie zale\u017cy czy powstanie wielka metropolia z drapaczami chmur, czy niewielkie urokliwe miasteczko, pe\u0142ne zieleni. Spe\u0142nij oczekiwania mieszka\u0144c\u00f3w i spraw, by zarz\u0105dzane przez Ciebie miasto uzyska\u0142o uznanie mieszka\u0144c\u00f3w.Jak gra\u0107:Wybuduj jedn\u0105 dzielnic\u0119 i zdob\u0105d\u017a punktyObserwuj pojawiaj\u0105ce si\u0119 plany budowy i potrzeby spo\u0142eczne. Zdob\u0105d\u017a najwi\u0119cej punkt\u00f3w [&hellip;]<\/p>\n","protected":false},"featured_media":9344,"comment_status":"closed","ping_status":"open","template":"","meta":[],"product_cat":[430,235],"product_tag":[596,814,636],"class_list":["post-9343","product","type-product","status-publish","has-post-thumbnail","hentry","product_cat-granna","product_cat-gry-planszowe","product_tag-pomysly-na-prima-aprilis","product_tag-prezenty-dla-nastolatek","product_tag-teksty-kolysanek"],"_links":{"self":[{"href":"http:\/\/klubmamgdynia.pl\/index.php\/wp-json\/wp\/v2\/product\/9343","targetHints":{"allow":["GET"]}}],"collection":[{"href":"http:\/\/klubmamgdynia.pl\/index.php\/wp-json\/wp\/v2\/product"}],"about":[{"href":"http:\/\/klubmamgdynia.pl\/index.php\/wp-json\/wp\/v2\/types\/product"}],"replies":[{"embeddable":true,"href":"http:\/\/klubmamgdynia.pl\/index.php\/wp-json\/wp\/v2\/comments?post=9343"}],"wp:featuredmedia":[{"embeddable":true,"href":"http:\/\/klubmamgdynia.pl\/index.php\/wp-json\/wp\/v2\/media\/9344"}],"wp:attachment":[{"href":"http:\/\/klubmamgdynia.pl\/index.php\/wp-json\/wp\/v2\/media?parent=9343"}],"wp:term":[{"taxonomy":"product_cat","embeddable":true,"href":"http:\/\/klubmamgdynia.pl\/index.php\/wp-json\/wp\/v2\/product_cat?post=9343"},{"taxonomy":"product_tag","embeddable":true,"href":"http:\/\/klubmamgdynia.pl\/index.php\/wp-json\/wp\/v2\/product_tag?post=9343"}],"curies":[{"name":"wp","href":"https:\/\/api.w.org\/{rel}","templated":true}]}}