{"id":9345,"date":"2011-07-23T15:46:15","date_gmt":"2011-07-23T13:46:15","guid":{"rendered":"http:\/\/klubmamgdynia.pl\/index.php\/produkt\/bruder-przednia-john-deere-3000-u43050\/"},"modified":"2026-04-05T23:01:57","modified_gmt":"2026-04-05T21:01:57","slug":"bruder-przednia-john-deere-3000-u43050","status":"publish","type":"product","link":"http:\/\/klubmamgdynia.pl\/index.php\/produkt\/bruder-przednia-john-deere-3000-u43050\/","title":{"rendered":"Bruder Przednia John Deere (3000) U43050"},"content":{"rendered":"<p>269- Produkt nowy- Wykonany z tworzywa sztucznego, w skali 1:16- Prosty w monta\u017cuWysoka precyzja wykonania, niezwyk\u0142a szczeg\u00f3\u0142owo\u015b\u0107 i nieprzeci\u0119tna trwa\u0142o\u015b\u0107 to znak rozpoznawczy zabawek niemieckiej marki Bruder.Prezentowana przez nas zabawka to produkt orginalny i trwa\u0142y, wykonany z wielk\u0105 starano\u015bci\u0105 i precyzj\u0105.Nasz\u0105 g\u0142\u00f3wn\u0105 zalet\u0105 jest to \u017ce nasze zabawki swoim wygl\u0105dem oraz posiadanymi funkcjami przypominaj\u0105 mniejsze wersje popularnych traktor\u00f3w oraz maszyn.Je\u015bli chcesz aby Twoje dziecko poczu\u0142o si\u0119 prawdziwy rolnik, zapraszamy do zakup\u00f3w. Dodatkowo zach\u0119camy do zapoznania si\u0119 z innymi artyku\u0142ami kt\u00f3re doskonale dope\u0142ni\u0105 nasze zabawki.50.99BRUDER00.0000000.0000000.00000040017024305041992-43050<\/p>\n<h2>Bruder Przednia John Deere (3000) U43050 Bruder<\/h2>\n<p>kolorowanki uk\u0142ad s\u0142oneczny, parasol szablon do wydruku, \u0142atwe ale podchwytliwe zagadki, god\u0142o polski do druku, zagadki dla dzieci 6-7 lat online, miastodzieci, lato lato lato czeka tekst, szlaczki do druku, dzie\u0144 pluszowego misia 2021, cukierku ty \u0142obuzie test, kolorowe ciasto<\/p>\n<p>yyyyy<\/p>\n<p>&nbsp;<\/p>\n","protected":false},"excerpt":{"rendered":"<p>269- Produkt nowy- Wykonany z tworzywa sztucznego, w skali 1:16- Prosty w monta\u017cuWysoka precyzja wykonania, niezwyk\u0142a szczeg\u00f3\u0142owo\u015b\u0107 i nieprzeci\u0119tna trwa\u0142o\u015b\u0107 to znak rozpoznawczy zabawek niemieckiej marki Bruder.Prezentowana przez nas zabawka to produkt orginalny i trwa\u0142y, wykonany z wielk\u0105 starano\u015bci\u0105 i precyzj\u0105.Nasz\u0105 g\u0142\u00f3wn\u0105 zalet\u0105 jest to \u017ce nasze zabawki swoim wygl\u0105dem oraz posiadanymi funkcjami przypominaj\u0105 mniejsze [&hellip;]<\/p>\n","protected":false},"featured_media":9346,"comment_status":"closed","ping_status":"open","template":"","meta":[],"product_cat":[83,1076],"product_tag":[784,753,723,774,822,597],"class_list":["post-9345","product","type-product","status-publish","has-post-thumbnail","hentry","product_cat-auta-i-inne-pojazdy-do-zabawy","product_cat-bruder","product_tag-hymn-gorniczy","product_tag-kamila","product_tag-krotkie-bajki-do-czytania-na-dobranoc","product_tag-prezent-na-roczek-nie-zabawka","product_tag-wierszyki-o-wakacjach-krotkie","product_tag-zagadki-o-zimie"],"_links":{"self":[{"href":"http:\/\/klubmamgdynia.pl\/index.php\/wp-json\/wp\/v2\/product\/9345","targetHints":{"allow":["GET"]}}],"collection":[{"href":"http:\/\/klubmamgdynia.pl\/index.php\/wp-json\/wp\/v2\/product"}],"about":[{"href":"http:\/\/klubmamgdynia.pl\/index.php\/wp-json\/wp\/v2\/types\/product"}],"replies":[{"embeddable":true,"href":"http:\/\/klubmamgdynia.pl\/index.php\/wp-json\/wp\/v2\/comments?post=9345"}],"wp:featuredmedia":[{"embeddable":true,"href":"http:\/\/klubmamgdynia.pl\/index.php\/wp-json\/wp\/v2\/media\/9346"}],"wp:attachment":[{"href":"http:\/\/klubmamgdynia.pl\/index.php\/wp-json\/wp\/v2\/media?parent=9345"}],"wp:term":[{"taxonomy":"product_cat","embeddable":true,"href":"http:\/\/klubmamgdynia.pl\/index.php\/wp-json\/wp\/v2\/product_cat?post=9345"},{"taxonomy":"product_tag","embeddable":true,"href":"http:\/\/klubmamgdynia.pl\/index.php\/wp-json\/wp\/v2\/product_tag?post=9345"}],"curies":[{"name":"wp","href":"https:\/\/api.w.org\/{rel}","templated":true}]}}