{"id":9349,"date":"2018-01-13T08:43:59","date_gmt":"2018-01-13T07:43:59","guid":{"rendered":"http:\/\/klubmamgdynia.pl\/index.php\/produkt\/johnsonjohnson-johnsons-baby-gold-szampon-refill-1000ml\/"},"modified":"2026-04-30T08:54:43","modified_gmt":"2026-04-30T06:54:43","slug":"johnsonjohnson-johnsons-baby-gold-szampon-refill-1000ml","status":"publish","type":"product","link":"http:\/\/klubmamgdynia.pl\/index.php\/produkt\/johnsonjohnson-johnsons-baby-gold-szampon-refill-1000ml\/","title":{"rendered":"Johnson&amp;Johnson Johnson&#8217;S Baby Gold Szampon Refill 1000Ml"},"content":{"rendered":"<p>Johnson\u2019s Baby szampon do w\u0142os\u00f3w to produkt stworzony z my\u015bl\u0105 o zachowaniu odpowiedniej codziennej piel\u0119gnacji najm\u0142odszych. Charakteryzuje si\u0119 on formu\u0142\u0105 no more tears, kt\u00f3ra zapewnia, \u017ce produkt w sk\u0142adzie jest czysty, \u0142agodny i delikatny dla sk\u00f3ry dzieci. Szampon \u0142agodnie oczyszcza sk\u00f3r\u0119 g\u0142owy uwalniaj\u0105c j\u0105 od wszelkich zanieczyszcze\u0144, a ponadto poprawiaj\u0105c kondycj\u0119 wygl\u0105du w\u0142os\u00f3w. Zastosowana formu\u0142a zosta\u0142a opracowana w celu zminimalizoania ryzyka wyst\u0105pienia alergii. Produkt przeznaczony do u\u017cytku zewn\u0119trznego. Teraz dost\u0119pny w ekologicznym opakowaniu uzupe\u0142niaj\u0105cym o pojemno\u015bci 1L, kt\u00f3re generuje 90% mniej plastiku vs 2 butelki 500ml. sk\u0142ad: Aqua, Cocamidopropyl Betaine, Decyl Glucoside, Sodium Cocoyl Isethionate, Polyquaternium-10, Coconut Acid, Glycerin, Sodium Methyl Cocoyl Taurate, PEG-80 Sorbitan Laurate, PEG-150 Distearate, Sodium Chloride, Disodium EDTA, Citric Acid, BHT, Sodium Benzoate, Parfum.<\/p>\n<h2>Johnson&amp;Johnson JohnsonS Baby Gold Szampon Refill 1000Ml Johnson&amp;Johnson<\/h2>\n<p>zagadki o wielkanocy, quizy o skokach narciarskich, quizy hobbit, \u015bwinka peppa kolorowanka, kolorowanki do druku kotki, karaluchy pod poduchy a szczypawki, eksperyment dla dzieci wulkan, bajki do czytania dla dzieci, aurora imi\u0119, kira, ozdoby wielkanocne kt\u00f3re mog\u0105 zrobi\u0107 dzieci, co kupi\u0107 ch\u0142opcu na roczek, zagadki dla nastolatk\u00f3w, mateusz imi\u0119<\/p>\n<p>yyyyy<\/p>\n<p>&nbsp;<\/p>\n","protected":false},"excerpt":{"rendered":"<p>Johnson\u2019s Baby szampon do w\u0142os\u00f3w to produkt stworzony z my\u015bl\u0105 o zachowaniu odpowiedniej codziennej piel\u0119gnacji najm\u0142odszych. Charakteryzuje si\u0119 on formu\u0142\u0105 no more tears, kt\u00f3ra zapewnia, \u017ce produkt w sk\u0142adzie jest czysty, \u0142agodny i delikatny dla sk\u00f3ry dzieci. Szampon \u0142agodnie oczyszcza sk\u00f3r\u0119 g\u0142owy uwalniaj\u0105c j\u0105 od wszelkich zanieczyszcze\u0144, a ponadto poprawiaj\u0105c kondycj\u0119 wygl\u0105du w\u0142os\u00f3w. Zastosowana formu\u0142a [&hellip;]<\/p>\n","protected":false},"featured_media":9350,"comment_status":"closed","ping_status":"open","template":"","meta":[],"product_cat":[1814,474],"product_tag":[755,614,876,840],"class_list":["post-9349","product","type-product","status-publish","has-post-thumbnail","hentry","product_cat-johnsonjohnson","product_cat-kosmetyki-dla-dzieci-i-niemowlat","product_tag-henryk","product_tag-pia","product_tag-przyjazn","product_tag-stare-bajki"],"_links":{"self":[{"href":"http:\/\/klubmamgdynia.pl\/index.php\/wp-json\/wp\/v2\/product\/9349","targetHints":{"allow":["GET"]}}],"collection":[{"href":"http:\/\/klubmamgdynia.pl\/index.php\/wp-json\/wp\/v2\/product"}],"about":[{"href":"http:\/\/klubmamgdynia.pl\/index.php\/wp-json\/wp\/v2\/types\/product"}],"replies":[{"embeddable":true,"href":"http:\/\/klubmamgdynia.pl\/index.php\/wp-json\/wp\/v2\/comments?post=9349"}],"wp:featuredmedia":[{"embeddable":true,"href":"http:\/\/klubmamgdynia.pl\/index.php\/wp-json\/wp\/v2\/media\/9350"}],"wp:attachment":[{"href":"http:\/\/klubmamgdynia.pl\/index.php\/wp-json\/wp\/v2\/media?parent=9349"}],"wp:term":[{"taxonomy":"product_cat","embeddable":true,"href":"http:\/\/klubmamgdynia.pl\/index.php\/wp-json\/wp\/v2\/product_cat?post=9349"},{"taxonomy":"product_tag","embeddable":true,"href":"http:\/\/klubmamgdynia.pl\/index.php\/wp-json\/wp\/v2\/product_tag?post=9349"}],"curies":[{"name":"wp","href":"https:\/\/api.w.org\/{rel}","templated":true}]}}