{"id":9351,"date":"2021-05-13T04:47:14","date_gmt":"2021-05-13T02:47:14","guid":{"rendered":"http:\/\/klubmamgdynia.pl\/index.php\/produkt\/bella-wkladki-urologiczne-control-discreet-plus-205x42cm-8szt\/"},"modified":"2026-05-17T22:06:29","modified_gmt":"2026-05-17T20:06:29","slug":"bella-wkladki-urologiczne-control-discreet-plus-205x42cm-8szt","status":"publish","type":"product","link":"http:\/\/klubmamgdynia.pl\/index.php\/produkt\/bella-wkladki-urologiczne-control-discreet-plus-205x42cm-8szt\/","title":{"rendered":"Bella Wk\u0142adki Urologiczne Control Discreet Plus 20,5x42cm 8szt"},"content":{"rendered":"<p>Wk\u0142adki urologiczne Bella Control Discreet to wyr\u00f3b higieniczny dla aktywnych kobiet, kt\u00f3re pragn\u0105 zachowa\u0107 pe\u0142n\u0105 kontrol\u0119 nad kr\u0119puj\u0105c\u0105 przypad\u0142o\u015bci\u0105, jak\u0105 jest nietrzymanie moczu. Doskonale wch\u0142aniaj\u0105 wilgo\u0107, redukuj\u0105 intymny zapach i pozwalaj\u0105 sk\u00f3rze oddycha\u0107, co minimalizuje ryzyko wyst\u0105pienia reakcji alergicznych.Dla kogo przeznaczony jest produkt?P\u0142e\u0107:kobietaStan fizyczny:kobieta aktywna, samodzielnaRodzaj inkontynencji:inkontynencja moczowaStopie\u0144 inkontynencji i poziom ch\u0142onno\u015bci:inkontynencja: \u015bredniach\u0142onno\u015b\u0107: 6\/6W\u0142a\u015bciwo\u015bci wk\u0142adek urologicznych Bella Control Discreet PlusWi\u0119ksze poczucie sucho\u015bci &#8211; specjalna w\u0142\u00f3knina rozprowadzaj\u0105ca EDS (Extra Dry System) znajduj\u0105ca si\u0119 we wk\u0142adzie ch\u0142onnym umo\u017cliwia szybsze i dok\u0142adniejsze rozprowadzanie wilgoci wewn\u0105trz wk\u0142adu, zapewniaj\u0105c tym samym komfortowe poczucie sucho\u015bci.Zapobieganie przeciekaniu \u2013 falbanki boczne zapobiegaj\u0105 przeciekaniu wilgoci na zewn\u0105trz wk\u0142adki.Zapobieganie powstawaniu podra\u017cnie\u0144 \u2013 struktura warstwy zewn\u0119trznej wk\u0142adek umo\u017cliwia przep\u0142yw powietrza, przy jednoczesnym nie przepuszczaniu cieczy, dzi\u0119ki czemu sk\u00f3ra mo\u017ce swobodnie oddycha\u0107. Oddychalno\u015b\u0107 wyrobu sprawia, \u017ce powstaje mniej podra\u017cnie\u0144.Redukcja nieprzyjemnego zapachu &#8211; superabsorbent u\u017cyty we wk\u0142adkach, obok silnych w\u0142a\u015bciwo\u015bci ch\u0142onnych, ma r\u00f3wnie\u017c w\u0142a\u015bciwo\u015bci niwelowania intymnego zapachu.Zachowanie dyskrecji i wygody \u2013 wk\u0142adki urologiczne idealnie dopasowuj\u0105 si\u0119 do cia\u0142a i s\u0105 niezauwa\u017calne przy jednoczesnym utrzymaniu bardzo dobrego poziomu ch\u0142onno\u015bci.Dyskretne saszetki &#8211; wszystkie wk\u0142adki pakowane s\u0105 w saszetki dla zachowania wi\u0119kszej dyskrecji i wygody.Dost\u0119pne rozmiary wk\u0142adek urologicznych Bella Control DiscreetCh\u0142onno\u015bci wk\u0142adek urologicznych Bella Control DiscreetBella &#8211; polska marka obecna na rynku od ponad 35 latBella to polska marka wyrob\u00f3w higienicznych przeznaczonych dla kobiet &#8211; lider na rynku \u015arodkowo-Wschodniej Europy, dynamicznie zdobywaj\u0105ca rynek Europy Zachodniej i Azji.W XIV edycji &#8222;Rankingu najcenniejszych polskich marek 2018&#8221; przygotowanym przez Rzeczpospolit\u0105, marka Bella zaj\u0119\u0142a pierwsze miejsce w kategorii kosmetyki i higiena oraz 105 miejsce w kategorii g\u0142\u00f3wnej wg. warto\u015bci. Sukces marki Bella to przede wszystkim dba\u0142o\u015b\u0107 o najwy\u017csz\u0105 jako\u015b\u0107 produkt\u00f3w, wychodzenie naprzeciw potrzebom klientek oraz otwarto\u015b\u0107 na nowoczesne rozwi\u0105zania technologiczne.<\/p>\n<h2>Bella Wk\u0142adki Urologiczne Control Discreet Plus 20,5x42cm 8szt Bella<\/h2>\n<p>historia pluszowego misia dla dzieci, bajka do czytania, kolorowanki dla dziewczynek 10 lat, laura, zabawy dla 5 latka, kuba imie, malgorzata znaczenie imienia, zagadki dla dzieci 6-7 lat online, zagadki dla dzieci 7-8 lat online, maski do druku kolorowe, zagadki dla dzieci do druku<\/p>\n<p>yyyyy<\/p>\n<p>&nbsp;<\/p>\n","protected":false},"excerpt":{"rendered":"<p>Wk\u0142adki urologiczne Bella Control Discreet to wyr\u00f3b higieniczny dla aktywnych kobiet, kt\u00f3re pragn\u0105 zachowa\u0107 pe\u0142n\u0105 kontrol\u0119 nad kr\u0119puj\u0105c\u0105 przypad\u0142o\u015bci\u0105, jak\u0105 jest nietrzymanie moczu. Doskonale wch\u0142aniaj\u0105 wilgo\u0107, redukuj\u0105 intymny zapach i pozwalaj\u0105 sk\u00f3rze oddycha\u0107, co minimalizuje ryzyko wyst\u0105pienia reakcji alergicznych.Dla kogo przeznaczony jest produkt?P\u0142e\u0107:kobietaStan fizyczny:kobieta aktywna, samodzielnaRodzaj inkontynencji:inkontynencja moczowaStopie\u0144 inkontynencji i poziom ch\u0142onno\u015bci:inkontynencja: \u015bredniach\u0142onno\u015b\u0107: 6\/6W\u0142a\u015bciwo\u015bci wk\u0142adek [&hellip;]<\/p>\n","protected":false},"featured_media":9352,"comment_status":"closed","ping_status":"open","template":"","meta":[],"product_cat":[35,1815],"product_tag":[781,618,594],"class_list":["post-9351","product","type-product","status-publish","has-post-thumbnail","hentry","product_cat-bella","product_cat-higiena-osob-starszych-i-niepelnosprawnych","product_tag-cytaty-o-wychowaniu-dzieci","product_tag-lato-lato-lato-czeka-tekst","product_tag-podchwytliwe-zagadki-dla-dzieci"],"_links":{"self":[{"href":"http:\/\/klubmamgdynia.pl\/index.php\/wp-json\/wp\/v2\/product\/9351","targetHints":{"allow":["GET"]}}],"collection":[{"href":"http:\/\/klubmamgdynia.pl\/index.php\/wp-json\/wp\/v2\/product"}],"about":[{"href":"http:\/\/klubmamgdynia.pl\/index.php\/wp-json\/wp\/v2\/types\/product"}],"replies":[{"embeddable":true,"href":"http:\/\/klubmamgdynia.pl\/index.php\/wp-json\/wp\/v2\/comments?post=9351"}],"wp:featuredmedia":[{"embeddable":true,"href":"http:\/\/klubmamgdynia.pl\/index.php\/wp-json\/wp\/v2\/media\/9352"}],"wp:attachment":[{"href":"http:\/\/klubmamgdynia.pl\/index.php\/wp-json\/wp\/v2\/media?parent=9351"}],"wp:term":[{"taxonomy":"product_cat","embeddable":true,"href":"http:\/\/klubmamgdynia.pl\/index.php\/wp-json\/wp\/v2\/product_cat?post=9351"},{"taxonomy":"product_tag","embeddable":true,"href":"http:\/\/klubmamgdynia.pl\/index.php\/wp-json\/wp\/v2\/product_tag?post=9351"}],"curies":[{"name":"wp","href":"https:\/\/api.w.org\/{rel}","templated":true}]}}