{"id":9353,"date":"2024-10-19T17:13:26","date_gmt":"2024-10-19T15:13:26","guid":{"rendered":"http:\/\/klubmamgdynia.pl\/?post_type=product&#038;p=9353"},"modified":"2026-04-30T07:49:32","modified_gmt":"2026-04-30T05:49:32","slug":"lena-norimpex-zdrapywanka-tuba-las-vegas-1006269-5326a","status":"publish","type":"product","link":"http:\/\/klubmamgdynia.pl\/index.php\/produkt\/lena-norimpex-zdrapywanka-tuba-las-vegas-1006269-5326a\/","title":{"rendered":"Lena Norimpex Zdrapywanka Tuba Las Vegas 1006269 (5326A)"},"content":{"rendered":"<p>SUPER CENA &#8211; TANIA DOSTAWA ! &#8211; norimpex Zdrapywanka tuba Las Vegas 1006269 (5326A) &#8211; PACZKOMAT, POCZTA, KURIER<\/p>\n<h2>Lena Norimpex Zdrapywanka Tuba Las Vegas 1006269 (5326A) Lena<\/h2>\n<p>kolorowanka ninjago, cytaty dla przyjaciela, prezent dla ch\u0142opca na roczek, dzie\u0144 pluszowego misia 2021, kolorowe kanapki kanapki dla dzieci, test z lektury dzieci z bullerbyn, prezent dla dziecka 1 rok, iwo imi\u0119, krotkie zagadki, nauka pisania literek do wydruku pdf, kolorowanka star wars, atrakcje do 30 km od wroc\u0142awia, kolorowanki minionki, milan znaczenie imienia, prezent dla nastolatk\u00f3w ch\u0142opc\u00f3w, postacie z bajek, gry planszowe dla m\u0142odzie\u017cy<\/p>\n<p>yyyyy<\/p>\n<p>&nbsp;<\/p>\n","protected":false},"excerpt":{"rendered":"<p>SUPER CENA &#8211; TANIA DOSTAWA ! &#8211; norimpex Zdrapywanka tuba Las Vegas 1006269 (5326A) &#8211; PACZKOMAT, POCZTA, KURIER Lena Norimpex Zdrapywanka Tuba Las Vegas 1006269 (5326A) Lena kolorowanka ninjago, cytaty dla przyjaciela, prezent dla ch\u0142opca na roczek, dzie\u0144 pluszowego misia 2021, kolorowe kanapki kanapki dla dzieci, test z lektury dzieci z bullerbyn, prezent dla dziecka [&hellip;]<\/p>\n","protected":false},"featured_media":9354,"comment_status":"closed","ping_status":"open","template":"","meta":[],"product_cat":[531,21],"product_tag":[723,814,602,586,767],"class_list":["post-9353","product","type-product","status-publish","has-post-thumbnail","hentry","product_cat-lena","product_cat-zabawki-plastyczne","product_tag-krotkie-bajki-do-czytania-na-dobranoc","product_tag-prezenty-dla-nastolatek","product_tag-quiz-o-zwierzetach-domowych","product_tag-smieszne-zagadki","product_tag-zaproszenia-urodzinowe-do-druku"],"_links":{"self":[{"href":"http:\/\/klubmamgdynia.pl\/index.php\/wp-json\/wp\/v2\/product\/9353","targetHints":{"allow":["GET"]}}],"collection":[{"href":"http:\/\/klubmamgdynia.pl\/index.php\/wp-json\/wp\/v2\/product"}],"about":[{"href":"http:\/\/klubmamgdynia.pl\/index.php\/wp-json\/wp\/v2\/types\/product"}],"replies":[{"embeddable":true,"href":"http:\/\/klubmamgdynia.pl\/index.php\/wp-json\/wp\/v2\/comments?post=9353"}],"wp:featuredmedia":[{"embeddable":true,"href":"http:\/\/klubmamgdynia.pl\/index.php\/wp-json\/wp\/v2\/media\/9354"}],"wp:attachment":[{"href":"http:\/\/klubmamgdynia.pl\/index.php\/wp-json\/wp\/v2\/media?parent=9353"}],"wp:term":[{"taxonomy":"product_cat","embeddable":true,"href":"http:\/\/klubmamgdynia.pl\/index.php\/wp-json\/wp\/v2\/product_cat?post=9353"},{"taxonomy":"product_tag","embeddable":true,"href":"http:\/\/klubmamgdynia.pl\/index.php\/wp-json\/wp\/v2\/product_tag?post=9353"}],"curies":[{"name":"wp","href":"https:\/\/api.w.org\/{rel}","templated":true}]}}