{"id":9357,"date":"2016-10-06T11:42:47","date_gmt":"2016-10-06T09:42:47","guid":{"rendered":"http:\/\/klubmamgdynia.pl\/index.php\/produkt\/verk-group-lampka-nocna-dla-dzieci-led-panda-rgb-dotyk\/"},"modified":"2026-04-30T06:51:00","modified_gmt":"2026-04-30T04:51:00","slug":"verk-group-lampka-nocna-dla-dzieci-led-panda-rgb-dotyk","status":"publish","type":"product","link":"http:\/\/klubmamgdynia.pl\/index.php\/produkt\/verk-group-lampka-nocna-dla-dzieci-led-panda-rgb-dotyk\/","title":{"rendered":"Verk Group Lampka Nocna Dla Dzieci Led Panda Rgb Dotyk"},"content":{"rendered":"<p>LAMPKA NOCNA DLA DZIECI LED SILIKONOWA RGB DOTYKOWA USB MI\u0118KKA PRZYTULANKA MI\u015a PANDA Urocza lampka nocna w kszta\u0142cie misia pandy to idealny podarunek dla ch\u0142opca i dziewczynki. Wkomponuje si\u0119 w ka\u017cdy pok\u00f3j dzieci\u0119cy, tworz\u0105c ciep\u0142y i spokojny nastr\u00f3j.Lampka zosta\u0142a wykonana z mi\u0119ciutkiego, mi\u0142ego w dotyku silikonu. Mi\u015b odporny jest na upadki i zgniecenia, dzi\u0119ki temu b\u0119dzie s\u0142u\u017cy\u0142 przez d\u0142ugi czas jako lampka oraz mi\u0119ciutka przytulanka, kt\u00f3r\u0105 mo\u017cna zabra\u0107 do \u0142\u00f3\u017cka w trakcie usypiania. Z pewno\u015bci\u0105 przyda si\u0119 dzieciom, kt\u00f3re boj\u0105 si\u0119 lub nie lubi\u0105 usypia\u0107 w ciemno\u015bci. POD\u015aWIETLENIE LAMPKI W ODCIENIACH:\u2705 Bia\u0142y\u2705 Czerwony\u2705 Zielony\u2705 Niebieski\u2705 P\u0142ynna zmiana kolor\u00f3w RGBZmiana kolor\u00f3w lampki nast\u0119puje poprzez dotyk\/ stukni\u0119cie misia.Lampk\u0119 mo\u017cna pod\u0142\u0105czy\u0107 do \u0142adowania do standardowej \u0142adowarki, do komputera b\u0105d\u017a powerbanku. Jest prosta w utrzymaniu czysto\u015bci, silikonowy pokrowiec mo\u017cna zdj\u0105c i umy\u0107 pod kranem. Produkt jest bezpieczny, nie posiada ostrych kraw\u0119dzi, silikon jest mocny, odporny na rozerwania.SPECYFIKACJA TECHNICZNA:\u2705 Kod produktu: 24078\u2705 Materia\u0142 wykonania: silikon, tworzywo sztuczne\u2705 5 odcieni kolor\u00f3w pod\u015bwietlenia\u2705 Zasilanie: wbudowany akumulator 1200mAh\u2705 Moc: 1W\u2705 Przycisk on\/off na spodzie lampki\u2705 Kabel USB\u2705 Zmiana tryb\u00f3w za pomoc\u0105 stukni\u0119cia w lampk\u0119\u2705 Mi\u0142y w dotyku, mo\u017ce s\u0142u\u017cy\u0107 jako przytulanka\u2705 Odporny na zgniecenie\u2705 Zdejmowany silikonowy pokrowiec\u2705 \u0141atwy w utrzymaniu czysto\u015bci\u2705 Kolor: bia\u0142yWYMIARY:\u2705 Wysoko\u015b\u0107 ca\u0142kowita: 12,5cm\u2705 G\u0142\u0119boko\u015b\u0107: 9,5cm\u2705 Szeroko\u015b\u0107: 9cmZESTAW ZAWIERA:\u2611\ufe0f Fabrycznie now\u0105 lampk\u0119 silikonow\u0105\u2611\ufe0f Kabel USB do zasilania\u2611\ufe0f Oryginalne opakowanie<\/p>\n<h2>Verk Group Lampka Nocna Dla Dzieci Led Panda Rgb Dotyk Verk Group<\/h2>\n<p>cytaty o dziecku, lato, na roczek, dyplomy do druku, kolorowanka spiderman, znaczenie imienia milan, testy z lektury opowie\u015bci z narni lew czarownica i stara szafa, jakie prezenty na roczek, tekst ko\u0142ysanki, dzie\u0144 pluszowego misia 2021, jaki prezent na roczek dla dziewczynki, zadania logiczne, literki do druku, quiz stolice europy, kolorowanki wakacyjne<\/p>\n<p>yyyyy<\/p>\n<p>&nbsp;<\/p>\n","protected":false},"excerpt":{"rendered":"<p>LAMPKA NOCNA DLA DZIECI LED SILIKONOWA RGB DOTYKOWA USB MI\u0118KKA PRZYTULANKA MI\u015a PANDA Urocza lampka nocna w kszta\u0142cie misia pandy to idealny podarunek dla ch\u0142opca i dziewczynki. Wkomponuje si\u0119 w ka\u017cdy pok\u00f3j dzieci\u0119cy, tworz\u0105c ciep\u0142y i spokojny nastr\u00f3j.Lampka zosta\u0142a wykonana z mi\u0119ciutkiego, mi\u0142ego w dotyku silikonu. Mi\u015b odporny jest na upadki i zgniecenia, dzi\u0119ki temu [&hellip;]<\/p>\n","protected":false},"featured_media":9358,"comment_status":"closed","ping_status":"open","template":"","meta":[],"product_cat":[138,1332],"product_tag":[734,591,659],"class_list":["post-9357","product","type-product","status-publish","has-post-thumbnail","hentry","product_cat-lampki-dzieciece","product_cat-verk-group","product_tag-milan-imie","product_tag-quiz-o-minecraft","product_tag-tupu-tup-po-sniegu-tekst"],"_links":{"self":[{"href":"http:\/\/klubmamgdynia.pl\/index.php\/wp-json\/wp\/v2\/product\/9357","targetHints":{"allow":["GET"]}}],"collection":[{"href":"http:\/\/klubmamgdynia.pl\/index.php\/wp-json\/wp\/v2\/product"}],"about":[{"href":"http:\/\/klubmamgdynia.pl\/index.php\/wp-json\/wp\/v2\/types\/product"}],"replies":[{"embeddable":true,"href":"http:\/\/klubmamgdynia.pl\/index.php\/wp-json\/wp\/v2\/comments?post=9357"}],"wp:featuredmedia":[{"embeddable":true,"href":"http:\/\/klubmamgdynia.pl\/index.php\/wp-json\/wp\/v2\/media\/9358"}],"wp:attachment":[{"href":"http:\/\/klubmamgdynia.pl\/index.php\/wp-json\/wp\/v2\/media?parent=9357"}],"wp:term":[{"taxonomy":"product_cat","embeddable":true,"href":"http:\/\/klubmamgdynia.pl\/index.php\/wp-json\/wp\/v2\/product_cat?post=9357"},{"taxonomy":"product_tag","embeddable":true,"href":"http:\/\/klubmamgdynia.pl\/index.php\/wp-json\/wp\/v2\/product_tag?post=9357"}],"curies":[{"name":"wp","href":"https:\/\/api.w.org\/{rel}","templated":true}]}}