{"id":9359,"date":"2021-03-11T06:11:33","date_gmt":"2021-03-11T05:11:33","guid":{"rendered":"http:\/\/klubmamgdynia.pl\/index.php\/produkt\/diversa-comfort-100x40-160l-2x30w-t8-zestaw-czarny\/"},"modified":"2026-05-17T22:09:36","modified_gmt":"2026-05-17T20:09:36","slug":"diversa-comfort-100x40-160l-2x30w-t8-zestaw-czarny","status":"publish","type":"product","link":"http:\/\/klubmamgdynia.pl\/index.php\/produkt\/diversa-comfort-100x40-160l-2x30w-t8-zestaw-czarny\/","title":{"rendered":"Diversa Comfort 100&#215;40 160L 2x30W T8 Zestaw Czarny"},"content":{"rendered":"<p>Szafka pod Akwarium Proste Comfort 100x40x67cm CZARNASzafka przeznaczona pod akwarium proste.Nale\u017cy przyj\u0105\u0107, \u017ce 1l wody = 1kg. Maj\u0105c t\u0119 informacj\u0119 na uwadze powinno si\u0119 bardzo rozwa\u017cnie decydowa\u0107 o tym, gdzie i na czym ustawimy akwarium. Konstrukcja i stosowane materia\u0142y pozwalaj\u0105 umieszcza\u0107 na naszych szafkach zbiorniki przekraczaj\u0105ce nawet 1000l.Wybieraj\u0105c szafki Comfort otrzymuj\u0105 Pa\u0144stwo produkt:wykonany z p\u0142yty laminowanej o grubo\u015bci 18mm,zaopatrzony w ramk\u0119 maskuj\u0105c\u0105 pod\u0142o\u017ce akwarium,doskonale komponuj\u0105cy si\u0119 z pozosta\u0142ymi elementami wyposa\u017cenia domu, dzi\u0119ki mo\u017cliwo\u015bci wyboru mi\u0119dzy 7 kolorami wyko\u0144cze\u0144,organizuj\u0105cy przestrze\u0144 za pomoc\u0105 zamykanych kontener\u00f3w, w kt\u00f3rych z \u0142atwo\u015bci\u0105 zmieszcz\u0105 si\u0119 filtr, pokarmy i wszystkie niezb\u0119dne akcesoria,wytrzyma\u0142y i prosty w monta\u017cu.Wszystkie szafki przygotowane s\u0105 do samodzielnego monta\u017cu.Szafka pod akwarium powinna si\u0119 charakteryzowa\u0107 eleganckim designem, kt\u00f3re nie tylko doskonale wsp\u00f3\u0142gra z akwarium i jego wn\u0119trzem i wsp\u00f3lnie z nimi stanowi niebanaln\u0105 ozdob\u0119 pomieszczenia.Szafki COMFORT wykonane s\u0105 z p\u0142yty drewnopodobnej o starannie sprawdzonych w\u0142a\u015bciwo\u015bciach wytrzyma\u0142o\u015bciowych. Ka\u017cdy model jest testowany zale\u017cnie od wielko\u015bci i poddawany kontrolnym obci\u0105\u017ceniom znacznie wi\u0119kszym ni\u017c spotykane w praktyce. W rezultacie jego wytrzyma\u0142o\u015b\u0107 przewy\u017csza o co najmniej kilkadziesi\u0105t procent najwy\u017csz\u0105 mo\u017cliw\u0105 mas\u0119 dopasowanego do niego zbiornika. Tym samym Klient otrzymuje pe\u0142n\u0105 gwarancj\u0119 bezpiecze\u0144stwa. Wszystkie szafki zosta\u0142y wyposa\u017cone w drzwi w kolorze korpusu.Specjalistyczna okleina p\u0142yt odznacza si\u0119 podwy\u017cszon\u0105 odporno\u015bci\u0105 dzi\u0119ki czemu szafka mo\u017ce funkcjonowa\u0107 przez d\u0142ugie lata i ci\u0105gle wygl\u0105da jak nowa. Niestraszna jej woda ani kurz. Bie\u017c\u0105ca piel\u0119gnacja ogranicza si\u0119 tylko do regularnego odkurzania powierzchni mebla.Ka\u017cdy model zaprojektowano z my\u015bl\u0105 o maksymalnej funkcjonalno\u015bci \u2013 jego wn\u0119trze jest wystarczaj\u0105co obszerne aby zmie\u015bci\u0107 w nim niewidoczne z zewn\u0105trz filtry kanistrowe, lampy UV, pompy oraz wszelki osprz\u0119t zbiornika.SZAFKA W KOLORZE CZARNYM!!!Specyfikacja:D\u0142ugo\u015b\u0107 : 100 cmSzeroko\u015b\u0107 : 40 cmWysoko\u015b\u0107 : 67 cmKszta\u0142t: Prosty &#8211; prostok\u0105tny<\/p>\n<h2>Diversa Comfort 100&#215;40 160L 2x30W T8 Zestaw Czarny Diversa<\/h2>\n<p>zabawy dla 5-6 latk\u00f3w, cicha noc po angielsku tekst, upominek dla nastolatk\u00f3w, mia imie, quiz o \u015bwi\u0119tach, co kupic na roczek, zagadki na inteligencje, bajki o ksi\u0119\u017cniczkach do czytania, co kupi\u0107 nastolatce na \u015bwi\u0119ta, hot wheels kolorowanka, pierwsze urodziny prezent na roczek dla dziewczynki, zagadki wielkanocne dla dzieci, kr\u00f3tkie zagadki matematyczne z odpowiedziami, kolorowanka europa, zagadki o dinozaurach, zagadki o przyborach szkolnych, quizy dla dzieci o zwierz\u0119tach, maska psi patrol do druku, ptak b\u0105k, ko\u0142ysanki tekst<\/p>\n<p>yyyyy<\/p>\n<p>&nbsp;<\/p>\n","protected":false},"excerpt":{"rendered":"<p>Szafka pod Akwarium Proste Comfort 100x40x67cm CZARNASzafka przeznaczona pod akwarium proste.Nale\u017cy przyj\u0105\u0107, \u017ce 1l wody = 1kg. Maj\u0105c t\u0119 informacj\u0119 na uwadze powinno si\u0119 bardzo rozwa\u017cnie decydowa\u0107 o tym, gdzie i na czym ustawimy akwarium. Konstrukcja i stosowane materia\u0142y pozwalaj\u0105 umieszcza\u0107 na naszych szafkach zbiorniki przekraczaj\u0105ce nawet 1000l.Wybieraj\u0105c szafki Comfort otrzymuj\u0105 Pa\u0144stwo produkt:wykonany z p\u0142yty [&hellip;]<\/p>\n","protected":false},"featured_media":9360,"comment_status":"closed","ping_status":"open","template":"","meta":[],"product_cat":[1030,1816],"product_tag":[629,606,641,724,694],"class_list":["post-9359","product","type-product","status-publish","has-post-thumbnail","hentry","product_cat-akwaria-i-zestawy-akwarystyczne","product_cat-diversa","product_tag-smieszne-zagadki-z-odpowiedziami","product_tag-stala-pod-sniegiem","product_tag-trudne-zagadki-logiczne","product_tag-zagadki-podchwytliwe","product_tag-zagadki-swiateczne-dla-dzieci"],"_links":{"self":[{"href":"http:\/\/klubmamgdynia.pl\/index.php\/wp-json\/wp\/v2\/product\/9359","targetHints":{"allow":["GET"]}}],"collection":[{"href":"http:\/\/klubmamgdynia.pl\/index.php\/wp-json\/wp\/v2\/product"}],"about":[{"href":"http:\/\/klubmamgdynia.pl\/index.php\/wp-json\/wp\/v2\/types\/product"}],"replies":[{"embeddable":true,"href":"http:\/\/klubmamgdynia.pl\/index.php\/wp-json\/wp\/v2\/comments?post=9359"}],"wp:featuredmedia":[{"embeddable":true,"href":"http:\/\/klubmamgdynia.pl\/index.php\/wp-json\/wp\/v2\/media\/9360"}],"wp:attachment":[{"href":"http:\/\/klubmamgdynia.pl\/index.php\/wp-json\/wp\/v2\/media?parent=9359"}],"wp:term":[{"taxonomy":"product_cat","embeddable":true,"href":"http:\/\/klubmamgdynia.pl\/index.php\/wp-json\/wp\/v2\/product_cat?post=9359"},{"taxonomy":"product_tag","embeddable":true,"href":"http:\/\/klubmamgdynia.pl\/index.php\/wp-json\/wp\/v2\/product_tag?post=9359"}],"curies":[{"name":"wp","href":"https:\/\/api.w.org\/{rel}","templated":true}]}}