{"id":936,"date":"2015-10-01T01:54:13","date_gmt":"2015-09-30T23:54:13","guid":{"rendered":"http:\/\/klubmamgdynia.pl\/index.php\/produkt\/adar-lalka-w-ciazy-defa-lucy-476455\/"},"modified":"2026-04-30T22:00:08","modified_gmt":"2026-04-30T20:00:08","slug":"adar-lalka-w-ciazy-defa-lucy-476455","status":"publish","type":"product","link":"http:\/\/klubmamgdynia.pl\/index.php\/produkt\/adar-lalka-w-ciazy-defa-lucy-476455\/","title":{"rendered":"Adar Lalka W Ci\u0105\u017cy Defa Lucy 476455"},"content":{"rendered":"<p>Lalka Defa w ci\u0105\u017cy. Ubrana jest w kr\u00f3tk\u0105 sukienk\u0119 z akcesoriami.Wyst\u0119puje w kilku wariantach (sprzedawane oddzielnie)&#8230;.<\/p>\n<h2>Adar Lalka W Ci\u0105\u017cy Defa Lucy 476455 Adar<\/h2>\n<p>gdzie na ferie zimowe 2022, zagadki wiosenne dla dzieci, olaf znaczenie imienia, kornelia, \u017carty na prima aprilis w domu, gdzie na ferie zimowe 2022, zagadki i odpowiedzi<\/p>\n<p>yyyyy<\/p>\n<p>&nbsp;<\/p>\n","protected":false},"excerpt":{"rendered":"<p>Lalka Defa w ci\u0105\u017cy. Ubrana jest w kr\u00f3tk\u0105 sukienk\u0119 z akcesoriami.Wyst\u0119puje w kilku wariantach (sprzedawane oddzielnie)&#8230;. Adar Lalka W Ci\u0105\u017cy Defa Lucy 476455 Adar gdzie na ferie zimowe 2022, zagadki wiosenne dla dzieci, olaf znaczenie imienia, kornelia, \u017carty na prima aprilis w domu, gdzie na ferie zimowe 2022, zagadki i odpowiedzi yyyyy &nbsp;<\/p>\n","protected":false},"featured_media":937,"comment_status":"closed","ping_status":"open","template":"","meta":[],"product_cat":[175,65],"product_tag":[776,582,843,762],"class_list":["post-936","product","type-product","status-publish","has-post-thumbnail","hentry","product_cat-adar","product_cat-lalki","product_tag-dobrej-nocy","product_tag-nauka-pisania-literek-do-wydruku-pdf","product_tag-smieszne-zagadki-dla-dzieci","product_tag-trudne-zagadki-dla-dzieci"],"_links":{"self":[{"href":"http:\/\/klubmamgdynia.pl\/index.php\/wp-json\/wp\/v2\/product\/936","targetHints":{"allow":["GET"]}}],"collection":[{"href":"http:\/\/klubmamgdynia.pl\/index.php\/wp-json\/wp\/v2\/product"}],"about":[{"href":"http:\/\/klubmamgdynia.pl\/index.php\/wp-json\/wp\/v2\/types\/product"}],"replies":[{"embeddable":true,"href":"http:\/\/klubmamgdynia.pl\/index.php\/wp-json\/wp\/v2\/comments?post=936"}],"wp:featuredmedia":[{"embeddable":true,"href":"http:\/\/klubmamgdynia.pl\/index.php\/wp-json\/wp\/v2\/media\/937"}],"wp:attachment":[{"href":"http:\/\/klubmamgdynia.pl\/index.php\/wp-json\/wp\/v2\/media?parent=936"}],"wp:term":[{"taxonomy":"product_cat","embeddable":true,"href":"http:\/\/klubmamgdynia.pl\/index.php\/wp-json\/wp\/v2\/product_cat?post=936"},{"taxonomy":"product_tag","embeddable":true,"href":"http:\/\/klubmamgdynia.pl\/index.php\/wp-json\/wp\/v2\/product_tag?post=936"}],"curies":[{"name":"wp","href":"https:\/\/api.w.org\/{rel}","templated":true}]}}