{"id":9363,"date":"2023-12-07T02:25:08","date_gmt":"2023-12-07T01:25:08","guid":{"rendered":"http:\/\/klubmamgdynia.pl\/?post_type=product&#038;p=9363"},"modified":"2026-04-12T16:25:20","modified_gmt":"2026-04-12T14:25:20","slug":"spin-master-paw-patrol-film-przygoda-w-miescie-6063442-wb5","status":"publish","type":"product","link":"http:\/\/klubmamgdynia.pl\/index.php\/produkt\/spin-master-paw-patrol-film-przygoda-w-miescie-6063442-wb5\/","title":{"rendered":"Spin Master Paw Patrol Film Przygoda W Miescie 6063442 Wb5"},"content":{"rendered":"<p>SPIN Psi Patrol Movie zest z mat\u0105+autka 6063442Ten ekskluzywny zestaw do zabawy zawiera pojazdy True Metal Marshalla i Humdingera w skali 1:55, kt\u00f3rych nie znajdziesz nigdzie indziej.Dwa akcesoria do zabawy i mata Psi Patrol, kt\u00f3ra sk\u0142ada si\u0119 w schowek na zabawki!Ustaw mat\u0119 i akcesoria w dowolnym pomieszczeniu, a nast\u0119pnie u\u017cyj wyobra\u017ani, aby rozegra\u0107 swoje przygody.Zestaw zawiera:- mat\u0119 do zabawy,- pojazd Marshalla,- pojazd burmistrza Humdingera.Psi Patrol to serial animowany uwielbiany przez dzieci na ca\u0142ym \u015bwiecie. Dzielna dru\u017cyna piesk\u00f3w pod przewodnictwem ch\u0142opca &#8211; Rydera rusza na ratunek potrzebuj\u0105cym w Zatoce Przyg\u00f3d.Ka\u017cdy z siedmiu piesk\u00f3w jest inny. Marshall to stra\u017cak, Chase to pies policyjny, Zuma to specjalista od zada\u0144 w wodzie, Skye kr\u00f3luje w powietrzu, Rubble to operator koparki, a Rocky to mi\u0142o\u015bnik recyklingu.Opr\u00f3cz cech charakterystycznych, ka\u017cdy piesek posiada sw\u00f3j unikalny pojazd, ekwipunek niezb\u0119dny podczas akcji ratunkowych i odznak\u0119 s\u0142u\u017c\u0105c\u0105 do komunikowania si\u0119 z cz\u0142onkami dru\u017cyny i Ryderem.ZESTAW PRZYGODA W MIE\u015aCIE MATA + 2 AUTAWyrusz z pieskami do Adventure City na wspania\u0142\u0105 przygod\u0119! Mata do zabawy przedstawia idealnie odwzorowane, pi\u0119kne, kolorowe miasto. Super ulice s\u0105 idealne do wspania\u0142ych po\u015bcig\u00f3w i dobrej zabawy. Wyruszcie z gara\u017cu i popchnijcie pojazdy , zabieraj\u0105c je w r\u00f3\u017cne miejsca!Do\u0142\u0105czone do zestawu wyj\u0105tkowe samochodziki zapewni\u0105 mn\u00f3stwo zabawy. Marshall i burmistrz startuj\u0105 w szalonym wy\u015bcigu!Pojazdy pochodz\u0105 z serii True Metal. Mat\u0119 w \u0142atwy spos\u00f3b mo\u017cna przekszta\u0142ci\u0107 w pude\u0142ko do przechowywania z pokryw\u0105.Informacje dodatkowezabawka przeznaczona dla dzieci od 3 roku \u017cyciapojazd z serii true metal z marshallempojazd z serii true metal z burmistrzemwymiary maty: ok. 90 x 90 cm<\/p>\n<h2>Spin Master Paw Patrol Film Przygoda W Miescie 6063442 Wb5 Spin Master<\/h2>\n<p>zagadki wiosenne dla dzieci, kanapki dla dzieci, imie gaja, miasto dzieci.pl, kielich z hosti\u0105 do druku, dobranoc zimowo, samolot kolorowanka, quiz bo\u017ce narodzenie<\/p>\n<p>yyyyy<\/p>\n<p>&nbsp;<\/p>\n","protected":false},"excerpt":{"rendered":"<p>SPIN Psi Patrol Movie zest z mat\u0105+autka 6063442Ten ekskluzywny zestaw do zabawy zawiera pojazdy True Metal Marshalla i Humdingera w skali 1:55, kt\u00f3rych nie znajdziesz nigdzie indziej.Dwa akcesoria do zabawy i mata Psi Patrol, kt\u00f3ra sk\u0142ada si\u0119 w schowek na zabawki!Ustaw mat\u0119 i akcesoria w dowolnym pomieszczeniu, a nast\u0119pnie u\u017cyj wyobra\u017ani, aby rozegra\u0107 swoje przygody.Zestaw [&hellip;]<\/p>\n","protected":false},"featured_media":9364,"comment_status":"closed","ping_status":"open","template":"","meta":[],"product_cat":[482,94],"product_tag":[612,744,587,636],"class_list":["post-9363","product","type-product","status-publish","has-post-thumbnail","hentry","product_cat-gadzety","product_cat-spin-master","product_tag-kolorowanki-do-druku","product_tag-kolorowanki-swiateczne-do-wydruku","product_tag-skalne-miasto","product_tag-teksty-kolysanek"],"_links":{"self":[{"href":"http:\/\/klubmamgdynia.pl\/index.php\/wp-json\/wp\/v2\/product\/9363","targetHints":{"allow":["GET"]}}],"collection":[{"href":"http:\/\/klubmamgdynia.pl\/index.php\/wp-json\/wp\/v2\/product"}],"about":[{"href":"http:\/\/klubmamgdynia.pl\/index.php\/wp-json\/wp\/v2\/types\/product"}],"replies":[{"embeddable":true,"href":"http:\/\/klubmamgdynia.pl\/index.php\/wp-json\/wp\/v2\/comments?post=9363"}],"wp:featuredmedia":[{"embeddable":true,"href":"http:\/\/klubmamgdynia.pl\/index.php\/wp-json\/wp\/v2\/media\/9364"}],"wp:attachment":[{"href":"http:\/\/klubmamgdynia.pl\/index.php\/wp-json\/wp\/v2\/media?parent=9363"}],"wp:term":[{"taxonomy":"product_cat","embeddable":true,"href":"http:\/\/klubmamgdynia.pl\/index.php\/wp-json\/wp\/v2\/product_cat?post=9363"},{"taxonomy":"product_tag","embeddable":true,"href":"http:\/\/klubmamgdynia.pl\/index.php\/wp-json\/wp\/v2\/product_tag?post=9363"}],"curies":[{"name":"wp","href":"https:\/\/api.w.org\/{rel}","templated":true}]}}