{"id":9365,"date":"2020-02-27T04:16:33","date_gmt":"2020-02-27T03:16:33","guid":{"rendered":"http:\/\/klubmamgdynia.pl\/index.php\/produkt\/wiking-model-pojazdu-rolniczego-088403-h0-man-ciagnik-4r3\/"},"modified":"2026-04-07T13:54:13","modified_gmt":"2026-04-07T11:54:13","slug":"wiking-model-pojazdu-rolniczego-088403-h0-man-ciagnik-4r3","status":"publish","type":"product","link":"http:\/\/klubmamgdynia.pl\/index.php\/produkt\/wiking-model-pojazdu-rolniczego-088403-h0-man-ciagnik-4r3\/","title":{"rendered":"Wiking Model Pojazdu Rolniczego 088403 H0 Man Ci\u0105gnik 4R3"},"content":{"rendered":"<p>H0 MAN Ci\u0105gnik 4R3Wiking-gotowy model .Dane techniczne: Klasa wiekowa: Od 15 lat \u00b7 Model (Tabor kolejowy): Model pojazdu rolniczego \u00b7 Producent pojazdu: MAN \u00b7 Rodzaj modelu (Modelastwo kolejowe): gotowy model \u00b7 Skala modelarska: H0 \u00b7 Specyfikacja: Ci\u0105gnik 4R3Wskaz\u00f3wki: Wierny orygina\u0142owi model dla doros\u0142ych kolekcjoner\u00f3w!W przypadku nowej edycji kolor mo\u017ce si\u0119 zmieni\u0107 w stosunku do rysunku.<\/p>\n<h2>Wiking Model Pojazdu Rolniczego 088403 H0 Man Ci\u0105gnik 4R3 Wiking<\/h2>\n<p>prima aprilis pomys\u0142y, kolorowanka lego ninjago, zabawy ruchowe dla dzieci w przedszkolu, szybkie zagadki matematyczne, zagadki logiczne, opisy do zdj\u0119\u0107 z dzieckiem, prezent dla nastoletniego ch\u0142opca<\/p>\n<p>yyyyy<\/p>\n<p>&nbsp;<\/p>\n","protected":false},"excerpt":{"rendered":"<p>H0 MAN Ci\u0105gnik 4R3Wiking-gotowy model .Dane techniczne: Klasa wiekowa: Od 15 lat \u00b7 Model (Tabor kolejowy): Model pojazdu rolniczego \u00b7 Producent pojazdu: MAN \u00b7 Rodzaj modelu (Modelastwo kolejowe): gotowy model \u00b7 Skala modelarska: H0 \u00b7 Specyfikacja: Ci\u0105gnik 4R3Wskaz\u00f3wki: Wierny orygina\u0142owi model dla doros\u0142ych kolekcjoner\u00f3w!W przypadku nowej edycji kolor mo\u017ce si\u0119 zmieni\u0107 w stosunku do rysunku. [&hellip;]<\/p>\n","protected":false},"featured_media":9366,"comment_status":"closed","ping_status":"open","template":"","meta":[],"product_cat":[303,1818],"product_tag":[734,589,814],"class_list":["post-9365","product","type-product","status-publish","has-post-thumbnail","hentry","product_cat-kolekcjonerskie-modele-pojazdow","product_cat-wiking","product_tag-milan-imie","product_tag-prezent-dla-rocznego-dziecka","product_tag-prezenty-dla-nastolatek"],"_links":{"self":[{"href":"http:\/\/klubmamgdynia.pl\/index.php\/wp-json\/wp\/v2\/product\/9365","targetHints":{"allow":["GET"]}}],"collection":[{"href":"http:\/\/klubmamgdynia.pl\/index.php\/wp-json\/wp\/v2\/product"}],"about":[{"href":"http:\/\/klubmamgdynia.pl\/index.php\/wp-json\/wp\/v2\/types\/product"}],"replies":[{"embeddable":true,"href":"http:\/\/klubmamgdynia.pl\/index.php\/wp-json\/wp\/v2\/comments?post=9365"}],"wp:featuredmedia":[{"embeddable":true,"href":"http:\/\/klubmamgdynia.pl\/index.php\/wp-json\/wp\/v2\/media\/9366"}],"wp:attachment":[{"href":"http:\/\/klubmamgdynia.pl\/index.php\/wp-json\/wp\/v2\/media?parent=9365"}],"wp:term":[{"taxonomy":"product_cat","embeddable":true,"href":"http:\/\/klubmamgdynia.pl\/index.php\/wp-json\/wp\/v2\/product_cat?post=9365"},{"taxonomy":"product_tag","embeddable":true,"href":"http:\/\/klubmamgdynia.pl\/index.php\/wp-json\/wp\/v2\/product_tag?post=9365"}],"curies":[{"name":"wp","href":"https:\/\/api.w.org\/{rel}","templated":true}]}}