{"id":9367,"date":"2011-04-19T02:40:24","date_gmt":"2011-04-19T00:40:24","guid":{"rendered":"http:\/\/klubmamgdynia.pl\/index.php\/produkt\/spin-master-cyborg-duza-ruchoma-figurka-akcji-dc-comics-liga-sprawiedliwych-justice-league\/"},"modified":"2026-04-06T22:43:52","modified_gmt":"2026-04-06T20:43:52","slug":"spin-master-cyborg-duza-ruchoma-figurka-akcji-dc-comics-liga-sprawiedliwych-justice-league","status":"publish","type":"product","link":"http:\/\/klubmamgdynia.pl\/index.php\/produkt\/spin-master-cyborg-duza-ruchoma-figurka-akcji-dc-comics-liga-sprawiedliwych-justice-league\/","title":{"rendered":"Spin Master Cyborg Du\u017ca Ruchoma Figurka Akcji Dc Comics Liga Sprawiedliwych Justice League"},"content":{"rendered":"<p>Spin 6056278 DC figurka 12&#8243; Cyborg.Zabawka przeznaczona dla dzieci od 3 roku \u017cycia.<\/p>\n<h2>Spin Master Cyborg Du\u017ca Ruchoma Figurka Akcji Dc Comics Liga Sprawiedliwych Justice League Spin Master<\/h2>\n<p>celina, test z narnii lew czarownica i stara szafa, zabawy dla 7 latki, atrakcje do 30 km od wroc\u0142awia, fajne zagadki, kreatywne zabawy dla 10 latka, \u017cyczenia na lany poniedzia\u0142ek wielkanocny, motylek, proste szczere \u017cyczenia bo\u017conarodzeniowe, zagadki o zwierz\u0119tach dla dzieci, ma\u0142y ksi\u0105\u017c\u0119 &#8211; test z odpowiedziami, imiona z bajek, zabawka na roczek dla dziewczynki, prezent dla 17 latka, prank na prima aprilis, jak zrobi\u0107 samolot z papieru<\/p>\n<p>yyyyy<\/p>\n<p>&nbsp;<\/p>\n","protected":false},"excerpt":{"rendered":"<p>Spin 6056278 DC figurka 12&#8243; Cyborg.Zabawka przeznaczona dla dzieci od 3 roku \u017cycia. Spin Master Cyborg Du\u017ca Ruchoma Figurka Akcji Dc Comics Liga Sprawiedliwych Justice League Spin Master celina, test z narnii lew czarownica i stara szafa, zabawy dla 7 latki, atrakcje do 30 km od wroc\u0142awia, fajne zagadki, kreatywne zabawy dla 10 latka, \u017cyczenia [&hellip;]<\/p>\n","protected":false},"featured_media":9368,"comment_status":"closed","ping_status":"open","template":"","meta":[],"product_cat":[97,94],"product_tag":[772,867,782],"class_list":["post-9367","product","type-product","status-publish","has-post-thumbnail","hentry","product_cat-figurki-kolekcjonerskie","product_cat-spin-master","product_tag-45-panstw-europy-i-ich-stolice-quiz","product_tag-kolorowanki-dla-dziewczynek","product_tag-zagadki-dla-dzieci-z-odpowiedziami"],"_links":{"self":[{"href":"http:\/\/klubmamgdynia.pl\/index.php\/wp-json\/wp\/v2\/product\/9367","targetHints":{"allow":["GET"]}}],"collection":[{"href":"http:\/\/klubmamgdynia.pl\/index.php\/wp-json\/wp\/v2\/product"}],"about":[{"href":"http:\/\/klubmamgdynia.pl\/index.php\/wp-json\/wp\/v2\/types\/product"}],"replies":[{"embeddable":true,"href":"http:\/\/klubmamgdynia.pl\/index.php\/wp-json\/wp\/v2\/comments?post=9367"}],"wp:featuredmedia":[{"embeddable":true,"href":"http:\/\/klubmamgdynia.pl\/index.php\/wp-json\/wp\/v2\/media\/9368"}],"wp:attachment":[{"href":"http:\/\/klubmamgdynia.pl\/index.php\/wp-json\/wp\/v2\/media?parent=9367"}],"wp:term":[{"taxonomy":"product_cat","embeddable":true,"href":"http:\/\/klubmamgdynia.pl\/index.php\/wp-json\/wp\/v2\/product_cat?post=9367"},{"taxonomy":"product_tag","embeddable":true,"href":"http:\/\/klubmamgdynia.pl\/index.php\/wp-json\/wp\/v2\/product_tag?post=9367"}],"curies":[{"name":"wp","href":"https:\/\/api.w.org\/{rel}","templated":true}]}}